{"id":1085,"date":"2024-01-09T18:24:07","date_gmt":"2024-01-09T17:24:07","guid":{"rendered":"https:\/\/www.somme-compostelle.fr\/?page_id=1085"},"modified":"2024-04-30T08:03:09","modified_gmt":"2024-04-30T06:03:09","slug":"outil-chemin-compostelle","status":"publish","type":"page","link":"https:\/\/somme-compostelle.fr\/index.php\/outil-chemin-compostelle\/","title":{"rendered":"Les outils utiles pour le Camino"},"content":{"rendered":"\n<p class=\"has-text-align-justify\">Ici, nous vous pr\u00e9sentons quelques outils pour smartphones qui peuvent vous \u00eatre utiles sur le chemin de Compostelle. Nous avons test\u00e9 ces outils. Nous ne sommes en aucune mani\u00e8re commissionn\u00e9s sur nos recommandations. Notre seule ambition est de partager notre exp\u00e9rience de ces outils. Si vous aussi vous avez des outils que vous souhaitez partager n&#8217;h\u00e9sitez pas \u00e0 nous en faire part. <\/p>\n\n\n\n<div class=\"wp-block-media-text is-stacked-on-mobile\" style=\"grid-template-columns:15% auto\"><figure class=\"wp-block-media-text__media\"><a href=\"https:\/\/www.somme-compostelle.fr\/wp-content\/uploads\/2024\/03\/LM-FR-Sac-Pelerin-Checklist.pdf\" target=\"_blank\" rel=\"noreferrer noopener\"><img loading=\"lazy\" decoding=\"async\" width=\"833\" height=\"1023\" src=\"https:\/\/www.somme-compostelle.fr\/wp-content\/uploads\/2024\/04\/PDF_file_icon.svg_.png\" alt=\"\" class=\"wp-image-1393 size-full\" srcset=\"https:\/\/somme-compostelle.fr\/wp-content\/uploads\/2024\/04\/PDF_file_icon.svg_.png 833w, https:\/\/somme-compostelle.fr\/wp-content\/uploads\/2024\/04\/PDF_file_icon.svg_-244x300.png 244w, https:\/\/somme-compostelle.fr\/wp-content\/uploads\/2024\/04\/PDF_file_icon.svg_-122x150.png 122w, https:\/\/somme-compostelle.fr\/wp-content\/uploads\/2024\/04\/PDF_file_icon.svg_-768x943.png 768w, https:\/\/somme-compostelle.fr\/wp-content\/uploads\/2024\/04\/PDF_file_icon.svg_-600x737.png 600w\" sizes=\"auto, (max-width: 833px) 100vw, 833px\" \/><\/a><\/figure><div class=\"wp-block-media-text__content\">\n<p class=\"has-text-align-justify\"><strong><em>La check-list du sac du p\u00e8lerin<\/em><\/strong>.<\/p>\n\n\n\n<p class=\"has-text-align-justify\">Une check-list, plut\u00f4t bien faite de ce qui peut dans une sac de p\u00e8lerin. Vous verrez, avec le temps, cette checklist a tendance \u00e0 se minimaliser! Cette check-list est tir\u00e9e du site <a href=\"https:\/\/camino-santiago-de-compostela.com\/fr\/\" target=\"_blank\" rel=\"noreferrer noopener\">M<\/a><a href=\"https:\/\/camino-santiago-de-compostela.com\/fr\/\">y Compostela<\/a>.<\/p>\n<\/div><\/div>\n\n\n\n<div class=\"wp-block-media-text is-stacked-on-mobile\" style=\"grid-template-columns:15% auto\"><figure class=\"wp-block-media-text__media\"><a href=\"https:\/\/wisepilgrim.com\/\" target=\"_blank\" rel=\"noreferrer noopener\"><img loading=\"lazy\" decoding=\"async\" width=\"225\" height=\"225\" src=\"https:\/\/www.somme-compostelle.fr\/wp-content\/uploads\/2024\/01\/wise.jpg\" alt=\"Outil chemin Compostelle  Wise Pilgrim\" class=\"wp-image-1086 size-full\" srcset=\"https:\/\/somme-compostelle.fr\/wp-content\/uploads\/2024\/01\/wise.jpg 225w, https:\/\/somme-compostelle.fr\/wp-content\/uploads\/2024\/01\/wise-150x150.jpg 150w, https:\/\/somme-compostelle.fr\/wp-content\/uploads\/2024\/01\/wise-100x100.jpg 100w\" sizes=\"auto, (max-width: 225px) 100vw, 225px\" \/><\/a><\/figure><div class=\"wp-block-media-text__content\">\n<p class=\"has-text-align-justify\"><strong><em>Wise Pilgrim<\/em><\/strong>. <\/p>\n\n\n\n<p class=\"has-text-align-justify\">Peut-\u00eatre l&#8217;application la plus aboutie. Vous y trouverez tout ce que vous pouvez souhaiter. Les cartes, les adresses des h\u00e9bergements, les facilit\u00e9s et commerces dans les villages travers\u00e9s. Bref une mine de renseignements avec en plus la possibilit\u00e9 de contacter les h\u00e9bergements directement via WhatsApp ce qui fonctionne redoutablement bien en Espagne ou au Portugal. Il existe une application (gratuite) pour chaque voie, mais \u00e0 titre personnel j&#8217;ai achet\u00e9 l&#8217;application compl\u00e8te (payante) avec tous les itin\u00e9raires.<\/p>\n\n\n\n<p class=\"has-text-align-justify\"> Attention, cette application est surtout faite pour les voies Espagnoles. La voie du puy est n\u00e9anmoins pr\u00e9sente.<\/p>\n<\/div><\/div>\n\n\n\n<div class=\"wp-block-media-text is-stacked-on-mobile\" style=\"grid-template-columns:15% auto\"><figure class=\"wp-block-media-text__media\"><img loading=\"lazy\" decoding=\"async\" width=\"204\" height=\"192\" src=\"https:\/\/www.somme-compostelle.fr\/wp-content\/uploads\/2024\/02\/buenCamino.png\" alt=\"Buen Camino\" class=\"wp-image-1137 size-full\" srcset=\"https:\/\/somme-compostelle.fr\/wp-content\/uploads\/2024\/02\/buenCamino.png 204w, https:\/\/somme-compostelle.fr\/wp-content\/uploads\/2024\/02\/buenCamino-150x141.png 150w\" sizes=\"auto, (max-width: 204px) 100vw, 204px\" \/><\/figure><div class=\"wp-block-media-text__content\">\n<p class=\"has-text-align-justify\">Dans cette application, vous trouverez les guides du Chemin de Saint Jacques de Compostelle (Camino de Santiago de Compostela) du c\u00e9l\u00e8bre p\u00e8lerin et journaliste Carlos Mencos qui a conduit des dizaines de milliers de p\u00e8lerins \u00e0 Saint-Jacques-de-Compostelle. Les guides sont adapt\u00e9s \u00e0 l&#8217;appli et sont m\u00eame plus complets que leur version papier. Une application tr\u00e8s tr\u00e8s compl\u00e8te. <\/p>\n<\/div><\/div>\n\n\n\n<div class=\"wp-block-media-text is-stacked-on-mobile\" style=\"grid-template-columns:15% auto\"><figure class=\"wp-block-media-text__media\"><img loading=\"lazy\" decoding=\"async\" width=\"128\" height=\"128\" src=\"https:\/\/www.somme-compostelle.fr\/wp-content\/uploads\/2024\/01\/ninja-color-sun-128.png\" alt=\"Outil chemin Compostelle Camino Ninja\" class=\"wp-image-1087 size-full\" srcset=\"https:\/\/somme-compostelle.fr\/wp-content\/uploads\/2024\/01\/ninja-color-sun-128.png 128w, https:\/\/somme-compostelle.fr\/wp-content\/uploads\/2024\/01\/ninja-color-sun-128-100x100.png 100w\" sizes=\"auto, (max-width: 128px) 100vw, 128px\" \/><\/figure><div class=\"wp-block-media-text__content\">\n<p><em><strong>Camino Ninja<\/strong><\/em><\/p>\n\n\n\n<p class=\"has-text-align-justify\">Le nom peut faire rire, mais vous ne trouverez pas beaucoup d&#8217;applications gratuites aussi abouties. Comme Wise Pilgrim elle propose toute un foule d&#8217;informations comme les h\u00e9bergements, les distances entre les villages, les commerces,&#8230;<\/p>\n\n\n\n<p>Cette application ne propose que les voies Espagnoles et Portugaises.<\/p>\n\n\n\n<p><\/p>\n<\/div><\/div>\n\n\n\n<div class=\"wp-block-media-text is-stacked-on-mobile\" style=\"grid-template-columns:15% auto\"><figure class=\"wp-block-media-text__media\"><img loading=\"lazy\" decoding=\"async\" width=\"128\" height=\"128\" src=\"https:\/\/www.somme-compostelle.fr\/wp-content\/uploads\/2024\/01\/miammiamDodo.png\" alt=\"Outil chemin Compostelle  Miammiam Dodo\" class=\"wp-image-1088 size-full\" srcset=\"https:\/\/somme-compostelle.fr\/wp-content\/uploads\/2024\/01\/miammiamDodo.png 128w, https:\/\/somme-compostelle.fr\/wp-content\/uploads\/2024\/01\/miammiamDodo-100x100.png 100w\" sizes=\"auto, (max-width: 128px) 100vw, 128px\" \/><\/figure><div class=\"wp-block-media-text__content\">\n<p><strong><em>LE miammiamDodo<\/em><\/strong>&#8230;<\/p>\n\n\n\n<p>On ne pr\u00e9sente plus ce topo guide, v\u00e9ritable r\u00e9f\u00e9rence pour le p\u00e8lerin Fran\u00e7ais. Si vous voulez faire une voie en France, c&#8217;est tr\u00e8s certainement le guide le plus abouti. En plus il vous \u00e9vite le guide papier qui n&#8217;est pas toujours \u00e0 jour &#8230;<\/p>\n<\/div><\/div>\n\n\n\n<div class=\"wp-block-media-text is-stacked-on-mobile\" style=\"grid-template-columns:15% auto\"><figure class=\"wp-block-media-text__media\"><img loading=\"lazy\" decoding=\"async\" width=\"225\" height=\"225\" src=\"https:\/\/www.somme-compostelle.fr\/wp-content\/uploads\/2024\/01\/organique.png\" alt=\"Outil chemin Compostelle OrganicMaps\" class=\"wp-image-1089 size-full\" srcset=\"https:\/\/somme-compostelle.fr\/wp-content\/uploads\/2024\/01\/organique.png 225w, https:\/\/somme-compostelle.fr\/wp-content\/uploads\/2024\/01\/organique-150x150.png 150w, https:\/\/somme-compostelle.fr\/wp-content\/uploads\/2024\/01\/organique-100x100.png 100w\" sizes=\"auto, (max-width: 225px) 100vw, 225px\" \/><\/figure><div class=\"wp-block-media-text__content\">\n<p><strong><em>Organics Maps<\/em><\/strong>.<\/p>\n\n\n\n<p>Attention cet outil ne propose que la navigation. Je pense n\u00e9anmoins la meilleure application de cartographie (avec openRunner&#8230;). Vous devez  t\u00e9l\u00e9charger vos traces et de les suivre gr\u00e2ce \u00e0 cet outil bas\u00e9 sur openStreetMap.<\/p>\n<\/div><\/div>\n\n\n\n<div class=\"wp-block-media-text is-stacked-on-mobile\" style=\"grid-template-columns:15% auto\"><figure class=\"wp-block-media-text__media\"><img loading=\"lazy\" decoding=\"async\" width=\"208\" height=\"208\" src=\"https:\/\/www.somme-compostelle.fr\/wp-content\/uploads\/2024\/03\/gronze.png\" alt=\"https:\/\/www.gronze.com\/\" class=\"wp-image-1194 size-full\" srcset=\"https:\/\/somme-compostelle.fr\/wp-content\/uploads\/2024\/03\/gronze.png 208w, https:\/\/somme-compostelle.fr\/wp-content\/uploads\/2024\/03\/gronze-150x150.png 150w, https:\/\/somme-compostelle.fr\/wp-content\/uploads\/2024\/03\/gronze-100x100.png 100w\" sizes=\"auto, (max-width: 208px) 100vw, 208px\" \/><\/figure><div class=\"wp-block-media-text__content\">\n<p><strong><em>Gronze Maps<\/em><\/strong>.<\/p>\n\n\n\n<p class=\"has-text-align-justify\">un site en espagnol, mais tr\u00e8s bien fait avec les voies espagnoles. Vous y trouverez les traces, les adresses des gites les tarifs, la difficult\u00e9 estim\u00e9e. Bref un site extr\u00eamement riche en informations, mais en espagnol! Encore que ce ne soit pas un r\u00e9el probl\u00e8me, les informations essentielles sont parfaitement compr\u00e9hensibles.<\/p>\n<\/div><\/div>\n\n\n\n<p>Si vous avez d&#8217;autres outils utiles sur le chemin de Compostelle, n&#8217;h\u00e9sitez pas \u00e0 nous les communiquer!<\/p>\n","protected":false},"excerpt":{"rendered":"<p>Ici, nous vous pr\u00e9sentons quelques outils pour smartphones qui peuvent vous \u00eatre utiles sur le chemin de Compostelle. Nous avons test\u00e9 ces outils. Nous ne &hellip; <\/p>\n","protected":false},"author":2,"featured_media":0,"parent":0,"menu_order":0,"comment_status":"closed","ping_status":"closed","template":"","meta":{"_EventAllDay":false,"_EventTimezone":"","_EventStartDate":"","_EventEndDate":"","_EventStartDateUTC":"","_EventEndDateUTC":"","_EventShowMap":false,"_EventShowMapLink":false,"_EventURL":"","_EventCost":"","_EventCostDescription":"","_EventCurrencySymbol":"","_EventCurrencyCode":"","_EventCurrencyPosition":"","_EventDateTimeSeparator":"","_EventTimeRangeSeparator":"","_EventOrganizerID":[],"_EventVenueID":[],"_OrganizerEmail":"","_OrganizerPhone":"","_OrganizerWebsite":"","_VenueAddress":"","_VenueCity":"","_VenueCountry":"","_VenueProvince":"","_VenueState":"","_VenueZip":"","_VenuePhone":"","_VenueURL":"","_VenueStateProvince":"","_VenueLat":"","_VenueLng":"","_VenueShowMap":false,"_VenueShowMapLink":false,"footnotes":""},"class_list":["post-1085","page","type-page","status-publish","hentry"],"yoast_head":"<!-- This site is optimized with the Yoast SEO plugin v27.6 - https:\/\/yoast.com\/product\/yoast-seo-wordpress\/ -->\n<title>outils chemin compostelle<\/title>\n<meta name=\"description\" content=\"Quels outils pour parcourir le chemin de Compostelle. Nous vous proposons une liste des applications que nous avons test\u00e9es.\" \/>\n<meta name=\"robots\" content=\"index, follow, max-snippet:-1, max-image-preview:large, max-video-preview:-1\" \/>\n<link rel=\"canonical\" href=\"https:\/\/somme-compostelle.fr\/index.php\/outil-chemin-compostelle\/\" \/>\n<meta property=\"og:locale\" content=\"fr_FR\" \/>\n<meta property=\"og:type\" content=\"article\" \/>\n<meta property=\"og:title\" content=\"outils chemin compostelle\" \/>\n<meta property=\"og:description\" content=\"Quels outils pour parcourir le chemin de Compostelle. Nous vous proposons une liste des applications que nous avons test\u00e9es.\" \/>\n<meta property=\"og:url\" content=\"https:\/\/somme-compostelle.fr\/index.php\/outil-chemin-compostelle\/\" \/>\n<meta property=\"og:site_name\" content=\"Somme Compostelle\" \/>\n<meta property=\"article:publisher\" content=\"https:\/\/www.facebook.com\/sommeCompostelle\/\" \/>\n<meta property=\"article:modified_time\" content=\"2024-04-30T06:03:09+00:00\" \/>\n<meta property=\"og:image\" content=\"https:\/\/www.somme-compostelle.fr\/wp-content\/uploads\/2024\/04\/PDF_file_icon.svg_.png\" \/>\n<meta name=\"twitter:card\" content=\"summary_large_image\" \/>\n<meta name=\"twitter:label1\" content=\"Dur\u00e9e de lecture estim\u00e9e\" \/>\n\t<meta name=\"twitter:data1\" content=\"4 minutes\" \/>\n<script type=\"application\/ld+json\" class=\"yoast-schema-graph\">{\"@context\":\"https:\\\/\\\/schema.org\",\"@graph\":[{\"@type\":\"WebPage\",\"@id\":\"https:\\\/\\\/somme-compostelle.fr\\\/index.php\\\/outil-chemin-compostelle\\\/\",\"url\":\"https:\\\/\\\/somme-compostelle.fr\\\/index.php\\\/outil-chemin-compostelle\\\/\",\"name\":\"outils chemin compostelle\",\"isPartOf\":{\"@id\":\"https:\\\/\\\/somme-compostelle.fr\\\/#website\"},\"primaryImageOfPage\":{\"@id\":\"https:\\\/\\\/somme-compostelle.fr\\\/index.php\\\/outil-chemin-compostelle\\\/#primaryimage\"},\"image\":{\"@id\":\"https:\\\/\\\/somme-compostelle.fr\\\/index.php\\\/outil-chemin-compostelle\\\/#primaryimage\"},\"thumbnailUrl\":\"https:\\\/\\\/www.somme-compostelle.fr\\\/wp-content\\\/uploads\\\/2024\\\/04\\\/PDF_file_icon.svg_.png\",\"datePublished\":\"2024-01-09T17:24:07+00:00\",\"dateModified\":\"2024-04-30T06:03:09+00:00\",\"description\":\"Quels outils pour parcourir le chemin de Compostelle. Nous vous proposons une liste des applications que nous avons test\u00e9es.\",\"breadcrumb\":{\"@id\":\"https:\\\/\\\/somme-compostelle.fr\\\/index.php\\\/outil-chemin-compostelle\\\/#breadcrumb\"},\"inLanguage\":\"fr-FR\",\"potentialAction\":[{\"@type\":\"ReadAction\",\"target\":[\"https:\\\/\\\/somme-compostelle.fr\\\/index.php\\\/outil-chemin-compostelle\\\/\"]}]},{\"@type\":\"ImageObject\",\"inLanguage\":\"fr-FR\",\"@id\":\"https:\\\/\\\/somme-compostelle.fr\\\/index.php\\\/outil-chemin-compostelle\\\/#primaryimage\",\"url\":\"https:\\\/\\\/www.somme-compostelle.fr\\\/wp-content\\\/uploads\\\/2024\\\/04\\\/PDF_file_icon.svg_.png\",\"contentUrl\":\"https:\\\/\\\/www.somme-compostelle.fr\\\/wp-content\\\/uploads\\\/2024\\\/04\\\/PDF_file_icon.svg_.png\"},{\"@type\":\"BreadcrumbList\",\"@id\":\"https:\\\/\\\/somme-compostelle.fr\\\/index.php\\\/outil-chemin-compostelle\\\/#breadcrumb\",\"itemListElement\":[{\"@type\":\"ListItem\",\"position\":1,\"name\":\"Home\",\"item\":\"https:\\\/\\\/somme-compostelle.fr\\\/\"},{\"@type\":\"ListItem\",\"position\":2,\"name\":\"Les outils utiles pour le Camino\"}]},{\"@type\":\"WebSite\",\"@id\":\"https:\\\/\\\/somme-compostelle.fr\\\/#website\",\"url\":\"https:\\\/\\\/somme-compostelle.fr\\\/\",\"name\":\"Somme Compostelle\",\"description\":\"Le chemin est la destination !\",\"publisher\":{\"@id\":\"https:\\\/\\\/somme-compostelle.fr\\\/#organization\"},\"potentialAction\":[{\"@type\":\"SearchAction\",\"target\":{\"@type\":\"EntryPoint\",\"urlTemplate\":\"https:\\\/\\\/somme-compostelle.fr\\\/?s={search_term_string}\"},\"query-input\":{\"@type\":\"PropertyValueSpecification\",\"valueRequired\":true,\"valueName\":\"search_term_string\"}}],\"inLanguage\":\"fr-FR\"},{\"@type\":\"Organization\",\"@id\":\"https:\\\/\\\/somme-compostelle.fr\\\/#organization\",\"name\":\"Somme Compostelle\",\"url\":\"https:\\\/\\\/somme-compostelle.fr\\\/\",\"logo\":{\"@type\":\"ImageObject\",\"inLanguage\":\"fr-FR\",\"@id\":\"https:\\\/\\\/somme-compostelle.fr\\\/#\\\/schema\\\/logo\\\/image\\\/\",\"url\":\"\",\"contentUrl\":\"\",\"caption\":\"Somme Compostelle\"},\"image\":{\"@id\":\"https:\\\/\\\/somme-compostelle.fr\\\/#\\\/schema\\\/logo\\\/image\\\/\"},\"sameAs\":[\"https:\\\/\\\/www.facebook.com\\\/sommeCompostelle\\\/\"]}]}<\/script>\n<!-- \/ Yoast SEO plugin. -->","yoast_head_json":{"title":"outils chemin compostelle","description":"Quels outils pour parcourir le chemin de Compostelle. Nous vous proposons une liste des applications que nous avons test\u00e9es.","robots":{"index":"index","follow":"follow","max-snippet":"max-snippet:-1","max-image-preview":"max-image-preview:large","max-video-preview":"max-video-preview:-1"},"canonical":"https:\/\/somme-compostelle.fr\/index.php\/outil-chemin-compostelle\/","og_locale":"fr_FR","og_type":"article","og_title":"outils chemin compostelle","og_description":"Quels outils pour parcourir le chemin de Compostelle. Nous vous proposons une liste des applications que nous avons test\u00e9es.","og_url":"https:\/\/somme-compostelle.fr\/index.php\/outil-chemin-compostelle\/","og_site_name":"Somme Compostelle","article_publisher":"https:\/\/www.facebook.com\/sommeCompostelle\/","article_modified_time":"2024-04-30T06:03:09+00:00","og_image":[{"url":"https:\/\/www.somme-compostelle.fr\/wp-content\/uploads\/2024\/04\/PDF_file_icon.svg_.png","type":"","width":"","height":""}],"twitter_card":"summary_large_image","twitter_misc":{"Dur\u00e9e de lecture estim\u00e9e":"4 minutes"},"schema":{"@context":"https:\/\/schema.org","@graph":[{"@type":"WebPage","@id":"https:\/\/somme-compostelle.fr\/index.php\/outil-chemin-compostelle\/","url":"https:\/\/somme-compostelle.fr\/index.php\/outil-chemin-compostelle\/","name":"outils chemin compostelle","isPartOf":{"@id":"https:\/\/somme-compostelle.fr\/#website"},"primaryImageOfPage":{"@id":"https:\/\/somme-compostelle.fr\/index.php\/outil-chemin-compostelle\/#primaryimage"},"image":{"@id":"https:\/\/somme-compostelle.fr\/index.php\/outil-chemin-compostelle\/#primaryimage"},"thumbnailUrl":"https:\/\/www.somme-compostelle.fr\/wp-content\/uploads\/2024\/04\/PDF_file_icon.svg_.png","datePublished":"2024-01-09T17:24:07+00:00","dateModified":"2024-04-30T06:03:09+00:00","description":"Quels outils pour parcourir le chemin de Compostelle. Nous vous proposons une liste des applications que nous avons test\u00e9es.","breadcrumb":{"@id":"https:\/\/somme-compostelle.fr\/index.php\/outil-chemin-compostelle\/#breadcrumb"},"inLanguage":"fr-FR","potentialAction":[{"@type":"ReadAction","target":["https:\/\/somme-compostelle.fr\/index.php\/outil-chemin-compostelle\/"]}]},{"@type":"ImageObject","inLanguage":"fr-FR","@id":"https:\/\/somme-compostelle.fr\/index.php\/outil-chemin-compostelle\/#primaryimage","url":"https:\/\/www.somme-compostelle.fr\/wp-content\/uploads\/2024\/04\/PDF_file_icon.svg_.png","contentUrl":"https:\/\/www.somme-compostelle.fr\/wp-content\/uploads\/2024\/04\/PDF_file_icon.svg_.png"},{"@type":"BreadcrumbList","@id":"https:\/\/somme-compostelle.fr\/index.php\/outil-chemin-compostelle\/#breadcrumb","itemListElement":[{"@type":"ListItem","position":1,"name":"Home","item":"https:\/\/somme-compostelle.fr\/"},{"@type":"ListItem","position":2,"name":"Les outils utiles pour le Camino"}]},{"@type":"WebSite","@id":"https:\/\/somme-compostelle.fr\/#website","url":"https:\/\/somme-compostelle.fr\/","name":"Somme Compostelle","description":"Le chemin est la destination !","publisher":{"@id":"https:\/\/somme-compostelle.fr\/#organization"},"potentialAction":[{"@type":"SearchAction","target":{"@type":"EntryPoint","urlTemplate":"https:\/\/somme-compostelle.fr\/?s={search_term_string}"},"query-input":{"@type":"PropertyValueSpecification","valueRequired":true,"valueName":"search_term_string"}}],"inLanguage":"fr-FR"},{"@type":"Organization","@id":"https:\/\/somme-compostelle.fr\/#organization","name":"Somme Compostelle","url":"https:\/\/somme-compostelle.fr\/","logo":{"@type":"ImageObject","inLanguage":"fr-FR","@id":"https:\/\/somme-compostelle.fr\/#\/schema\/logo\/image\/","url":"","contentUrl":"","caption":"Somme Compostelle"},"image":{"@id":"https:\/\/somme-compostelle.fr\/#\/schema\/logo\/image\/"},"sameAs":["https:\/\/www.facebook.com\/sommeCompostelle\/"]}]}},"jetpack_likes_enabled":true,"jetpack_sharing_enabled":true,"_links":{"self":[{"href":"https:\/\/somme-compostelle.fr\/index.php\/wp-json\/wp\/v2\/pages\/1085","targetHints":{"allow":["GET"]}}],"collection":[{"href":"https:\/\/somme-compostelle.fr\/index.php\/wp-json\/wp\/v2\/pages"}],"about":[{"href":"https:\/\/somme-compostelle.fr\/index.php\/wp-json\/wp\/v2\/types\/page"}],"author":[{"embeddable":true,"href":"https:\/\/somme-compostelle.fr\/index.php\/wp-json\/wp\/v2\/users\/2"}],"replies":[{"embeddable":true,"href":"https:\/\/somme-compostelle.fr\/index.php\/wp-json\/wp\/v2\/comments?post=1085"}],"version-history":[{"count":5,"href":"https:\/\/somme-compostelle.fr\/index.php\/wp-json\/wp\/v2\/pages\/1085\/revisions"}],"predecessor-version":[{"id":1399,"href":"https:\/\/somme-compostelle.fr\/index.php\/wp-json\/wp\/v2\/pages\/1085\/revisions\/1399"}],"wp:attachment":[{"href":"https:\/\/somme-compostelle.fr\/index.php\/wp-json\/wp\/v2\/media?parent=1085"}],"curies":[{"name":"wp","href":"https:\/\/api.w.org\/{rel}","templated":true}]}}