{"id":116,"date":"2023-07-27T09:23:49","date_gmt":"2023-07-27T09:23:49","guid":{"rendered":"https:\/\/somme-compostelle.fr\/?page_id=116"},"modified":"2024-04-12T08:02:56","modified_gmt":"2024-04-12T06:02:56","slug":"itineraires-compostelle-somme","status":"publish","type":"page","link":"https:\/\/somme-compostelle.fr\/index.php\/itineraires-compostelle-somme\/","title":{"rendered":"Le chemin dans la Somme"},"content":{"rendered":"\n<h2 class=\"wp-block-heading\">Quel chemin emprunter ?<\/h2>\n\n\n\n<div class=\"wp-block-columns is-layout-flex wp-container-core-columns-is-layout-9d6595d7 wp-block-columns-is-layout-flex\">\n<div class=\"wp-block-column is-layout-flow wp-block-column-is-layout-flow\" style=\"flex-basis:33.33%\">\n<p class=\"has-text-align-justify\">Quels sont les itin\u00e9raires de Compostelle dans la Somme ? Le p\u00e8lerinage de Santiago offre plusieurs itin\u00e9raires possibles, selon les pr\u00e9f\u00e9rences et les objectifs de chacun. Il faut donc se renseigner sur les diff\u00e9rentes options avant de se lancer.<\/p>\n\n\n\n<p class=\"has-text-align-justify\">Parmi ces options, il y a la voie de Tours, que vous pouvez rejoindre par deux chemins venant du Nord. L&#8217;un passe par Paris, o\u00f9 l&#8217;on peut admirer la tour Saint-Jacques, symbole du p\u00e8lerinage. L&#8217;autre contourne Paris et passe par Mantes-la-Jolie et Chartres, deux villes riches en patrimoine religieux.<\/p>\n\n\n\n<p class=\"has-text-align-justify\">Il existe aussi la possibilit\u00e9 de prendre la voie Francigena, qui vient d&#8217;Angleterre puis qui traverse la France, la Suisse et l&#8217;Italie. Il est possible de rejoindre la  voie de V\u00e9zelay ou celle du Puy, en empruntant cette voie.<\/p>\n<\/div>\n\n\n\n<div class=\"wp-block-column is-layout-flow wp-block-column-is-layout-flow\" style=\"flex-basis:66.66%\">\n<figure class=\"wp-block-image size-full is-resized\"><img loading=\"lazy\" decoding=\"async\" width=\"780\" height=\"1024\" src=\"https:\/\/www.somme-compostelle.fr\/wp-content\/uploads\/2023\/11\/carteCheminHDF.png\" alt=\"Carte des chemins du nord\" class=\"wp-image-1019\" style=\"object-fit:cover\" srcset=\"https:\/\/somme-compostelle.fr\/wp-content\/uploads\/2023\/11\/carteCheminHDF.png 780w, https:\/\/somme-compostelle.fr\/wp-content\/uploads\/2023\/11\/carteCheminHDF-229x300.png 229w, https:\/\/somme-compostelle.fr\/wp-content\/uploads\/2023\/11\/carteCheminHDF-768x1008.png 768w, https:\/\/somme-compostelle.fr\/wp-content\/uploads\/2023\/11\/carteCheminHDF-600x788.png 600w\" sizes=\"auto, (max-width: 780px) 100vw, 780px\" \/><\/figure>\n<\/div>\n<\/div>\n\n\n\n<h2 class=\"wp-block-heading\">Le chemin qui vient du Nord<\/h2>\n\n\n\n<div class=\"wp-block-columns is-layout-flex wp-container-core-columns-is-layout-9d6595d7 wp-block-columns-is-layout-flex\">\n<div class=\"wp-block-column is-layout-flow wp-block-column-is-layout-flow\" style=\"flex-basis:50%\">\n<iframe width=\"100%\" height=\"500\" loading=\"lazy\" src=\"https:\/\/www.openrunner.com\/embed\/783678586d3378415851764f7439447979514d42386c35434f695154764b4e4e646162533662637a446e633d3a3a7948eef9fb13307ea5e8ae3252629582?unit=metric\" style=\"border: none;\"><\/iframe>\n<\/div>\n\n\n\n<div class=\"wp-block-column is-layout-flow wp-block-column-is-layout-flow\" style=\"flex-basis:33.33%\">\n<p class=\"has-text-align-justify\"><em>Les p\u00e8lerins arrivant d&#8217;Arras ont le choix de continuer leur chemin vers Compostelle, soit en passant par Beauvais ou en bifurquant vers Folleville\u00a0pour rejoindre Paris. Dans les deux cas, les trac\u00e9s rejoignent la voie de Tours. L<\/em>orsque <em>v<\/em>ous arrivez \u00e0<em> Beauvais, vous avez la possibilit\u00e9 de partir vers Mantes-la-Jolie ou vers Chantilly (non balis\u00e9 pour le moment).<\/em><\/p>\n\n\n\n<p class=\"has-text-align-justify\"><\/p>\n\n\n\n<div class=\"wp-block-buttons is-layout-flex wp-block-buttons-is-layout-flex\">\n<div class=\"wp-block-button has-custom-font-size is-style-fill has-medium-font-size\"><a class=\"wp-block-button__link has-text-color has-background wp-element-button\" href=\"https:\/\/www.openrunner.com\/route-details\/17285879\" style=\"border-radius:8px;color:#f6d900;background-color:#150192\"><strong>Trac\u00e9 sur openRunner<\/strong><\/a><\/div>\n<\/div>\n<\/div>\n<\/div>\n\n\n\n<div class=\"wp-block-columns is-layout-flex wp-container-core-columns-is-layout-9d6595d7 wp-block-columns-is-layout-flex\">\n<div class=\"wp-block-column is-layout-flow wp-block-column-is-layout-flow\">\n<p class=\"has-text-align-justify\">La trace qui permet de relier Folleville \u00e0 Compi\u00e8gne n&#8217;est pas un chemin officiel. N\u00e9anmoins c&#8217;est une trace qui a \u00e9t\u00e9 faite pour rejoindre le chemin d&#8217;Estelle qui relie St Quentin \u00e0 Paris. Ce chemin d&#8217;Estelle a \u00e9t\u00e9 r\u00e9alis\u00e9 par les <a href=\"https:\/\/casajac.org\/lassociation.html\"><strong><em>amis de Saint Jacques de Compostelle de Compi\u00e8gne<\/em><\/strong><\/a>. <\/p>\n<\/div>\n\n\n\n<div class=\"wp-block-column is-layout-flow wp-block-column-is-layout-flow\">\n<iframe width=\"100%\" height=\"500\" loading=\"lazy\" src=\"https:\/\/www.openrunner.com\/embed\/35625676576a2b6a493255535255686e6b75313154746a5366525656704149324832395872526434446b453d3a3a1d9cf6f67293773d9e174fec3889be7f?unit=metric\" style=\"border: none;\"><\/iframe>\n<\/div>\n<\/div>\n\n\n\n<div class=\"wp-block-columns is-layout-flex wp-container-core-columns-is-layout-9d6595d7 wp-block-columns-is-layout-flex\">\n<div class=\"wp-block-column is-layout-flow wp-block-column-is-layout-flow\">\n<iframe width=\"100%\" height=\"500\" loading=\"lazy\" src=\"https:\/\/www.openrunner.com\/embed\/616b4379664b4e453438477862486d43467361636752757039394a587a4c774752576c4365496c364b31553d3a3a31c920fb768d58313c8f10fc49937b6b?unit=metric\" style=\"border: none;\"><\/iframe>\n\n\n\n<div class=\"wp-block-buttons is-layout-flex wp-block-buttons-is-layout-flex\">\n<div class=\"wp-block-button has-custom-font-size is-style-fill has-medium-font-size\"><a class=\"wp-block-button__link has-text-color has-background wp-element-button\" href=\"https:\/\/www.openrunner.com\/route-details\/17496310\" style=\"border-radius:8px;color:#f6d900;background-color:#150192\" target=\"_blank\" rel=\"noreferrer noopener\"><strong>Trac\u00e9 sur openRunner<\/strong><\/a><\/div>\n<\/div>\n<\/div>\n\n\n\n<div class=\"wp-block-column is-layout-flow wp-block-column-is-layout-flow\">\n<div class=\"wp-block-group is-nowrap is-layout-flex wp-container-core-group-is-layout-ad2f72ca wp-block-group-is-layout-flex\">\n<p class=\"has-text-align-justify\">Le chemin de Compostelle qui va de Amiens \u00e0 Mantes-la-Jolie est une variante de la voie de Tours qui \u00e9vite Paris. Il suit le trac\u00e9 de l&#8217;Association des Amis du Beauvaisis vers Compostelle, qui a balis\u00e9 le parcours en 2022. Ce chemin fait environ 140 km et traverse les d\u00e9partements de la Somme, de l&#8217;Oise et des Yvelines. Il passe par des villes comme Beauvais, M\u00e9ru, Magny-en-Vexin et Limay. Il offre aux p\u00e8lerins des paysages vari\u00e9s, des monuments historiques et des lieux de culte.<\/p>\n<\/div>\n<\/div>\n<\/div>\n\n\n\n<h2 class=\"wp-block-heading\">La via Francigena<\/h2>\n\n\n\n<div class=\"wp-block-columns is-layout-flex wp-container-core-columns-is-layout-9d6595d7 wp-block-columns-is-layout-flex\">\n<div class=\"wp-block-column is-layout-flow wp-block-column-is-layout-flow\">\n<div class=\"wp-block-group is-nowrap is-layout-flex wp-container-core-group-is-layout-ad2f72ca wp-block-group-is-layout-flex\">\n<p class=\"has-text-align-justify\">La Via Francigena, \u00e9galement nomm\u00e9e \u00ab&nbsp;la voie des Francs&nbsp;\u00bb est un p\u00e9riple de 1800 km allant de Canterburry \u00e0 Rome qui \u00e9tait emprunt\u00e9 par les p\u00e8lerins du Moyen-\u00c2ge.<\/p>\n<\/div>\n\n\n\n<p class=\"has-text-align-justify\">Cet itin\u00e9raire historique et culturel offre divers paysages. En effet il parcourt, diff\u00e9rents pays (Angleterre, France, Suisse, Italie) mais aussi diff\u00e9rents d\u00e9partements. En France, la GR145 Via Francigena traverse les d\u00e9partements du Pas de Calais, de la Somme et de l\u2019Aisne (sur 396 km), de l\u2019Aube, la Marne et la Haute Marne, de la Haute Sa\u00f4ne et du Doubs.<\/p>\n\n\n\n<p class=\"has-text-align-justify\">Depuis 2004, la Via Francigena est reconnue comme Grand Itin\u00e9raire Culturel par le Conseil de l\u2019Europe et r\u00e9f\u00e9renc\u00e9 GR145.<\/p>\n<\/div>\n\n\n\n<div class=\"wp-block-column is-layout-flow wp-block-column-is-layout-flow\">\n<iframe width=\"100%\" height=\"500\" loading=\"lazy\" src=\"https:\/\/www.openrunner.com\/embed\/4a6771314b736136587248513644706c776d59476c365341474f414774362b2b497174394b7a73397139773d3a3a3adea556e72593d4df8b305af2b19d56?unit=metric\" style=\"border: none;\"><\/iframe>\n\n\n\n<div class=\"wp-block-buttons is-layout-flex wp-block-buttons-is-layout-flex\">\n<div class=\"wp-block-button has-custom-font-size is-style-fill has-medium-font-size\"><a class=\"wp-block-button__link has-text-color has-background wp-element-button\" href=\"https:\/\/www.openrunner.com\/route-details\/17502309\" style=\"border-radius:8px;color:#f6d900;background-color:#150192\" target=\"_blank\" rel=\"noreferrer noopener\"><strong>Trac\u00e9 sur openRunner<\/strong><\/a><\/div>\n<\/div>\n<\/div>\n<\/div>\n","protected":false},"excerpt":{"rendered":"<p>Quel chemin emprunter ? Quels sont les itin\u00e9raires de Compostelle dans la Somme ? Le p\u00e8lerinage de Santiago offre plusieurs itin\u00e9raires possibles, selon les pr\u00e9f\u00e9rences &hellip; <\/p>\n","protected":false},"author":1,"featured_media":0,"parent":0,"menu_order":0,"comment_status":"closed","ping_status":"closed","template":"","meta":{"_EventAllDay":false,"_EventTimezone":"","_EventStartDate":"","_EventEndDate":"","_EventStartDateUTC":"","_EventEndDateUTC":"","_EventShowMap":false,"_EventShowMapLink":false,"_EventURL":"","_EventCost":"","_EventCostDescription":"","_EventCurrencySymbol":"","_EventCurrencyCode":"","_EventCurrencyPosition":"","_EventDateTimeSeparator":"","_EventTimeRangeSeparator":"","_EventOrganizerID":[],"_EventVenueID":[],"_OrganizerEmail":"","_OrganizerPhone":"","_OrganizerWebsite":"","_VenueAddress":"","_VenueCity":"","_VenueCountry":"","_VenueProvince":"","_VenueState":"","_VenueZip":"","_VenuePhone":"","_VenueURL":"","_VenueStateProvince":"","_VenueLat":"","_VenueLng":"","_VenueShowMap":false,"_VenueShowMapLink":false,"footnotes":""},"class_list":["post-116","page","type-page","status-publish","hentry"],"yoast_head":"<!-- This site is optimized with the Yoast SEO plugin v27.6 - https:\/\/yoast.com\/product\/yoast-seo-wordpress\/ -->\n<title>itin\u00e9raires Compostelle Somme<\/title>\n<meta name=\"description\" content=\"Quels sont les itin\u00e9raires de Compostelle dans la Somme? T\u00e9l\u00e9chargez gratuitement les traces GPX, et visualisez les traces .\" \/>\n<meta name=\"robots\" content=\"index, follow, max-snippet:-1, max-image-preview:large, max-video-preview:-1\" \/>\n<link rel=\"canonical\" href=\"https:\/\/somme-compostelle.fr\/index.php\/itineraires-compostelle-somme\/\" \/>\n<meta property=\"og:locale\" content=\"fr_FR\" \/>\n<meta property=\"og:type\" content=\"article\" \/>\n<meta property=\"og:title\" content=\"itin\u00e9raires Compostelle Somme\" \/>\n<meta property=\"og:description\" content=\"Quels sont les itin\u00e9raires de Compostelle dans la Somme? T\u00e9l\u00e9chargez gratuitement les traces GPX, et visualisez les traces .\" \/>\n<meta property=\"og:url\" content=\"https:\/\/somme-compostelle.fr\/index.php\/itineraires-compostelle-somme\/\" \/>\n<meta property=\"og:site_name\" content=\"Somme Compostelle\" \/>\n<meta property=\"article:publisher\" content=\"https:\/\/www.facebook.com\/sommeCompostelle\/\" \/>\n<meta property=\"article:modified_time\" content=\"2024-04-12T06:02:56+00:00\" \/>\n<meta property=\"og:image\" content=\"https:\/\/www.somme-compostelle.fr\/wp-content\/uploads\/2023\/11\/carteCheminHDF.png\" \/>\n<meta name=\"twitter:card\" content=\"summary_large_image\" \/>\n<meta name=\"twitter:label1\" content=\"Dur\u00e9e de lecture estim\u00e9e\" \/>\n\t<meta name=\"twitter:data1\" content=\"3 minutes\" \/>\n<script type=\"application\/ld+json\" class=\"yoast-schema-graph\">{\"@context\":\"https:\\\/\\\/schema.org\",\"@graph\":[{\"@type\":\"WebPage\",\"@id\":\"https:\\\/\\\/somme-compostelle.fr\\\/index.php\\\/itineraires-compostelle-somme\\\/\",\"url\":\"https:\\\/\\\/somme-compostelle.fr\\\/index.php\\\/itineraires-compostelle-somme\\\/\",\"name\":\"itin\u00e9raires Compostelle Somme\",\"isPartOf\":{\"@id\":\"https:\\\/\\\/somme-compostelle.fr\\\/#website\"},\"primaryImageOfPage\":{\"@id\":\"https:\\\/\\\/somme-compostelle.fr\\\/index.php\\\/itineraires-compostelle-somme\\\/#primaryimage\"},\"image\":{\"@id\":\"https:\\\/\\\/somme-compostelle.fr\\\/index.php\\\/itineraires-compostelle-somme\\\/#primaryimage\"},\"thumbnailUrl\":\"https:\\\/\\\/www.somme-compostelle.fr\\\/wp-content\\\/uploads\\\/2023\\\/11\\\/carteCheminHDF.png\",\"datePublished\":\"2023-07-27T09:23:49+00:00\",\"dateModified\":\"2024-04-12T06:02:56+00:00\",\"description\":\"Quels sont les itin\u00e9raires de Compostelle dans la Somme? T\u00e9l\u00e9chargez gratuitement les traces GPX, et visualisez les traces .\",\"breadcrumb\":{\"@id\":\"https:\\\/\\\/somme-compostelle.fr\\\/index.php\\\/itineraires-compostelle-somme\\\/#breadcrumb\"},\"inLanguage\":\"fr-FR\",\"potentialAction\":[{\"@type\":\"ReadAction\",\"target\":[\"https:\\\/\\\/somme-compostelle.fr\\\/index.php\\\/itineraires-compostelle-somme\\\/\"]}]},{\"@type\":\"ImageObject\",\"inLanguage\":\"fr-FR\",\"@id\":\"https:\\\/\\\/somme-compostelle.fr\\\/index.php\\\/itineraires-compostelle-somme\\\/#primaryimage\",\"url\":\"https:\\\/\\\/www.somme-compostelle.fr\\\/wp-content\\\/uploads\\\/2023\\\/11\\\/carteCheminHDF.png\",\"contentUrl\":\"https:\\\/\\\/www.somme-compostelle.fr\\\/wp-content\\\/uploads\\\/2023\\\/11\\\/carteCheminHDF.png\"},{\"@type\":\"BreadcrumbList\",\"@id\":\"https:\\\/\\\/somme-compostelle.fr\\\/index.php\\\/itineraires-compostelle-somme\\\/#breadcrumb\",\"itemListElement\":[{\"@type\":\"ListItem\",\"position\":1,\"name\":\"Home\",\"item\":\"https:\\\/\\\/somme-compostelle.fr\\\/\"},{\"@type\":\"ListItem\",\"position\":2,\"name\":\"Le chemin dans la Somme\"}]},{\"@type\":\"WebSite\",\"@id\":\"https:\\\/\\\/somme-compostelle.fr\\\/#website\",\"url\":\"https:\\\/\\\/somme-compostelle.fr\\\/\",\"name\":\"Somme Compostelle\",\"description\":\"Le chemin est la destination !\",\"publisher\":{\"@id\":\"https:\\\/\\\/somme-compostelle.fr\\\/#organization\"},\"potentialAction\":[{\"@type\":\"SearchAction\",\"target\":{\"@type\":\"EntryPoint\",\"urlTemplate\":\"https:\\\/\\\/somme-compostelle.fr\\\/?s={search_term_string}\"},\"query-input\":{\"@type\":\"PropertyValueSpecification\",\"valueRequired\":true,\"valueName\":\"search_term_string\"}}],\"inLanguage\":\"fr-FR\"},{\"@type\":\"Organization\",\"@id\":\"https:\\\/\\\/somme-compostelle.fr\\\/#organization\",\"name\":\"Somme Compostelle\",\"url\":\"https:\\\/\\\/somme-compostelle.fr\\\/\",\"logo\":{\"@type\":\"ImageObject\",\"inLanguage\":\"fr-FR\",\"@id\":\"https:\\\/\\\/somme-compostelle.fr\\\/#\\\/schema\\\/logo\\\/image\\\/\",\"url\":\"\",\"contentUrl\":\"\",\"caption\":\"Somme Compostelle\"},\"image\":{\"@id\":\"https:\\\/\\\/somme-compostelle.fr\\\/#\\\/schema\\\/logo\\\/image\\\/\"},\"sameAs\":[\"https:\\\/\\\/www.facebook.com\\\/sommeCompostelle\\\/\"]}]}<\/script>\n<!-- \/ Yoast SEO plugin. -->","yoast_head_json":{"title":"itin\u00e9raires Compostelle Somme","description":"Quels sont les itin\u00e9raires de Compostelle dans la Somme? T\u00e9l\u00e9chargez gratuitement les traces GPX, et visualisez les traces .","robots":{"index":"index","follow":"follow","max-snippet":"max-snippet:-1","max-image-preview":"max-image-preview:large","max-video-preview":"max-video-preview:-1"},"canonical":"https:\/\/somme-compostelle.fr\/index.php\/itineraires-compostelle-somme\/","og_locale":"fr_FR","og_type":"article","og_title":"itin\u00e9raires Compostelle Somme","og_description":"Quels sont les itin\u00e9raires de Compostelle dans la Somme? T\u00e9l\u00e9chargez gratuitement les traces GPX, et visualisez les traces .","og_url":"https:\/\/somme-compostelle.fr\/index.php\/itineraires-compostelle-somme\/","og_site_name":"Somme Compostelle","article_publisher":"https:\/\/www.facebook.com\/sommeCompostelle\/","article_modified_time":"2024-04-12T06:02:56+00:00","og_image":[{"url":"https:\/\/www.somme-compostelle.fr\/wp-content\/uploads\/2023\/11\/carteCheminHDF.png","type":"","width":"","height":""}],"twitter_card":"summary_large_image","twitter_misc":{"Dur\u00e9e de lecture estim\u00e9e":"3 minutes"},"schema":{"@context":"https:\/\/schema.org","@graph":[{"@type":"WebPage","@id":"https:\/\/somme-compostelle.fr\/index.php\/itineraires-compostelle-somme\/","url":"https:\/\/somme-compostelle.fr\/index.php\/itineraires-compostelle-somme\/","name":"itin\u00e9raires Compostelle Somme","isPartOf":{"@id":"https:\/\/somme-compostelle.fr\/#website"},"primaryImageOfPage":{"@id":"https:\/\/somme-compostelle.fr\/index.php\/itineraires-compostelle-somme\/#primaryimage"},"image":{"@id":"https:\/\/somme-compostelle.fr\/index.php\/itineraires-compostelle-somme\/#primaryimage"},"thumbnailUrl":"https:\/\/www.somme-compostelle.fr\/wp-content\/uploads\/2023\/11\/carteCheminHDF.png","datePublished":"2023-07-27T09:23:49+00:00","dateModified":"2024-04-12T06:02:56+00:00","description":"Quels sont les itin\u00e9raires de Compostelle dans la Somme? T\u00e9l\u00e9chargez gratuitement les traces GPX, et visualisez les traces .","breadcrumb":{"@id":"https:\/\/somme-compostelle.fr\/index.php\/itineraires-compostelle-somme\/#breadcrumb"},"inLanguage":"fr-FR","potentialAction":[{"@type":"ReadAction","target":["https:\/\/somme-compostelle.fr\/index.php\/itineraires-compostelle-somme\/"]}]},{"@type":"ImageObject","inLanguage":"fr-FR","@id":"https:\/\/somme-compostelle.fr\/index.php\/itineraires-compostelle-somme\/#primaryimage","url":"https:\/\/www.somme-compostelle.fr\/wp-content\/uploads\/2023\/11\/carteCheminHDF.png","contentUrl":"https:\/\/www.somme-compostelle.fr\/wp-content\/uploads\/2023\/11\/carteCheminHDF.png"},{"@type":"BreadcrumbList","@id":"https:\/\/somme-compostelle.fr\/index.php\/itineraires-compostelle-somme\/#breadcrumb","itemListElement":[{"@type":"ListItem","position":1,"name":"Home","item":"https:\/\/somme-compostelle.fr\/"},{"@type":"ListItem","position":2,"name":"Le chemin dans la Somme"}]},{"@type":"WebSite","@id":"https:\/\/somme-compostelle.fr\/#website","url":"https:\/\/somme-compostelle.fr\/","name":"Somme Compostelle","description":"Le chemin est la destination !","publisher":{"@id":"https:\/\/somme-compostelle.fr\/#organization"},"potentialAction":[{"@type":"SearchAction","target":{"@type":"EntryPoint","urlTemplate":"https:\/\/somme-compostelle.fr\/?s={search_term_string}"},"query-input":{"@type":"PropertyValueSpecification","valueRequired":true,"valueName":"search_term_string"}}],"inLanguage":"fr-FR"},{"@type":"Organization","@id":"https:\/\/somme-compostelle.fr\/#organization","name":"Somme Compostelle","url":"https:\/\/somme-compostelle.fr\/","logo":{"@type":"ImageObject","inLanguage":"fr-FR","@id":"https:\/\/somme-compostelle.fr\/#\/schema\/logo\/image\/","url":"","contentUrl":"","caption":"Somme Compostelle"},"image":{"@id":"https:\/\/somme-compostelle.fr\/#\/schema\/logo\/image\/"},"sameAs":["https:\/\/www.facebook.com\/sommeCompostelle\/"]}]}},"jetpack_likes_enabled":true,"jetpack_sharing_enabled":true,"_links":{"self":[{"href":"https:\/\/somme-compostelle.fr\/index.php\/wp-json\/wp\/v2\/pages\/116","targetHints":{"allow":["GET"]}}],"collection":[{"href":"https:\/\/somme-compostelle.fr\/index.php\/wp-json\/wp\/v2\/pages"}],"about":[{"href":"https:\/\/somme-compostelle.fr\/index.php\/wp-json\/wp\/v2\/types\/page"}],"author":[{"embeddable":true,"href":"https:\/\/somme-compostelle.fr\/index.php\/wp-json\/wp\/v2\/users\/1"}],"replies":[{"embeddable":true,"href":"https:\/\/somme-compostelle.fr\/index.php\/wp-json\/wp\/v2\/comments?post=116"}],"version-history":[{"count":23,"href":"https:\/\/somme-compostelle.fr\/index.php\/wp-json\/wp\/v2\/pages\/116\/revisions"}],"predecessor-version":[{"id":1331,"href":"https:\/\/somme-compostelle.fr\/index.php\/wp-json\/wp\/v2\/pages\/116\/revisions\/1331"}],"wp:attachment":[{"href":"https:\/\/somme-compostelle.fr\/index.php\/wp-json\/wp\/v2\/media?parent=116"}],"curies":[{"name":"wp","href":"https:\/\/api.w.org\/{rel}","templated":true}]}}