{"id":202,"date":"2023-07-27T18:30:04","date_gmt":"2023-07-27T16:30:04","guid":{"rendered":"https:\/\/somme-compostelle.fr\/?page_id=202"},"modified":"2025-09-11T07:48:48","modified_gmt":"2025-09-11T05:48:48","slug":"informations-chemin-compostelle","status":"publish","type":"page","link":"https:\/\/somme-compostelle.fr\/index.php\/informations-chemin-compostelle\/","title":{"rendered":"Les infos du Camino&#8230;"},"content":{"rendered":"\n<h2 class=\"wp-block-heading\">Les informations sur le chemin de Compostelle<\/h2>\n\n\n<div class=\"wp-block-image\">\n<figure class=\"alignleft size-full is-resized\"><a href=\"https:\/\/www.chemin-compostelle.fr\/\"><img loading=\"lazy\" decoding=\"async\" width=\"292\" height=\"251\" src=\"https:\/\/somme-compostelle.fr\/wp-content\/uploads\/2023\/07\/lepere.png\" alt=\"\" class=\"wp-image-212\" style=\"width:129px;height:auto\"\/><\/a><\/figure>\n<\/div>\n\n\n<p class=\"has-text-align-justify\" style=\"text-align: justify;\">Bienvenue sur la page des lettres d&#8217;informations mensuelles sur le chemin de Compostelle ! Ces informations sont directement issues de l&#8217;excellent site <a href=\"https:\/\/www.chemin-compostelle.fr\/\" target=\"_blank\" rel=\"noreferrer noopener\">Lep\u00e8re<\/a>. Chaque mois, vous trouverez ici des informations utiles, int\u00e9ressantes et inspirantes pour pr\u00e9parer ou vivre votre p\u00e8lerinage vers Saint-Jacques-de-Compostelle. Vous d\u00e9couvrirez des conseils pratiques, des t\u00e9moignages de p\u00e8lerins, des statistiques sur les flux et les profils des marcheurs, et bien plus encore. Que vous soyez un p\u00e8lerin d\u00e9butant ou exp\u00e9riment\u00e9, ces lettres d&#8217;informations vous aideront \u00e0 enrichir votre exp\u00e9rience et \u00e0 partager votre passion avec d&#8217;autres. N&#8217;h\u00e9sitez pas \u00e0 vous abonner pour recevoir les lettres d&#8217;informations directement dans votre bo\u00eete mail : <a href=\"mailto:bulletincamino@aol.com\"><strong>bulletincamino@aol.com<\/strong><\/a>. Bonne lecture et bon chemin !<\/p>\n\n\n\n<div class=\"wp-block-buttons is-layout-flex wp-block-buttons-is-layout-flex\">\n<div class=\"wp-block-button is-style-fill\"><a class=\"wp-block-button__link has-text-color has-background has-medium-font-size has-custom-font-size wp-element-button\" href=\"https:\/\/somme-compostelle.fr\/wp-content\/uploads\/2025\/09\/camino-276-2025-09-septembre.pdf\" style=\"border-radius:8px;color:#fcbd1f;background-color:#002e7a\">Septembre 2025<\/a><\/div>\n\n\n\n<div class=\"wp-block-button is-style-fill\"><a class=\"wp-block-button__link has-text-color has-background has-medium-font-size has-custom-font-size wp-element-button\" href=\"https:\/\/somme-compostelle.fr\/wp-content\/uploads\/2025\/07\/camino-274-2025-07-juillet.pdf\" style=\"border-radius:8px;color:#fcbd1f;background-color:#002e7a\">Juillet 2025<\/a><\/div>\n\n\n\n<div class=\"wp-block-button is-style-fill\"><a class=\"wp-block-button__link has-text-color has-background has-medium-font-size has-custom-font-size wp-element-button\" href=\"https:\/\/www.somme-compostelle.fr\/wp-content\/uploads\/2025\/01\/camino-268-2025-01-janvier.pdf\" style=\"border-radius:8px;color:#fcbd1f;background-color:#002e7a\">Janvier 2025<\/a><\/div>\n\n\n\n<div class=\"wp-block-button is-style-fill\"><a class=\"wp-block-button__link has-text-color has-background has-medium-font-size has-custom-font-size wp-element-button\" href=\"https:\/\/www.somme-compostelle.fr\/wp-content\/uploads\/2024\/12\/camino-267-2024-12-decembre.pdf\" style=\"border-radius:8px;color:#fcbd1f;background-color:#002e7a\">D\u00e9cembre 2024<\/a><\/div>\n\n\n\n<div class=\"wp-block-button is-style-fill\"><a class=\"wp-block-button__link has-text-color has-background has-medium-font-size has-custom-font-size wp-element-button\" href=\"https:\/\/www.somme-compostelle.fr\/wp-content\/uploads\/2024\/11\/camino-266-2024-11-novembre.pdf\" style=\"border-radius:8px;color:#fcbd1f;background-color:#002e7a\" target=\"_blank\" rel=\"noreferrer noopener\">Novembre 2024<\/a><\/div>\n\n\n\n<div class=\"wp-block-button is-style-fill\"><a class=\"wp-block-button__link has-text-color has-background has-medium-font-size has-custom-font-size wp-element-button\" href=\"https:\/\/www.somme-compostelle.fr\/wp-content\/uploads\/2024\/10\/camino-264-265-2024-09-10-septembre-octobre.pdf\" style=\"border-radius:8px;color:#fcbd1f;background-color:#002e7a\" target=\"_blank\" rel=\"noreferrer noopener\">Septembre &#8211; Octobre 2024<\/a><\/div>\n\n\n\n<div class=\"wp-block-button is-style-fill\"><a class=\"wp-block-button__link has-text-color has-background has-medium-font-size has-custom-font-size wp-element-button\" href=\"https:\/\/www.somme-compostelle.fr\/wp-content\/uploads\/2024\/05\/camino-261-2024-05-mai.pdf\" style=\"border-radius:8px;color:#fcbd1f;background-color:#002e7a\" target=\"_blank\" rel=\"noreferrer noopener\">Mai 2024<\/a><\/div>\n\n\n\n<div class=\"wp-block-button is-style-fill\"><a class=\"wp-block-button__link has-text-color has-background has-medium-font-size has-custom-font-size wp-element-button\" href=\"https:\/\/www.somme-compostelle.fr\/wp-content\/uploads\/2024\/05\/camino-260-2024-04-avril.pdf\" style=\"border-radius:8px;color:#fcbd1f;background-color:#002e7a\" target=\"_blank\" rel=\"noreferrer noopener\">Avril 2024<\/a><\/div>\n\n\n\n<div class=\"wp-block-button is-style-fill\"><a class=\"wp-block-button__link has-text-color has-background has-medium-font-size has-custom-font-size wp-element-button\" href=\"https:\/\/www.somme-compostelle.fr\/wp-content\/uploads\/2024\/03\/camino-259-2024-03-mars.pdf\" style=\"border-radius:8px;color:#fcbd1f;background-color:#002e7a\" target=\"_blank\" rel=\"noreferrer noopener\">Mars 2024<\/a><\/div>\n\n\n\n<div class=\"wp-block-button is-style-fill\"><a class=\"wp-block-button__link has-text-color has-background has-medium-font-size has-custom-font-size wp-element-button\" href=\"https:\/\/www.somme-compostelle.fr\/wp-content\/uploads\/2024\/02\/camino-258-2024-02-fevrier.pdf\" style=\"border-radius:8px;color:#fcbd1f;background-color:#002e7a\" target=\"_blank\" rel=\"noreferrer noopener\">F\u00e9vrier 2024<\/a><\/div>\n\n\n\n<div class=\"wp-block-button is-style-fill\"><a class=\"wp-block-button__link has-text-color has-background has-medium-font-size has-custom-font-size wp-element-button\" href=\"https:\/\/www.somme-compostelle.fr\/wp-content\/uploads\/2024\/01\/camino-257-2024-01-janvier.pdf\" style=\"border-radius:8px;color:#fcbd1f;background-color:#002e7a\" target=\"_blank\" rel=\"noreferrer noopener\">Janvier 2024<\/a><\/div>\n\n\n\n<div class=\"wp-block-button is-style-fill\"><a class=\"wp-block-button__link has-text-color has-background has-medium-font-size has-custom-font-size wp-element-button\" href=\"https:\/\/www.somme-compostelle.fr\/wp-content\/uploads\/2024\/02\/camino-256-2023-12-decembre.pdf\" style=\"border-radius:8px;color:#fcbd1f;background-color:#002e7a\" target=\"_blank\" rel=\"noreferrer noopener\">D\u00e9cembre 2023<\/a><\/div>\n\n\n\n<div class=\"wp-block-button is-style-fill\"><a class=\"wp-block-button__link has-text-color has-background has-medium-font-size has-custom-font-size wp-element-button\" href=\"https:\/\/www.somme-compostelle.fr\/wp-content\/uploads\/2023\/11\/camino-255-2023-11-novembre.pdf\" style=\"border-radius:8px;color:#fcbd1f;background-color:#002e7a\">Novembre 2023<\/a><\/div>\n\n\n\n<div class=\"wp-block-button is-style-fill\"><a class=\"wp-block-button__link has-text-color has-background has-medium-font-size has-custom-font-size wp-element-button\" href=\"https:\/\/www.somme-compostelle.fr\/wp-content\/uploads\/2023\/10\/camino-254-2023-10-octobre.pdf\" style=\"border-radius:8px;color:#fcbd1f;background-color:#002e7a\">Octobre 2023<\/a><\/div>\n\n\n\n<div class=\"wp-block-button is-style-fill\"><a class=\"wp-block-button__link has-text-color has-background has-medium-font-size has-custom-font-size wp-element-button\" href=\"https:\/\/www.somme-compostelle.fr\/wp-content\/uploads\/2023\/09\/camino-253-2023-09-septembre.pdf\" style=\"border-radius:8px;color:#fcbd1f;background-color:#002e7a\">Septembre 2023<\/a><\/div>\n\n\n\n<div class=\"wp-block-button is-style-fill\"><a class=\"wp-block-button__link has-text-color has-background has-medium-font-size has-custom-font-size wp-element-button\" href=\"https:\/\/www.somme-compostelle.fr\/wp-content\/uploads\/2023\/08\/camino-252-2023-08-aout.pdf\" style=\"border-radius:8px;color:#fcbd1f;background-color:#002e7a\" target=\"_blank\" rel=\"noreferrer noopener\">Ao\u00fbt 2023<\/a><\/div>\n\n\n\n<div class=\"wp-block-button is-style-fill\"><a class=\"wp-block-button__link has-text-color has-background has-medium-font-size has-custom-font-size wp-element-button\" href=\"https:\/\/somme-compostelle.fr\/wp-content\/uploads\/2023\/07\/camino-251-2023-07-juillet-m2Wb2rXWG2S5rP00.pdf\" style=\"border-radius:8px;color:#fcbd1f;background-color:#002e7a\" target=\"_blank\" rel=\"noreferrer noopener\">Juillet 2023<\/a><\/div>\n\n\n\n<div class=\"wp-block-button is-style-fill\"><a class=\"wp-block-button__link has-text-color has-background has-medium-font-size has-custom-font-size wp-element-button\" href=\"https:\/\/somme-compostelle.fr\/wp-content\/uploads\/2023\/07\/camino-250-2023-06-juin-AGBrv1QVkqcLV0V8.pdf\" style=\"border-radius:8px;color:#fcbd1f;background-color:#002e7a\" target=\"_blank\" rel=\"noreferrer noopener\">Juin 2023<\/a><\/div>\n\n\n\n<div class=\"wp-block-button is-style-fill\"><a class=\"wp-block-button__link has-text-color has-background has-medium-font-size has-custom-font-size wp-element-button\" href=\"https:\/\/somme-compostelle.fr\/wp-content\/uploads\/2023\/07\/camino-249-2023-05-mai-A0x4rOjpxbSpxWQ7.pdf\" style=\"border-radius:8px;color:#fcbd1f;background-color:#002e7a\" target=\"_blank\" rel=\"noreferrer noopener\">Mai 2023<\/a><\/div>\n<\/div>\n\n\n\n<h2 class=\"wp-block-heading\"><em>L&#8217;enqu\u00eate annuelle des chemins.<\/em><\/h2>\n\n\n\n<p>Tous les ans, <a href=\"https:\/\/www.chemins-compostelle.com\/\" target=\"_blank\" rel=\"noreferrer noopener\">l&#8217;agence Fran\u00e7aise des chemins de Compostelle<\/a> publie une enqu\u00eate sur la fr\u00e9quentation des chemins, l&#8217;\u00e9volution du profil des p\u00e8lerins, bref une mine d&#8217;informations sur la vie des chemins.<\/p>\n\n\n\n<div data-wp-interactive=\"core\/file\" class=\"wp-block-file\"><object data-wp-bind--hidden=\"!state.hasPdfPreview\" hidden class=\"wp-block-file__embed\" data=\"https:\/\/somme-compostelle.fr\/wp-content\/uploads\/2023\/07\/synthese-etude-des-publics-2022-m6L4r7GQzjuzkRax.pdf\" type=\"application\/pdf\" style=\"width:100%;height:600px\" aria-label=\"Contenu embarqu\u00e9 synthese-etude-des-publics-2022-m6L4r7GQzjuzkRax.\"><\/object><a id=\"wp-block-file--media-cb5964af-45db-4912-8145-f0372931dacf\" href=\"https:\/\/somme-compostelle.fr\/wp-content\/uploads\/2023\/07\/synthese-etude-des-publics-2022-m6L4r7GQzjuzkRax.pdf\">synthese-etude-des-publics-2022-m6L4r7GQzjuzkRax<\/a><a href=\"https:\/\/somme-compostelle.fr\/wp-content\/uploads\/2023\/07\/synthese-etude-des-publics-2022-m6L4r7GQzjuzkRax.pdf\" class=\"wp-block-file__button wp-element-button\" download aria-describedby=\"wp-block-file--media-cb5964af-45db-4912-8145-f0372931dacf\">T\u00e9l\u00e9charger<\/a><\/div>\n","protected":false},"excerpt":{"rendered":"<p>Les informations sur le chemin de Compostelle Bienvenue sur la page des lettres d&#8217;informations mensuelles sur le chemin de Compostelle ! Ces informations sont directement &hellip; <\/p>\n","protected":false},"author":1,"featured_media":0,"parent":0,"menu_order":0,"comment_status":"closed","ping_status":"closed","template":"","meta":{"_EventAllDay":false,"_EventTimezone":"","_EventStartDate":"","_EventEndDate":"","_EventStartDateUTC":"","_EventEndDateUTC":"","_EventShowMap":false,"_EventShowMapLink":false,"_EventURL":"","_EventCost":"","_EventCostDescription":"","_EventCurrencySymbol":"","_EventCurrencyCode":"","_EventCurrencyPosition":"","_EventDateTimeSeparator":"","_EventTimeRangeSeparator":"","_EventOrganizerID":[],"_EventVenueID":[],"_OrganizerEmail":"","_OrganizerPhone":"","_OrganizerWebsite":"","_VenueAddress":"","_VenueCity":"","_VenueCountry":"","_VenueProvince":"","_VenueState":"","_VenueZip":"","_VenuePhone":"","_VenueURL":"","_VenueStateProvince":"","_VenueLat":"","_VenueLng":"","_VenueShowMap":false,"_VenueShowMapLink":false,"jetpack_post_was_ever_published":false,"footnotes":""},"class_list":["post-202","page","type-page","status-publish","hentry"],"yoast_head":"<!-- This site is optimized with the Yoast SEO plugin v27.3 - https:\/\/yoast.com\/product\/yoast-seo-wordpress\/ -->\n<title>informations chemin compostelle<\/title>\n<meta name=\"description\" content=\"informations chemin Compostelle D\u00e9couvrez la liste compl\u00e8te des bulletins Camino. Ils sont \u00e9dit\u00e9s par le guide Lep\u00e8re\" \/>\n<meta name=\"robots\" content=\"index, follow, max-snippet:-1, max-image-preview:large, max-video-preview:-1\" \/>\n<link rel=\"canonical\" href=\"https:\/\/somme-compostelle.fr\/index.php\/informations-chemin-compostelle\/\" \/>\n<meta property=\"og:locale\" content=\"fr_FR\" \/>\n<meta property=\"og:type\" content=\"article\" \/>\n<meta property=\"og:title\" content=\"informations chemin compostelle\" \/>\n<meta property=\"og:description\" content=\"informations chemin Compostelle D\u00e9couvrez la liste compl\u00e8te des bulletins Camino. Ils sont \u00e9dit\u00e9s par le guide Lep\u00e8re\" \/>\n<meta property=\"og:url\" content=\"https:\/\/somme-compostelle.fr\/index.php\/informations-chemin-compostelle\/\" \/>\n<meta property=\"og:site_name\" content=\"Somme Compostelle\" \/>\n<meta property=\"article:publisher\" content=\"https:\/\/www.facebook.com\/sommeCompostelle\/\" \/>\n<meta property=\"article:modified_time\" content=\"2025-09-11T05:48:48+00:00\" \/>\n<meta property=\"og:image\" content=\"https:\/\/somme-compostelle.fr\/wp-content\/uploads\/2023\/07\/lepere.png\" \/>\n\t<meta property=\"og:image:width\" content=\"292\" \/>\n\t<meta property=\"og:image:height\" content=\"251\" \/>\n\t<meta property=\"og:image:type\" content=\"image\/png\" \/>\n<meta name=\"twitter:card\" content=\"summary_large_image\" \/>\n<meta name=\"twitter:label1\" content=\"Dur\u00e9e de lecture estim\u00e9e\" \/>\n\t<meta name=\"twitter:data1\" content=\"2 minutes\" \/>\n<script type=\"application\/ld+json\" class=\"yoast-schema-graph\">{\"@context\":\"https:\\\/\\\/schema.org\",\"@graph\":[{\"@type\":\"WebPage\",\"@id\":\"https:\\\/\\\/somme-compostelle.fr\\\/index.php\\\/informations-chemin-compostelle\\\/\",\"url\":\"https:\\\/\\\/somme-compostelle.fr\\\/index.php\\\/informations-chemin-compostelle\\\/\",\"name\":\"informations chemin compostelle\",\"isPartOf\":{\"@id\":\"https:\\\/\\\/somme-compostelle.fr\\\/#website\"},\"primaryImageOfPage\":{\"@id\":\"https:\\\/\\\/somme-compostelle.fr\\\/index.php\\\/informations-chemin-compostelle\\\/#primaryimage\"},\"image\":{\"@id\":\"https:\\\/\\\/somme-compostelle.fr\\\/index.php\\\/informations-chemin-compostelle\\\/#primaryimage\"},\"thumbnailUrl\":\"https:\\\/\\\/somme-compostelle.fr\\\/wp-content\\\/uploads\\\/2023\\\/07\\\/lepere.png\",\"datePublished\":\"2023-07-27T16:30:04+00:00\",\"dateModified\":\"2025-09-11T05:48:48+00:00\",\"description\":\"informations chemin Compostelle D\u00e9couvrez la liste compl\u00e8te des bulletins Camino. Ils sont \u00e9dit\u00e9s par le guide Lep\u00e8re\",\"breadcrumb\":{\"@id\":\"https:\\\/\\\/somme-compostelle.fr\\\/index.php\\\/informations-chemin-compostelle\\\/#breadcrumb\"},\"inLanguage\":\"fr-FR\",\"potentialAction\":[{\"@type\":\"ReadAction\",\"target\":[\"https:\\\/\\\/somme-compostelle.fr\\\/index.php\\\/informations-chemin-compostelle\\\/\"]}]},{\"@type\":\"ImageObject\",\"inLanguage\":\"fr-FR\",\"@id\":\"https:\\\/\\\/somme-compostelle.fr\\\/index.php\\\/informations-chemin-compostelle\\\/#primaryimage\",\"url\":\"https:\\\/\\\/somme-compostelle.fr\\\/wp-content\\\/uploads\\\/2023\\\/07\\\/lepere.png\",\"contentUrl\":\"https:\\\/\\\/somme-compostelle.fr\\\/wp-content\\\/uploads\\\/2023\\\/07\\\/lepere.png\",\"width\":292,\"height\":251},{\"@type\":\"BreadcrumbList\",\"@id\":\"https:\\\/\\\/somme-compostelle.fr\\\/index.php\\\/informations-chemin-compostelle\\\/#breadcrumb\",\"itemListElement\":[{\"@type\":\"ListItem\",\"position\":1,\"name\":\"Home\",\"item\":\"https:\\\/\\\/somme-compostelle.fr\\\/\"},{\"@type\":\"ListItem\",\"position\":2,\"name\":\"Les infos du Camino&#8230;\"}]},{\"@type\":\"WebSite\",\"@id\":\"https:\\\/\\\/somme-compostelle.fr\\\/#website\",\"url\":\"https:\\\/\\\/somme-compostelle.fr\\\/\",\"name\":\"Somme Compostelle\",\"description\":\"Le chemin est la destination !\",\"publisher\":{\"@id\":\"https:\\\/\\\/somme-compostelle.fr\\\/#organization\"},\"potentialAction\":[{\"@type\":\"SearchAction\",\"target\":{\"@type\":\"EntryPoint\",\"urlTemplate\":\"https:\\\/\\\/somme-compostelle.fr\\\/?s={search_term_string}\"},\"query-input\":{\"@type\":\"PropertyValueSpecification\",\"valueRequired\":true,\"valueName\":\"search_term_string\"}}],\"inLanguage\":\"fr-FR\"},{\"@type\":\"Organization\",\"@id\":\"https:\\\/\\\/somme-compostelle.fr\\\/#organization\",\"name\":\"Somme Compostelle\",\"url\":\"https:\\\/\\\/somme-compostelle.fr\\\/\",\"logo\":{\"@type\":\"ImageObject\",\"inLanguage\":\"fr-FR\",\"@id\":\"https:\\\/\\\/somme-compostelle.fr\\\/#\\\/schema\\\/logo\\\/image\\\/\",\"url\":\"\",\"contentUrl\":\"\",\"caption\":\"Somme Compostelle\"},\"image\":{\"@id\":\"https:\\\/\\\/somme-compostelle.fr\\\/#\\\/schema\\\/logo\\\/image\\\/\"},\"sameAs\":[\"https:\\\/\\\/www.facebook.com\\\/sommeCompostelle\\\/\"]}]}<\/script>\n<!-- \/ Yoast SEO plugin. -->","yoast_head_json":{"title":"informations chemin compostelle","description":"informations chemin Compostelle D\u00e9couvrez la liste compl\u00e8te des bulletins Camino. Ils sont \u00e9dit\u00e9s par le guide Lep\u00e8re","robots":{"index":"index","follow":"follow","max-snippet":"max-snippet:-1","max-image-preview":"max-image-preview:large","max-video-preview":"max-video-preview:-1"},"canonical":"https:\/\/somme-compostelle.fr\/index.php\/informations-chemin-compostelle\/","og_locale":"fr_FR","og_type":"article","og_title":"informations chemin compostelle","og_description":"informations chemin Compostelle D\u00e9couvrez la liste compl\u00e8te des bulletins Camino. Ils sont \u00e9dit\u00e9s par le guide Lep\u00e8re","og_url":"https:\/\/somme-compostelle.fr\/index.php\/informations-chemin-compostelle\/","og_site_name":"Somme Compostelle","article_publisher":"https:\/\/www.facebook.com\/sommeCompostelle\/","article_modified_time":"2025-09-11T05:48:48+00:00","og_image":[{"width":292,"height":251,"url":"https:\/\/somme-compostelle.fr\/wp-content\/uploads\/2023\/07\/lepere.png","type":"image\/png"}],"twitter_card":"summary_large_image","twitter_misc":{"Dur\u00e9e de lecture estim\u00e9e":"2 minutes"},"schema":{"@context":"https:\/\/schema.org","@graph":[{"@type":"WebPage","@id":"https:\/\/somme-compostelle.fr\/index.php\/informations-chemin-compostelle\/","url":"https:\/\/somme-compostelle.fr\/index.php\/informations-chemin-compostelle\/","name":"informations chemin compostelle","isPartOf":{"@id":"https:\/\/somme-compostelle.fr\/#website"},"primaryImageOfPage":{"@id":"https:\/\/somme-compostelle.fr\/index.php\/informations-chemin-compostelle\/#primaryimage"},"image":{"@id":"https:\/\/somme-compostelle.fr\/index.php\/informations-chemin-compostelle\/#primaryimage"},"thumbnailUrl":"https:\/\/somme-compostelle.fr\/wp-content\/uploads\/2023\/07\/lepere.png","datePublished":"2023-07-27T16:30:04+00:00","dateModified":"2025-09-11T05:48:48+00:00","description":"informations chemin Compostelle D\u00e9couvrez la liste compl\u00e8te des bulletins Camino. Ils sont \u00e9dit\u00e9s par le guide Lep\u00e8re","breadcrumb":{"@id":"https:\/\/somme-compostelle.fr\/index.php\/informations-chemin-compostelle\/#breadcrumb"},"inLanguage":"fr-FR","potentialAction":[{"@type":"ReadAction","target":["https:\/\/somme-compostelle.fr\/index.php\/informations-chemin-compostelle\/"]}]},{"@type":"ImageObject","inLanguage":"fr-FR","@id":"https:\/\/somme-compostelle.fr\/index.php\/informations-chemin-compostelle\/#primaryimage","url":"https:\/\/somme-compostelle.fr\/wp-content\/uploads\/2023\/07\/lepere.png","contentUrl":"https:\/\/somme-compostelle.fr\/wp-content\/uploads\/2023\/07\/lepere.png","width":292,"height":251},{"@type":"BreadcrumbList","@id":"https:\/\/somme-compostelle.fr\/index.php\/informations-chemin-compostelle\/#breadcrumb","itemListElement":[{"@type":"ListItem","position":1,"name":"Home","item":"https:\/\/somme-compostelle.fr\/"},{"@type":"ListItem","position":2,"name":"Les infos du Camino&#8230;"}]},{"@type":"WebSite","@id":"https:\/\/somme-compostelle.fr\/#website","url":"https:\/\/somme-compostelle.fr\/","name":"Somme Compostelle","description":"Le chemin est la destination !","publisher":{"@id":"https:\/\/somme-compostelle.fr\/#organization"},"potentialAction":[{"@type":"SearchAction","target":{"@type":"EntryPoint","urlTemplate":"https:\/\/somme-compostelle.fr\/?s={search_term_string}"},"query-input":{"@type":"PropertyValueSpecification","valueRequired":true,"valueName":"search_term_string"}}],"inLanguage":"fr-FR"},{"@type":"Organization","@id":"https:\/\/somme-compostelle.fr\/#organization","name":"Somme Compostelle","url":"https:\/\/somme-compostelle.fr\/","logo":{"@type":"ImageObject","inLanguage":"fr-FR","@id":"https:\/\/somme-compostelle.fr\/#\/schema\/logo\/image\/","url":"","contentUrl":"","caption":"Somme Compostelle"},"image":{"@id":"https:\/\/somme-compostelle.fr\/#\/schema\/logo\/image\/"},"sameAs":["https:\/\/www.facebook.com\/sommeCompostelle\/"]}]}},"jetpack_likes_enabled":true,"jetpack_sharing_enabled":true,"_links":{"self":[{"href":"https:\/\/somme-compostelle.fr\/index.php\/wp-json\/wp\/v2\/pages\/202","targetHints":{"allow":["GET"]}}],"collection":[{"href":"https:\/\/somme-compostelle.fr\/index.php\/wp-json\/wp\/v2\/pages"}],"about":[{"href":"https:\/\/somme-compostelle.fr\/index.php\/wp-json\/wp\/v2\/types\/page"}],"author":[{"embeddable":true,"href":"https:\/\/somme-compostelle.fr\/index.php\/wp-json\/wp\/v2\/users\/1"}],"replies":[{"embeddable":true,"href":"https:\/\/somme-compostelle.fr\/index.php\/wp-json\/wp\/v2\/comments?post=202"}],"version-history":[{"count":29,"href":"https:\/\/somme-compostelle.fr\/index.php\/wp-json\/wp\/v2\/pages\/202\/revisions"}],"predecessor-version":[{"id":2004,"href":"https:\/\/somme-compostelle.fr\/index.php\/wp-json\/wp\/v2\/pages\/202\/revisions\/2004"}],"wp:attachment":[{"href":"https:\/\/somme-compostelle.fr\/index.php\/wp-json\/wp\/v2\/media?parent=202"}],"curies":[{"name":"wp","href":"https:\/\/api.w.org\/{rel}","templated":true}]}}