{"id":27,"date":"2023-06-14T14:00:08","date_gmt":"2023-06-14T14:00:08","guid":{"rendered":"https:\/\/somme-compostelle.fr\/?page_id=27"},"modified":"2025-10-18T11:19:52","modified_gmt":"2025-10-18T09:19:52","slug":"contact-association-compostelle-amiens","status":"publish","type":"page","link":"https:\/\/somme-compostelle.fr\/index.php\/contact-association-compostelle-amiens\/","title":{"rendered":"Contacts"},"content":{"rendered":"\n<p>Vous trouverez ici le contact de l&#8217;association Compostelle \u00e0 Amiens. Nous faisons le maximum pour r\u00e9pondre \u00e0 toutes les demandes le plus rapidement possible, mais bien \u00e9videmment, nous n&#8217;avons pas de permanent. Notre adresse est exclusivement postale<\/p>\n\n\n\n<h6 class=\"wp-block-heading\">Email : <a href=\"mailto:somme.compostelle@gmail.com\" target=\"_blank\" rel=\"noreferrer noopener\">somme.compostelle@gmail.com<\/a><\/h6>\n\n\n\n<p><\/p>\n\n\n\n<p>T\u00e9l\u00e9phone : 06.28.26.32.00 (par SMS de pr\u00e9f\u00e9rence)<\/p>\n\n\n\n<p>Facebook : <a href=\"https:\/\/www.facebook.com\/profile.php?id=61578586287701\">Somme Compostelle<\/a><\/p>\n\n\n\n<h6 class=\"wp-block-heading\"><strong>Adresse<\/strong> : 12 rue Andr\u00e9 80000 Amiens<\/h6>\n\n\n\n<p>L&#8217;association &#8220;Somme Compostelle&#8221; a cr\u00e9\u00e9 un groupe WhatsApp pour \u00e9changer sur les sorties. Ce groupe est ouvert \u00e0 tous les membres \u00e0 jour de leur cotisation.<\/p>\n\n\n\n<p>Sur ce groupe, vous pourrez :<\/p>\n\n\n\n<ul class=\"wp-block-list\">\n<li>Partager et\/ou proposer vos id\u00e9es de sorties <\/li>\n\n\n\n<li>Trouver des compagnons de route<\/li>\n\n\n\n<li>Obtenir des informations sur les chemins de Saint-Jacques-de-Compostelle<\/li>\n<\/ul>\n\n\n\n<p><\/p>\n","protected":false},"excerpt":{"rendered":"<p>Vous trouverez ici le contact de l&#8217;association Compostelle \u00e0 Amiens. Nous faisons le maximum pour r\u00e9pondre \u00e0 toutes les demandes le plus rapidement possible, mais &hellip; <\/p>\n","protected":false},"author":1,"featured_media":0,"parent":0,"menu_order":0,"comment_status":"closed","ping_status":"closed","template":"","meta":{"_EventAllDay":false,"_EventTimezone":"","_EventStartDate":"","_EventEndDate":"","_EventStartDateUTC":"","_EventEndDateUTC":"","_EventShowMap":false,"_EventShowMapLink":false,"_EventURL":"","_EventCost":"","_EventCostDescription":"","_EventCurrencySymbol":"","_EventCurrencyCode":"","_EventCurrencyPosition":"","_EventDateTimeSeparator":"","_EventTimeRangeSeparator":"","_EventOrganizerID":[],"_EventVenueID":[],"_OrganizerEmail":"","_OrganizerPhone":"","_OrganizerWebsite":"","_VenueAddress":"","_VenueCity":"","_VenueCountry":"","_VenueProvince":"","_VenueState":"","_VenueZip":"","_VenuePhone":"","_VenueURL":"","_VenueStateProvince":"","_VenueLat":"","_VenueLng":"","_VenueShowMap":false,"_VenueShowMapLink":false,"footnotes":""},"class_list":["post-27","page","type-page","status-publish","hentry"],"yoast_head":"<!-- This site is optimized with the Yoast SEO plugin v27.6 - https:\/\/yoast.com\/product\/yoast-seo-wordpress\/ -->\n<title>contact association Compostelle amiens<\/title>\n<meta name=\"description\" content=\"contact association Compostelle Amiens. Vous trouverez sur cette page les diff\u00e9rents contact de l&#039;association.\" \/>\n<meta name=\"robots\" content=\"index, follow, max-snippet:-1, max-image-preview:large, max-video-preview:-1\" \/>\n<link rel=\"canonical\" href=\"https:\/\/somme-compostelle.fr\/index.php\/contact-association-compostelle-amiens\/\" \/>\n<meta property=\"og:locale\" content=\"fr_FR\" \/>\n<meta property=\"og:type\" content=\"article\" \/>\n<meta property=\"og:title\" content=\"contact association Compostelle amiens\" \/>\n<meta property=\"og:description\" content=\"contact association Compostelle Amiens. Vous trouverez sur cette page les diff\u00e9rents contact de l&#039;association.\" \/>\n<meta property=\"og:url\" content=\"https:\/\/somme-compostelle.fr\/index.php\/contact-association-compostelle-amiens\/\" \/>\n<meta property=\"og:site_name\" content=\"Somme Compostelle\" \/>\n<meta property=\"article:publisher\" content=\"https:\/\/www.facebook.com\/sommeCompostelle\/\" \/>\n<meta property=\"article:modified_time\" content=\"2025-10-18T09:19:52+00:00\" \/>\n<meta name=\"twitter:card\" content=\"summary_large_image\" \/>\n<meta name=\"twitter:label1\" content=\"Dur\u00e9e de lecture estim\u00e9e\" \/>\n\t<meta name=\"twitter:data1\" content=\"1 minute\" \/>\n<script type=\"application\/ld+json\" class=\"yoast-schema-graph\">{\"@context\":\"https:\\\/\\\/schema.org\",\"@graph\":[{\"@type\":\"WebPage\",\"@id\":\"https:\\\/\\\/somme-compostelle.fr\\\/index.php\\\/contact-association-compostelle-amiens\\\/\",\"url\":\"https:\\\/\\\/somme-compostelle.fr\\\/index.php\\\/contact-association-compostelle-amiens\\\/\",\"name\":\"contact association Compostelle amiens\",\"isPartOf\":{\"@id\":\"https:\\\/\\\/somme-compostelle.fr\\\/#website\"},\"datePublished\":\"2023-06-14T14:00:08+00:00\",\"dateModified\":\"2025-10-18T09:19:52+00:00\",\"description\":\"contact association Compostelle Amiens. Vous trouverez sur cette page les diff\u00e9rents contact de l'association.\",\"breadcrumb\":{\"@id\":\"https:\\\/\\\/somme-compostelle.fr\\\/index.php\\\/contact-association-compostelle-amiens\\\/#breadcrumb\"},\"inLanguage\":\"fr-FR\",\"potentialAction\":[{\"@type\":\"ReadAction\",\"target\":[\"https:\\\/\\\/somme-compostelle.fr\\\/index.php\\\/contact-association-compostelle-amiens\\\/\"]}]},{\"@type\":\"BreadcrumbList\",\"@id\":\"https:\\\/\\\/somme-compostelle.fr\\\/index.php\\\/contact-association-compostelle-amiens\\\/#breadcrumb\",\"itemListElement\":[{\"@type\":\"ListItem\",\"position\":1,\"name\":\"Home\",\"item\":\"https:\\\/\\\/somme-compostelle.fr\\\/\"},{\"@type\":\"ListItem\",\"position\":2,\"name\":\"Contacts\"}]},{\"@type\":\"WebSite\",\"@id\":\"https:\\\/\\\/somme-compostelle.fr\\\/#website\",\"url\":\"https:\\\/\\\/somme-compostelle.fr\\\/\",\"name\":\"Somme Compostelle\",\"description\":\"Le chemin est la destination !\",\"publisher\":{\"@id\":\"https:\\\/\\\/somme-compostelle.fr\\\/#organization\"},\"potentialAction\":[{\"@type\":\"SearchAction\",\"target\":{\"@type\":\"EntryPoint\",\"urlTemplate\":\"https:\\\/\\\/somme-compostelle.fr\\\/?s={search_term_string}\"},\"query-input\":{\"@type\":\"PropertyValueSpecification\",\"valueRequired\":true,\"valueName\":\"search_term_string\"}}],\"inLanguage\":\"fr-FR\"},{\"@type\":\"Organization\",\"@id\":\"https:\\\/\\\/somme-compostelle.fr\\\/#organization\",\"name\":\"Somme Compostelle\",\"url\":\"https:\\\/\\\/somme-compostelle.fr\\\/\",\"logo\":{\"@type\":\"ImageObject\",\"inLanguage\":\"fr-FR\",\"@id\":\"https:\\\/\\\/somme-compostelle.fr\\\/#\\\/schema\\\/logo\\\/image\\\/\",\"url\":\"\",\"contentUrl\":\"\",\"caption\":\"Somme Compostelle\"},\"image\":{\"@id\":\"https:\\\/\\\/somme-compostelle.fr\\\/#\\\/schema\\\/logo\\\/image\\\/\"},\"sameAs\":[\"https:\\\/\\\/www.facebook.com\\\/sommeCompostelle\\\/\"]}]}<\/script>\n<!-- \/ Yoast SEO plugin. -->","yoast_head_json":{"title":"contact association Compostelle amiens","description":"contact association Compostelle Amiens. Vous trouverez sur cette page les diff\u00e9rents contact de l'association.","robots":{"index":"index","follow":"follow","max-snippet":"max-snippet:-1","max-image-preview":"max-image-preview:large","max-video-preview":"max-video-preview:-1"},"canonical":"https:\/\/somme-compostelle.fr\/index.php\/contact-association-compostelle-amiens\/","og_locale":"fr_FR","og_type":"article","og_title":"contact association Compostelle amiens","og_description":"contact association Compostelle Amiens. Vous trouverez sur cette page les diff\u00e9rents contact de l'association.","og_url":"https:\/\/somme-compostelle.fr\/index.php\/contact-association-compostelle-amiens\/","og_site_name":"Somme Compostelle","article_publisher":"https:\/\/www.facebook.com\/sommeCompostelle\/","article_modified_time":"2025-10-18T09:19:52+00:00","twitter_card":"summary_large_image","twitter_misc":{"Dur\u00e9e de lecture estim\u00e9e":"1 minute"},"schema":{"@context":"https:\/\/schema.org","@graph":[{"@type":"WebPage","@id":"https:\/\/somme-compostelle.fr\/index.php\/contact-association-compostelle-amiens\/","url":"https:\/\/somme-compostelle.fr\/index.php\/contact-association-compostelle-amiens\/","name":"contact association Compostelle amiens","isPartOf":{"@id":"https:\/\/somme-compostelle.fr\/#website"},"datePublished":"2023-06-14T14:00:08+00:00","dateModified":"2025-10-18T09:19:52+00:00","description":"contact association Compostelle Amiens. Vous trouverez sur cette page les diff\u00e9rents contact de l'association.","breadcrumb":{"@id":"https:\/\/somme-compostelle.fr\/index.php\/contact-association-compostelle-amiens\/#breadcrumb"},"inLanguage":"fr-FR","potentialAction":[{"@type":"ReadAction","target":["https:\/\/somme-compostelle.fr\/index.php\/contact-association-compostelle-amiens\/"]}]},{"@type":"BreadcrumbList","@id":"https:\/\/somme-compostelle.fr\/index.php\/contact-association-compostelle-amiens\/#breadcrumb","itemListElement":[{"@type":"ListItem","position":1,"name":"Home","item":"https:\/\/somme-compostelle.fr\/"},{"@type":"ListItem","position":2,"name":"Contacts"}]},{"@type":"WebSite","@id":"https:\/\/somme-compostelle.fr\/#website","url":"https:\/\/somme-compostelle.fr\/","name":"Somme Compostelle","description":"Le chemin est la destination !","publisher":{"@id":"https:\/\/somme-compostelle.fr\/#organization"},"potentialAction":[{"@type":"SearchAction","target":{"@type":"EntryPoint","urlTemplate":"https:\/\/somme-compostelle.fr\/?s={search_term_string}"},"query-input":{"@type":"PropertyValueSpecification","valueRequired":true,"valueName":"search_term_string"}}],"inLanguage":"fr-FR"},{"@type":"Organization","@id":"https:\/\/somme-compostelle.fr\/#organization","name":"Somme Compostelle","url":"https:\/\/somme-compostelle.fr\/","logo":{"@type":"ImageObject","inLanguage":"fr-FR","@id":"https:\/\/somme-compostelle.fr\/#\/schema\/logo\/image\/","url":"","contentUrl":"","caption":"Somme Compostelle"},"image":{"@id":"https:\/\/somme-compostelle.fr\/#\/schema\/logo\/image\/"},"sameAs":["https:\/\/www.facebook.com\/sommeCompostelle\/"]}]}},"jetpack_likes_enabled":true,"jetpack_sharing_enabled":true,"_links":{"self":[{"href":"https:\/\/somme-compostelle.fr\/index.php\/wp-json\/wp\/v2\/pages\/27","targetHints":{"allow":["GET"]}}],"collection":[{"href":"https:\/\/somme-compostelle.fr\/index.php\/wp-json\/wp\/v2\/pages"}],"about":[{"href":"https:\/\/somme-compostelle.fr\/index.php\/wp-json\/wp\/v2\/types\/page"}],"author":[{"embeddable":true,"href":"https:\/\/somme-compostelle.fr\/index.php\/wp-json\/wp\/v2\/users\/1"}],"replies":[{"embeddable":true,"href":"https:\/\/somme-compostelle.fr\/index.php\/wp-json\/wp\/v2\/comments?post=27"}],"version-history":[{"count":16,"href":"https:\/\/somme-compostelle.fr\/index.php\/wp-json\/wp\/v2\/pages\/27\/revisions"}],"predecessor-version":[{"id":2025,"href":"https:\/\/somme-compostelle.fr\/index.php\/wp-json\/wp\/v2\/pages\/27\/revisions\/2025"}],"wp:attachment":[{"href":"https:\/\/somme-compostelle.fr\/index.php\/wp-json\/wp\/v2\/media?parent=27"}],"curies":[{"name":"wp","href":"https:\/\/api.w.org\/{rel}","templated":true}]}}