{"id":73,"date":"2023-07-20T12:03:23","date_gmt":"2023-07-20T12:03:23","guid":{"rendered":"https:\/\/somme-compostelle.fr\/?page_id=73"},"modified":"2026-05-11T14:44:04","modified_gmt":"2026-05-11T12:44:04","slug":"association-compostelle-somme","status":"publish","type":"page","link":"https:\/\/somme-compostelle.fr\/index.php\/association-compostelle-somme\/","title":{"rendered":"L&#8217;association"},"content":{"rendered":"\n<h3 class=\"wp-block-heading\">Pourquoi un association de Compostelle dans la Somme ?<\/h3>\n\n\n\n<p><p style=\"text-align: justify;\">Nous sommes trois personnes \u00e0 avoir cr\u00e9\u00e9 l&#8217;association en f\u00e9vrier 2023. Initialement Daniel Levis avait cr\u00e9\u00e9 la premi\u00e8re association de Compostelle dans la Somme. Afin de lui rendre hommage nous avons souhait\u00e9 redonner vie \u00e0 cette association et \u00e9galement pour :<\/p><\/p>\n\n\n\n<ul class=\"wp-block-list\">\n<li>Permettre aux p\u00e8lerins qui traversent la Somme d&#8217;avoir des informations pertinentes et \u00e0 jour.<\/li>\n\n\n\n<li>Se rencontrer entre p\u00e8lerins.<\/li>\n\n\n\n<li>Proposer des sorties pour d\u00e9couvrir le d\u00e9partement et donner des conseils aux futurs p\u00e8lerins.<\/li>\n\n\n\n<li>Faire vivre le souvenir de Daniel qui \u00e9tait un homme profond\u00e9ment humain et un p\u00e8lerin engag\u00e9.<\/li>\n<\/ul>\n\n\n\n<h3 class=\"wp-block-heading\">Les sorties<\/h3>\n\n\n\n<div class=\"wp-block-media-text alignwide is-stacked-on-mobile\" style=\"grid-template-columns:22% auto\"><figure class=\"wp-block-media-text__media\"><img loading=\"lazy\" decoding=\"async\" width=\"593\" height=\"438\" src=\"https:\/\/www.somme-compostelle.fr\/wp-content\/uploads\/2023\/07\/pelerinDeDos.webp\" alt=\"association compostelle somme. P\u00e8lerin en marche.\" class=\"wp-image-311 size-full\" srcset=\"https:\/\/somme-compostelle.fr\/wp-content\/uploads\/2023\/07\/pelerinDeDos.webp 593w, https:\/\/somme-compostelle.fr\/wp-content\/uploads\/2023\/07\/pelerinDeDos-300x222.webp 300w\" sizes=\"auto, (max-width: 593px) 100vw, 593px\" \/><\/figure><div class=\"wp-block-media-text__content\">\n<p><p style=\"text-align: justify;\">Nous proposons r\u00e9guli\u00e8rement des sorties permettant de se retrouver pour \u00e9voquer nos envies, s&#8217;entrainer \u00e0 la marche, discuter sur la composition des sacs,&#8230; bref nous marchons et nous \u00e9changeons sur tout ce qui fait le chemin! Ces sorties ont lieu en principe le 3<sup>\u00e8me<\/sup> dimanche de chaque mois. Nous communiquons syst\u00e9matiquement le trac\u00e9 \u00e0 l&#8217;avance. Il n&#8217; y jamais de difficult\u00e9 insurmontable, et nous cheminons au rythme des plus lents, et nous attendons r\u00e9guli\u00e8rement.<\/p><\/p>\n<\/div><\/div>\n\n\n\n<h3 class=\"wp-block-heading\">Le balisage du chemin dans le d\u00e9partement<\/h3>\n\n\n\n<div class=\"wp-block-media-text alignwide has-media-on-the-right is-stacked-on-mobile\" style=\"grid-template-columns:auto 22%\"><div class=\"wp-block-media-text__content\">\n<p><p style=\"text-align: justify;\">Nous proposons aux volontaires de participer \u00e0 nos sessions de balisages pour nous permettre de maintenir la signal\u00e9tique en bon \u00e9tat. Bien \u00e9videmment des portions du chemin ne sont pas encore balis\u00e9es et notre objectif est bien \u00e9videment de baliser tout ce qui peut l&#8217;\u00eatre.<\/p><\/p>\n<\/div><figure class=\"wp-block-media-text__media\"><img loading=\"lazy\" decoding=\"async\" width=\"1024\" height=\"768\" src=\"https:\/\/somme-compostelle.fr\/wp-content\/uploads\/2023\/07\/balisageChemin.webp\" alt=\"Balisage compostelle\" class=\"wp-image-312 size-full\" srcset=\"https:\/\/somme-compostelle.fr\/wp-content\/uploads\/2023\/07\/balisageChemin.webp 1024w, https:\/\/somme-compostelle.fr\/wp-content\/uploads\/2023\/07\/balisageChemin-600x450.webp 600w, https:\/\/somme-compostelle.fr\/wp-content\/uploads\/2023\/07\/balisageChemin-300x225.webp 300w, https:\/\/somme-compostelle.fr\/wp-content\/uploads\/2023\/07\/balisageChemin-768x576.webp 768w\" sizes=\"auto, (max-width: 1024px) 100vw, 1024px\" \/><\/figure><\/div>\n\n\n\n<h3 class=\"wp-block-heading\">L&#8217;accueil des p\u00e8lerins de passage<\/h3>\n\n\n\n<div class=\"wp-block-media-text alignwide is-stacked-on-mobile\" style=\"grid-template-columns:26% auto\"><figure class=\"wp-block-media-text__media\"><img loading=\"lazy\" decoding=\"async\" width=\"1024\" height=\"768\" src=\"https:\/\/somme-compostelle.fr\/wp-content\/uploads\/2023\/07\/accueilPelrin-1024x768.webp\" alt=\"Accueil p\u00e8lerin\" class=\"wp-image-315 size-full\" srcset=\"https:\/\/somme-compostelle.fr\/wp-content\/uploads\/2023\/07\/accueilPelrin-1024x768.webp 1024w, https:\/\/somme-compostelle.fr\/wp-content\/uploads\/2023\/07\/accueilPelrin-600x450.webp 600w, https:\/\/somme-compostelle.fr\/wp-content\/uploads\/2023\/07\/accueilPelrin-300x225.webp 300w, https:\/\/somme-compostelle.fr\/wp-content\/uploads\/2023\/07\/accueilPelrin-768x576.webp 768w, https:\/\/somme-compostelle.fr\/wp-content\/uploads\/2023\/07\/accueilPelrin.webp 1140w\" sizes=\"auto, (max-width: 1024px) 100vw, 1024px\" \/><\/figure><div class=\"wp-block-media-text__content\">\n<p><p style=\"text-align: justify;\">Nous souhaitons proposer aux p\u00e8lerins qui traversent notre d\u00e9partement une liste d&#8217;h\u00e9bergements aussi fournie que possible . Si vous souhaitez \u00eatre r\u00e9f\u00e9renc\u00e9 sur notre site , n&#8217;h\u00e9sitez pas \u00e0 nous contacter, cela est enti\u00e8rement gratuit.<\/p><\/p>\n<\/div><\/div>\n\n\n\n<h3 class=\"wp-block-heading\">Les rencontres entre adh\u00e9rents de l&#8217;association Compostelle de la Somme<\/h3>\n\n\n\n<p><p style=\"text-align: justify;\">Nous organisons des caf\u00e9s Compostelle, qui permettent \u00e0 tous ceux qui souhaitent partir sur le chemin de pouvoir rencontrer ceux qui ont d\u00e9j\u00e0 une exp\u00e9rience de la d\u00e9marche. Nous \u00e9changeons sur des sujets aussi vari\u00e9s que le mat\u00e9riel ou sur l&#8217;organisation d&#8217;une journ\u00e9e typique, les h\u00e9bergements sur le chemin, les p\u00e9riodes propices pour marcher, les diff\u00e9rentes voies, &#8230; Et pour les &#8220;multir\u00e9cidivistes&#8221;, cela permet de partager leurs exp\u00e9riences!<\/p><\/p>\n\n\n\n<h3 class=\"wp-block-heading\">Les diff\u00e9rents chemins au d\u00e9part d&#8217;Amiens&#8230;<\/h3>\n\n\n<div class=\"wp-block-image\">\n<figure class=\"aligncenter\"><img loading=\"lazy\" decoding=\"async\" width=\"480\" height=\"640\" src=\"https:\/\/www.somme-compostelle.fr\/wp-content\/uploads\/2024\/11\/IMG_1182-rotated.jpg\" alt=\"Parvis de la cath\u00e9drale d'Amiens.\nAssociation Compostelle d'Amiens\" class=\"wp-image-1512\" srcset=\"https:\/\/somme-compostelle.fr\/wp-content\/uploads\/2024\/11\/IMG_1182-rotated.jpg 480w, https:\/\/somme-compostelle.fr\/wp-content\/uploads\/2024\/11\/IMG_1182-225x300.jpg 225w, https:\/\/somme-compostelle.fr\/wp-content\/uploads\/2024\/11\/IMG_1182-113x150.jpg 113w\" sizes=\"auto, (max-width: 480px) 100vw, 480px\" \/><\/figure>\n<\/div>\n\n\n<p class=\"has-text-align-justify\" style=\"text-align: justify;\"><strong><em>&#8220;Somme Compostelle&#8221;<\/em><\/strong><em>\u00a0est une association bas\u00e9e \u00e0 Amiens et qui a pour but de promouvoir les chemins de Compostelle, de les baliser, d&#8217;accueillir les p\u00e8lerins, de conseiller ceux qui veulent partir et de favoriser les \u00e9changes Compostellans dans la Somme.<\/em><\/p>\n\n\n\n<p class=\"has-text-align-justify has-text-align-justify\" style=\"text-align: justify;\">Le chemin de Saint-Jacques-de-Compostelle est un itin\u00e9raire de p\u00e8lerinage qui traverse l&#8217;Europe. Il aboutit au tombeau de l&#8217;ap\u00f4tre Jacques le Majeur \u00e0 Santiago de Compostela, en Espagne. Il existe plusieurs voies possibles pour rejoindre ce lieu saint, dont l&#8217;une passe par Amiens, dans le nord de la France.<\/p>\n\n\n\n<p class=\"has-text-align-justify has-text-align-justify\">Amiens, ville qui poss\u00e8de une magnifique cath\u00e9drale gothique, class\u00e9e au patrimoine mondial de l&#8217;UNESCO. Elle abrite la relique du chef de Saint Jean-Baptiste, qui attirait de nombreux p\u00e8lerins au Moyen \u00c2ge. \u00c0 noter \u00e9galement que la cath\u00e9drale poss\u00e9dait \u00e9galement une chapelle d\u00e9di\u00e9e \u00e0 Saint Jacques le Majeur, o\u00f9 se r\u00e9unissait la confr\u00e9rie des merciers d&#8217;Amiens. Chaque ann\u00e9e, le 25 juillet, jour de la f\u00eate du saint, une procession \u00e9tait organis\u00e9e avec la relique du saint.<\/p>\n\n\n\n<p style=\"text-align: justify;\">Le chemin qui part d&#8217;Amiens traverse des paysages vari\u00e9s, entre for\u00eats, bocages et marais. Il passe par des villages pittoresques. A partir d&#8217;Amiens, plusieurs alternatives possibles s&#8217;offrent au p\u00e8lerin.<\/p>\n\n\n\n<p>Selon son projet, il peut choisir de :<\/p>\n\n\n\n<ul class=\"wp-block-list\">\n<li><strong>prendre la voie vers Rouen et le Mont-Saint-Michel<\/strong>.<\/li>\n<\/ul>\n\n\n\n<ul class=\"wp-block-list\">\n<li><strong>rejoindre<\/strong> <strong>Folleville<\/strong>, puis poursuivre vers <strong>Compi\u00e8gne, Paris et Tours<\/strong><\/li>\n<\/ul>\n\n\n\n<ul class=\"wp-block-list\">\n<li><strong>partir vers Beauvais<\/strong>, en direction de <strong>Chartres\/Tours<\/strong><\/li>\n<\/ul>\n","protected":false},"excerpt":{"rendered":"<p>Pourquoi un association de Compostelle dans la Somme ? Nous sommes trois personnes \u00e0 avoir cr\u00e9\u00e9 l&#8217;association en f\u00e9vrier 2023. Initialement Daniel Levis avait cr\u00e9\u00e9 &hellip; <\/p>\n","protected":false},"author":1,"featured_media":0,"parent":0,"menu_order":0,"comment_status":"closed","ping_status":"closed","template":"","meta":{"_EventAllDay":false,"_EventTimezone":"","_EventStartDate":"","_EventEndDate":"","_EventStartDateUTC":"","_EventEndDateUTC":"","_EventShowMap":false,"_EventShowMapLink":false,"_EventURL":"","_EventCost":"","_EventCostDescription":"","_EventCurrencySymbol":"","_EventCurrencyCode":"","_EventCurrencyPosition":"","_EventDateTimeSeparator":"","_EventTimeRangeSeparator":"","_EventOrganizerID":[],"_EventVenueID":[],"_OrganizerEmail":"","_OrganizerPhone":"","_OrganizerWebsite":"","_VenueAddress":"","_VenueCity":"","_VenueCountry":"","_VenueProvince":"","_VenueState":"","_VenueZip":"","_VenuePhone":"","_VenueURL":"","_VenueStateProvince":"","_VenueLat":"","_VenueLng":"","_VenueShowMap":false,"_VenueShowMapLink":false,"footnotes":""},"class_list":["post-73","page","type-page","status-publish","hentry"],"yoast_head":"<!-- This site is optimized with the Yoast SEO plugin v27.6 - https:\/\/yoast.com\/product\/yoast-seo-wordpress\/ -->\n<title>L&#039;association - Somme Compostelle association compostelle amiens somme<\/title>\n<meta name=\"description\" content=\"Informations sur l&#039;association &quot;Les amis de Saint Jacques de Compostelle en Somme&quot; . association compostelle somme\" \/>\n<meta name=\"robots\" content=\"index, follow, max-snippet:-1, max-image-preview:large, max-video-preview:-1\" \/>\n<link rel=\"canonical\" href=\"https:\/\/somme-compostelle.fr\/index.php\/association-compostelle-somme\/\" \/>\n<meta property=\"og:locale\" content=\"fr_FR\" \/>\n<meta property=\"og:type\" content=\"article\" \/>\n<meta property=\"og:title\" content=\"L&#039;association - Somme Compostelle association compostelle amiens somme\" \/>\n<meta property=\"og:description\" content=\"Informations sur l&#039;association &quot;Les amis de Saint Jacques de Compostelle en Somme&quot; . association compostelle somme\" \/>\n<meta property=\"og:url\" content=\"https:\/\/somme-compostelle.fr\/index.php\/association-compostelle-somme\/\" \/>\n<meta property=\"og:site_name\" content=\"Somme Compostelle\" \/>\n<meta property=\"article:publisher\" content=\"https:\/\/www.facebook.com\/sommeCompostelle\/\" \/>\n<meta property=\"article:modified_time\" content=\"2026-05-11T12:44:04+00:00\" \/>\n<meta property=\"og:image\" content=\"https:\/\/somme-compostelle.fr\/wp-content\/uploads\/2023\/07\/pelerinDeDos.webp\" \/>\n\t<meta property=\"og:image:width\" content=\"593\" \/>\n\t<meta property=\"og:image:height\" content=\"438\" \/>\n\t<meta property=\"og:image:type\" content=\"image\/webp\" \/>\n<meta name=\"twitter:card\" content=\"summary_large_image\" \/>\n<meta name=\"twitter:label1\" content=\"Dur\u00e9e de lecture estim\u00e9e\" \/>\n\t<meta name=\"twitter:data1\" content=\"4 minutes\" \/>\n<script type=\"application\/ld+json\" class=\"yoast-schema-graph\">{\"@context\":\"https:\\\/\\\/schema.org\",\"@graph\":[{\"@type\":\"WebPage\",\"@id\":\"https:\\\/\\\/somme-compostelle.fr\\\/index.php\\\/association-compostelle-somme\\\/\",\"url\":\"https:\\\/\\\/somme-compostelle.fr\\\/index.php\\\/association-compostelle-somme\\\/\",\"name\":\"L'association - Somme Compostelle association compostelle amiens somme\",\"isPartOf\":{\"@id\":\"https:\\\/\\\/somme-compostelle.fr\\\/#website\"},\"primaryImageOfPage\":{\"@id\":\"https:\\\/\\\/somme-compostelle.fr\\\/index.php\\\/association-compostelle-somme\\\/#primaryimage\"},\"image\":{\"@id\":\"https:\\\/\\\/somme-compostelle.fr\\\/index.php\\\/association-compostelle-somme\\\/#primaryimage\"},\"thumbnailUrl\":\"https:\\\/\\\/www.somme-compostelle.fr\\\/wp-content\\\/uploads\\\/2023\\\/07\\\/pelerinDeDos.webp\",\"datePublished\":\"2023-07-20T12:03:23+00:00\",\"dateModified\":\"2026-05-11T12:44:04+00:00\",\"description\":\"Informations sur l'association \\\"Les amis de Saint Jacques de Compostelle en Somme\\\" . association compostelle somme\",\"breadcrumb\":{\"@id\":\"https:\\\/\\\/somme-compostelle.fr\\\/index.php\\\/association-compostelle-somme\\\/#breadcrumb\"},\"inLanguage\":\"fr-FR\",\"potentialAction\":[{\"@type\":\"ReadAction\",\"target\":[\"https:\\\/\\\/somme-compostelle.fr\\\/index.php\\\/association-compostelle-somme\\\/\"]}]},{\"@type\":\"ImageObject\",\"inLanguage\":\"fr-FR\",\"@id\":\"https:\\\/\\\/somme-compostelle.fr\\\/index.php\\\/association-compostelle-somme\\\/#primaryimage\",\"url\":\"https:\\\/\\\/www.somme-compostelle.fr\\\/wp-content\\\/uploads\\\/2023\\\/07\\\/pelerinDeDos.webp\",\"contentUrl\":\"https:\\\/\\\/www.somme-compostelle.fr\\\/wp-content\\\/uploads\\\/2023\\\/07\\\/pelerinDeDos.webp\"},{\"@type\":\"BreadcrumbList\",\"@id\":\"https:\\\/\\\/somme-compostelle.fr\\\/index.php\\\/association-compostelle-somme\\\/#breadcrumb\",\"itemListElement\":[{\"@type\":\"ListItem\",\"position\":1,\"name\":\"Home\",\"item\":\"https:\\\/\\\/somme-compostelle.fr\\\/\"},{\"@type\":\"ListItem\",\"position\":2,\"name\":\"L&#8217;association\"}]},{\"@type\":\"WebSite\",\"@id\":\"https:\\\/\\\/somme-compostelle.fr\\\/#website\",\"url\":\"https:\\\/\\\/somme-compostelle.fr\\\/\",\"name\":\"Somme Compostelle\",\"description\":\"Le chemin est la destination !\",\"publisher\":{\"@id\":\"https:\\\/\\\/somme-compostelle.fr\\\/#organization\"},\"potentialAction\":[{\"@type\":\"SearchAction\",\"target\":{\"@type\":\"EntryPoint\",\"urlTemplate\":\"https:\\\/\\\/somme-compostelle.fr\\\/?s={search_term_string}\"},\"query-input\":{\"@type\":\"PropertyValueSpecification\",\"valueRequired\":true,\"valueName\":\"search_term_string\"}}],\"inLanguage\":\"fr-FR\"},{\"@type\":\"Organization\",\"@id\":\"https:\\\/\\\/somme-compostelle.fr\\\/#organization\",\"name\":\"Somme Compostelle\",\"url\":\"https:\\\/\\\/somme-compostelle.fr\\\/\",\"logo\":{\"@type\":\"ImageObject\",\"inLanguage\":\"fr-FR\",\"@id\":\"https:\\\/\\\/somme-compostelle.fr\\\/#\\\/schema\\\/logo\\\/image\\\/\",\"url\":\"\",\"contentUrl\":\"\",\"caption\":\"Somme Compostelle\"},\"image\":{\"@id\":\"https:\\\/\\\/somme-compostelle.fr\\\/#\\\/schema\\\/logo\\\/image\\\/\"},\"sameAs\":[\"https:\\\/\\\/www.facebook.com\\\/sommeCompostelle\\\/\"]}]}<\/script>\n<!-- \/ Yoast SEO plugin. -->","yoast_head_json":{"title":"L'association - Somme Compostelle association compostelle amiens somme","description":"Informations sur l'association \"Les amis de Saint Jacques de Compostelle en Somme\" . association compostelle somme","robots":{"index":"index","follow":"follow","max-snippet":"max-snippet:-1","max-image-preview":"max-image-preview:large","max-video-preview":"max-video-preview:-1"},"canonical":"https:\/\/somme-compostelle.fr\/index.php\/association-compostelle-somme\/","og_locale":"fr_FR","og_type":"article","og_title":"L'association - Somme Compostelle association compostelle amiens somme","og_description":"Informations sur l'association \"Les amis de Saint Jacques de Compostelle en Somme\" . association compostelle somme","og_url":"https:\/\/somme-compostelle.fr\/index.php\/association-compostelle-somme\/","og_site_name":"Somme Compostelle","article_publisher":"https:\/\/www.facebook.com\/sommeCompostelle\/","article_modified_time":"2026-05-11T12:44:04+00:00","og_image":[{"width":593,"height":438,"url":"https:\/\/somme-compostelle.fr\/wp-content\/uploads\/2023\/07\/pelerinDeDos.webp","type":"image\/webp"}],"twitter_card":"summary_large_image","twitter_misc":{"Dur\u00e9e de lecture estim\u00e9e":"4 minutes"},"schema":{"@context":"https:\/\/schema.org","@graph":[{"@type":"WebPage","@id":"https:\/\/somme-compostelle.fr\/index.php\/association-compostelle-somme\/","url":"https:\/\/somme-compostelle.fr\/index.php\/association-compostelle-somme\/","name":"L'association - Somme Compostelle association compostelle amiens somme","isPartOf":{"@id":"https:\/\/somme-compostelle.fr\/#website"},"primaryImageOfPage":{"@id":"https:\/\/somme-compostelle.fr\/index.php\/association-compostelle-somme\/#primaryimage"},"image":{"@id":"https:\/\/somme-compostelle.fr\/index.php\/association-compostelle-somme\/#primaryimage"},"thumbnailUrl":"https:\/\/www.somme-compostelle.fr\/wp-content\/uploads\/2023\/07\/pelerinDeDos.webp","datePublished":"2023-07-20T12:03:23+00:00","dateModified":"2026-05-11T12:44:04+00:00","description":"Informations sur l'association \"Les amis de Saint Jacques de Compostelle en Somme\" . association compostelle somme","breadcrumb":{"@id":"https:\/\/somme-compostelle.fr\/index.php\/association-compostelle-somme\/#breadcrumb"},"inLanguage":"fr-FR","potentialAction":[{"@type":"ReadAction","target":["https:\/\/somme-compostelle.fr\/index.php\/association-compostelle-somme\/"]}]},{"@type":"ImageObject","inLanguage":"fr-FR","@id":"https:\/\/somme-compostelle.fr\/index.php\/association-compostelle-somme\/#primaryimage","url":"https:\/\/www.somme-compostelle.fr\/wp-content\/uploads\/2023\/07\/pelerinDeDos.webp","contentUrl":"https:\/\/www.somme-compostelle.fr\/wp-content\/uploads\/2023\/07\/pelerinDeDos.webp"},{"@type":"BreadcrumbList","@id":"https:\/\/somme-compostelle.fr\/index.php\/association-compostelle-somme\/#breadcrumb","itemListElement":[{"@type":"ListItem","position":1,"name":"Home","item":"https:\/\/somme-compostelle.fr\/"},{"@type":"ListItem","position":2,"name":"L&#8217;association"}]},{"@type":"WebSite","@id":"https:\/\/somme-compostelle.fr\/#website","url":"https:\/\/somme-compostelle.fr\/","name":"Somme Compostelle","description":"Le chemin est la destination !","publisher":{"@id":"https:\/\/somme-compostelle.fr\/#organization"},"potentialAction":[{"@type":"SearchAction","target":{"@type":"EntryPoint","urlTemplate":"https:\/\/somme-compostelle.fr\/?s={search_term_string}"},"query-input":{"@type":"PropertyValueSpecification","valueRequired":true,"valueName":"search_term_string"}}],"inLanguage":"fr-FR"},{"@type":"Organization","@id":"https:\/\/somme-compostelle.fr\/#organization","name":"Somme Compostelle","url":"https:\/\/somme-compostelle.fr\/","logo":{"@type":"ImageObject","inLanguage":"fr-FR","@id":"https:\/\/somme-compostelle.fr\/#\/schema\/logo\/image\/","url":"","contentUrl":"","caption":"Somme Compostelle"},"image":{"@id":"https:\/\/somme-compostelle.fr\/#\/schema\/logo\/image\/"},"sameAs":["https:\/\/www.facebook.com\/sommeCompostelle\/"]}]}},"jetpack_likes_enabled":true,"jetpack_sharing_enabled":true,"_links":{"self":[{"href":"https:\/\/somme-compostelle.fr\/index.php\/wp-json\/wp\/v2\/pages\/73","targetHints":{"allow":["GET"]}}],"collection":[{"href":"https:\/\/somme-compostelle.fr\/index.php\/wp-json\/wp\/v2\/pages"}],"about":[{"href":"https:\/\/somme-compostelle.fr\/index.php\/wp-json\/wp\/v2\/types\/page"}],"author":[{"embeddable":true,"href":"https:\/\/somme-compostelle.fr\/index.php\/wp-json\/wp\/v2\/users\/1"}],"replies":[{"embeddable":true,"href":"https:\/\/somme-compostelle.fr\/index.php\/wp-json\/wp\/v2\/comments?post=73"}],"version-history":[{"count":22,"href":"https:\/\/somme-compostelle.fr\/index.php\/wp-json\/wp\/v2\/pages\/73\/revisions"}],"predecessor-version":[{"id":2748,"href":"https:\/\/somme-compostelle.fr\/index.php\/wp-json\/wp\/v2\/pages\/73\/revisions\/2748"}],"wp:attachment":[{"href":"https:\/\/somme-compostelle.fr\/index.php\/wp-json\/wp\/v2\/media?parent=73"}],"curies":[{"name":"wp","href":"https:\/\/api.w.org\/{rel}","templated":true}]}}