{"id":80,"date":"2023-07-28T15:57:52","date_gmt":"2023-07-28T13:57:52","guid":{"rendered":"https:\/\/somme-compostelle.fr\/?page_id=80"},"modified":"2026-02-05T13:06:59","modified_gmt":"2026-02-05T12:06:59","slug":"adherer-association-somme-compostelle","status":"publish","type":"page","link":"https:\/\/somme-compostelle.fr\/index.php\/adherer-association-somme-compostelle\/","title":{"rendered":"Adh\u00e9rer \u00e0 l&#8217;association"},"content":{"rendered":"\n<p class=\"has-text-align-justify\" style=\"text-align: justify;\">Vous aimez la randonn\u00e9e, le patrimoine et le partage ? Vous r\u00eavez de parcourir les <a href=\"https:\/\/www.chemins-compostelle.com\/itineraires\">chemins de Saint-Jacques-de-Compostelle (Santiago de Compostela)<\/a>, ou vous les avez d\u00e9j\u00e0 faits et vous souhaitez transmettre votre exp\u00e9rience ? Alors rejoignez l&#8217;association &#8220;<a href=\"https:\/\/www.somme-compostelle.fr\/\">Somme Compostelle<\/a>&#8221; ! En adh\u00e9rant \u00e0 notre association, vous contribuerez \u00e0 la pr\u00e9servation et \u00e0 la valorisation des itin\u00e9raires jacquaires, en participant au balisage, \u00e0 l&#8217;entretien et \u00e0 la promotion des sentiers. Vous ferez partie d&#8217;une communaut\u00e9 solidaire et dynamique, qui partage les m\u00eames valeurs de respect et d&#8217;ouverture. De plus, les adh\u00e9sions \u00e9tant notre seule source de financement, vous participerez directement \u00e0 l&#8217;entretien et au balisage du chemin.<br>Si vous en avez le temps et l&#8217;envie, nous sommes toujours \u00e0 la recherche de bonnes volont\u00e9s pour nous aider dans l&#8217;animation de l&#8217;association. Si vous avez des comp\u00e9tences sp\u00e9cifiques (gestion, animation de groupe, certification de balisage&#8230;) faites-le nous savoir. M\u00eame si vous ne souhaitez pas vous impliquer directement, il est toujours utile de savoir que quelqu&#8217;un du groupe est susceptible d&#8217;avoir des r\u00e9ponses \u00e0 vos interrogations.<\/p>\n\n\n\n<p class=\"has-text-align-justify\">Pourquoi adh\u00e9rer \u00e0 l&#8217;association Somme Compostelle ?<\/p>\n\n\n\n<p>N&#8217;attendez plus, adh\u00e9rez d\u00e8s maintenant \u00e0 l&#8217;association &#8220;Somme Compostelle&#8221; et aidez-nous \u00e0 d\u00e9velopper l&#8217;esprit du chemin jacquaire dans la Somme.<\/p>\n\n\n\n<div class=\"wp-block-media-text is-stacked-on-mobile\" style=\"grid-template-columns:15% auto\"><figure class=\"wp-block-media-text__media\"><a href=\"https:\/\/www.somme-compostelle.fr\/wp-content\/uploads\/2024\/04\/bulletinAdhesion.pdf\"><img decoding=\"async\" src=\"https:\/\/www.somme-compostelle.fr\/wp-content\/uploads\/2025\/03\/LOGO-1.jpg\" alt=\"\" class=\"wp-image-1678 size-full\"\/><\/a><\/figure><div class=\"wp-block-media-text__content\">\n<div class=\"wp-block-group is-nowrap is-layout-flex wp-container-core-group-is-layout-ad2f72ca wp-block-group-is-layout-flex\"><\/div>\n<\/div><\/div>\n\n\n\n<p><em>Nos tarifs sont modestes 17\u20ac\/an par personne et 30\u20ac\/an pour un couple.<\/em><\/p>\n\n\n\n<div class=\"wp-block-file\"><a href=\"https:\/\/somme-compostelle.fr\/wp-content\/uploads\/2026\/02\/01-Bulletin-dadhesion.pdf\" class=\"wp-block-file__button wp-element-button\" download>T\u00e9l\u00e9charger le bulletin d&#8217;adh\u00e9sion<\/a><\/div>\n\n\n\n<p><\/p>\n","protected":false},"excerpt":{"rendered":"<p>Vous aimez la randonn\u00e9e, le patrimoine et le partage ? Vous r\u00eavez de parcourir les chemins de Saint-Jacques-de-Compostelle (Santiago de Compostela), ou vous les avez &hellip; <\/p>\n","protected":false},"author":1,"featured_media":0,"parent":0,"menu_order":0,"comment_status":"closed","ping_status":"closed","template":"","meta":{"_EventAllDay":false,"_EventTimezone":"","_EventStartDate":"","_EventEndDate":"","_EventStartDateUTC":"","_EventEndDateUTC":"","_EventShowMap":false,"_EventShowMapLink":false,"_EventURL":"","_EventCost":"","_EventCostDescription":"","_EventCurrencySymbol":"","_EventCurrencyCode":"","_EventCurrencyPosition":"","_EventDateTimeSeparator":"","_EventTimeRangeSeparator":"","_EventOrganizerID":[],"_EventVenueID":[],"_OrganizerEmail":"","_OrganizerPhone":"","_OrganizerWebsite":"","_VenueAddress":"","_VenueCity":"","_VenueCountry":"","_VenueProvince":"","_VenueState":"","_VenueZip":"","_VenuePhone":"","_VenueURL":"","_VenueStateProvince":"","_VenueLat":"","_VenueLng":"","_VenueShowMap":false,"_VenueShowMapLink":false,"footnotes":""},"class_list":["post-80","page","type-page","status-publish","hentry"],"yoast_head":"<!-- This site is optimized with the Yoast SEO plugin v27.6 - https:\/\/yoast.com\/product\/yoast-seo-wordpress\/ -->\n<title>adh\u00e9rer association Somme Compostelle<\/title>\n<meta name=\"description\" content=\"adh\u00e9rer \u00e0 l&#039;association Somme Compostelle. Vous pouvez adh\u00e9rer \u00e0 l&#039;association directement depuis cette page.\" \/>\n<meta name=\"robots\" content=\"index, follow, max-snippet:-1, max-image-preview:large, max-video-preview:-1\" \/>\n<link rel=\"canonical\" href=\"https:\/\/somme-compostelle.fr\/index.php\/adherer-association-somme-compostelle\/\" \/>\n<meta property=\"og:locale\" content=\"fr_FR\" \/>\n<meta property=\"og:type\" content=\"article\" \/>\n<meta property=\"og:title\" content=\"adh\u00e9rer association Somme Compostelle\" \/>\n<meta property=\"og:description\" content=\"adh\u00e9rer \u00e0 l&#039;association Somme Compostelle. Vous pouvez adh\u00e9rer \u00e0 l&#039;association directement depuis cette page.\" \/>\n<meta property=\"og:url\" content=\"https:\/\/somme-compostelle.fr\/index.php\/adherer-association-somme-compostelle\/\" \/>\n<meta property=\"og:site_name\" content=\"Somme Compostelle\" \/>\n<meta property=\"article:publisher\" content=\"https:\/\/www.facebook.com\/sommeCompostelle\/\" \/>\n<meta property=\"article:modified_time\" content=\"2026-02-05T12:06:59+00:00\" \/>\n<meta name=\"twitter:card\" content=\"summary_large_image\" \/>\n<meta name=\"twitter:label1\" content=\"Dur\u00e9e de lecture estim\u00e9e\" \/>\n\t<meta name=\"twitter:data1\" content=\"2 minutes\" \/>\n<script type=\"application\/ld+json\" class=\"yoast-schema-graph\">{\"@context\":\"https:\\\/\\\/schema.org\",\"@graph\":[{\"@type\":\"WebPage\",\"@id\":\"https:\\\/\\\/somme-compostelle.fr\\\/index.php\\\/adherer-association-somme-compostelle\\\/\",\"url\":\"https:\\\/\\\/somme-compostelle.fr\\\/index.php\\\/adherer-association-somme-compostelle\\\/\",\"name\":\"adh\u00e9rer association Somme Compostelle\",\"isPartOf\":{\"@id\":\"https:\\\/\\\/somme-compostelle.fr\\\/#website\"},\"primaryImageOfPage\":{\"@id\":\"https:\\\/\\\/somme-compostelle.fr\\\/index.php\\\/adherer-association-somme-compostelle\\\/#primaryimage\"},\"image\":{\"@id\":\"https:\\\/\\\/somme-compostelle.fr\\\/index.php\\\/adherer-association-somme-compostelle\\\/#primaryimage\"},\"thumbnailUrl\":\"https:\\\/\\\/www.somme-compostelle.fr\\\/wp-content\\\/uploads\\\/2025\\\/03\\\/LOGO-1.jpg\",\"datePublished\":\"2023-07-28T13:57:52+00:00\",\"dateModified\":\"2026-02-05T12:06:59+00:00\",\"description\":\"adh\u00e9rer \u00e0 l'association Somme Compostelle. Vous pouvez adh\u00e9rer \u00e0 l'association directement depuis cette page.\",\"breadcrumb\":{\"@id\":\"https:\\\/\\\/somme-compostelle.fr\\\/index.php\\\/adherer-association-somme-compostelle\\\/#breadcrumb\"},\"inLanguage\":\"fr-FR\",\"potentialAction\":[{\"@type\":\"ReadAction\",\"target\":[\"https:\\\/\\\/somme-compostelle.fr\\\/index.php\\\/adherer-association-somme-compostelle\\\/\"]}]},{\"@type\":\"ImageObject\",\"inLanguage\":\"fr-FR\",\"@id\":\"https:\\\/\\\/somme-compostelle.fr\\\/index.php\\\/adherer-association-somme-compostelle\\\/#primaryimage\",\"url\":\"https:\\\/\\\/www.somme-compostelle.fr\\\/wp-content\\\/uploads\\\/2025\\\/03\\\/LOGO-1.jpg\",\"contentUrl\":\"https:\\\/\\\/www.somme-compostelle.fr\\\/wp-content\\\/uploads\\\/2025\\\/03\\\/LOGO-1.jpg\"},{\"@type\":\"BreadcrumbList\",\"@id\":\"https:\\\/\\\/somme-compostelle.fr\\\/index.php\\\/adherer-association-somme-compostelle\\\/#breadcrumb\",\"itemListElement\":[{\"@type\":\"ListItem\",\"position\":1,\"name\":\"Home\",\"item\":\"https:\\\/\\\/somme-compostelle.fr\\\/\"},{\"@type\":\"ListItem\",\"position\":2,\"name\":\"Adh\u00e9rer \u00e0 l&#8217;association\"}]},{\"@type\":\"WebSite\",\"@id\":\"https:\\\/\\\/somme-compostelle.fr\\\/#website\",\"url\":\"https:\\\/\\\/somme-compostelle.fr\\\/\",\"name\":\"Somme Compostelle\",\"description\":\"Le chemin est la destination !\",\"publisher\":{\"@id\":\"https:\\\/\\\/somme-compostelle.fr\\\/#organization\"},\"potentialAction\":[{\"@type\":\"SearchAction\",\"target\":{\"@type\":\"EntryPoint\",\"urlTemplate\":\"https:\\\/\\\/somme-compostelle.fr\\\/?s={search_term_string}\"},\"query-input\":{\"@type\":\"PropertyValueSpecification\",\"valueRequired\":true,\"valueName\":\"search_term_string\"}}],\"inLanguage\":\"fr-FR\"},{\"@type\":\"Organization\",\"@id\":\"https:\\\/\\\/somme-compostelle.fr\\\/#organization\",\"name\":\"Somme Compostelle\",\"url\":\"https:\\\/\\\/somme-compostelle.fr\\\/\",\"logo\":{\"@type\":\"ImageObject\",\"inLanguage\":\"fr-FR\",\"@id\":\"https:\\\/\\\/somme-compostelle.fr\\\/#\\\/schema\\\/logo\\\/image\\\/\",\"url\":\"\",\"contentUrl\":\"\",\"caption\":\"Somme Compostelle\"},\"image\":{\"@id\":\"https:\\\/\\\/somme-compostelle.fr\\\/#\\\/schema\\\/logo\\\/image\\\/\"},\"sameAs\":[\"https:\\\/\\\/www.facebook.com\\\/sommeCompostelle\\\/\"]}]}<\/script>\n<!-- \/ Yoast SEO plugin. -->","yoast_head_json":{"title":"adh\u00e9rer association Somme Compostelle","description":"adh\u00e9rer \u00e0 l'association Somme Compostelle. Vous pouvez adh\u00e9rer \u00e0 l'association directement depuis cette page.","robots":{"index":"index","follow":"follow","max-snippet":"max-snippet:-1","max-image-preview":"max-image-preview:large","max-video-preview":"max-video-preview:-1"},"canonical":"https:\/\/somme-compostelle.fr\/index.php\/adherer-association-somme-compostelle\/","og_locale":"fr_FR","og_type":"article","og_title":"adh\u00e9rer association Somme Compostelle","og_description":"adh\u00e9rer \u00e0 l'association Somme Compostelle. Vous pouvez adh\u00e9rer \u00e0 l'association directement depuis cette page.","og_url":"https:\/\/somme-compostelle.fr\/index.php\/adherer-association-somme-compostelle\/","og_site_name":"Somme Compostelle","article_publisher":"https:\/\/www.facebook.com\/sommeCompostelle\/","article_modified_time":"2026-02-05T12:06:59+00:00","twitter_card":"summary_large_image","twitter_misc":{"Dur\u00e9e de lecture estim\u00e9e":"2 minutes"},"schema":{"@context":"https:\/\/schema.org","@graph":[{"@type":"WebPage","@id":"https:\/\/somme-compostelle.fr\/index.php\/adherer-association-somme-compostelle\/","url":"https:\/\/somme-compostelle.fr\/index.php\/adherer-association-somme-compostelle\/","name":"adh\u00e9rer association Somme Compostelle","isPartOf":{"@id":"https:\/\/somme-compostelle.fr\/#website"},"primaryImageOfPage":{"@id":"https:\/\/somme-compostelle.fr\/index.php\/adherer-association-somme-compostelle\/#primaryimage"},"image":{"@id":"https:\/\/somme-compostelle.fr\/index.php\/adherer-association-somme-compostelle\/#primaryimage"},"thumbnailUrl":"https:\/\/www.somme-compostelle.fr\/wp-content\/uploads\/2025\/03\/LOGO-1.jpg","datePublished":"2023-07-28T13:57:52+00:00","dateModified":"2026-02-05T12:06:59+00:00","description":"adh\u00e9rer \u00e0 l'association Somme Compostelle. Vous pouvez adh\u00e9rer \u00e0 l'association directement depuis cette page.","breadcrumb":{"@id":"https:\/\/somme-compostelle.fr\/index.php\/adherer-association-somme-compostelle\/#breadcrumb"},"inLanguage":"fr-FR","potentialAction":[{"@type":"ReadAction","target":["https:\/\/somme-compostelle.fr\/index.php\/adherer-association-somme-compostelle\/"]}]},{"@type":"ImageObject","inLanguage":"fr-FR","@id":"https:\/\/somme-compostelle.fr\/index.php\/adherer-association-somme-compostelle\/#primaryimage","url":"https:\/\/www.somme-compostelle.fr\/wp-content\/uploads\/2025\/03\/LOGO-1.jpg","contentUrl":"https:\/\/www.somme-compostelle.fr\/wp-content\/uploads\/2025\/03\/LOGO-1.jpg"},{"@type":"BreadcrumbList","@id":"https:\/\/somme-compostelle.fr\/index.php\/adherer-association-somme-compostelle\/#breadcrumb","itemListElement":[{"@type":"ListItem","position":1,"name":"Home","item":"https:\/\/somme-compostelle.fr\/"},{"@type":"ListItem","position":2,"name":"Adh\u00e9rer \u00e0 l&#8217;association"}]},{"@type":"WebSite","@id":"https:\/\/somme-compostelle.fr\/#website","url":"https:\/\/somme-compostelle.fr\/","name":"Somme Compostelle","description":"Le chemin est la destination !","publisher":{"@id":"https:\/\/somme-compostelle.fr\/#organization"},"potentialAction":[{"@type":"SearchAction","target":{"@type":"EntryPoint","urlTemplate":"https:\/\/somme-compostelle.fr\/?s={search_term_string}"},"query-input":{"@type":"PropertyValueSpecification","valueRequired":true,"valueName":"search_term_string"}}],"inLanguage":"fr-FR"},{"@type":"Organization","@id":"https:\/\/somme-compostelle.fr\/#organization","name":"Somme Compostelle","url":"https:\/\/somme-compostelle.fr\/","logo":{"@type":"ImageObject","inLanguage":"fr-FR","@id":"https:\/\/somme-compostelle.fr\/#\/schema\/logo\/image\/","url":"","contentUrl":"","caption":"Somme Compostelle"},"image":{"@id":"https:\/\/somme-compostelle.fr\/#\/schema\/logo\/image\/"},"sameAs":["https:\/\/www.facebook.com\/sommeCompostelle\/"]}]}},"jetpack_likes_enabled":true,"jetpack_sharing_enabled":true,"_links":{"self":[{"href":"https:\/\/somme-compostelle.fr\/index.php\/wp-json\/wp\/v2\/pages\/80","targetHints":{"allow":["GET"]}}],"collection":[{"href":"https:\/\/somme-compostelle.fr\/index.php\/wp-json\/wp\/v2\/pages"}],"about":[{"href":"https:\/\/somme-compostelle.fr\/index.php\/wp-json\/wp\/v2\/types\/page"}],"author":[{"embeddable":true,"href":"https:\/\/somme-compostelle.fr\/index.php\/wp-json\/wp\/v2\/users\/1"}],"replies":[{"embeddable":true,"href":"https:\/\/somme-compostelle.fr\/index.php\/wp-json\/wp\/v2\/comments?post=80"}],"version-history":[{"count":20,"href":"https:\/\/somme-compostelle.fr\/index.php\/wp-json\/wp\/v2\/pages\/80\/revisions"}],"predecessor-version":[{"id":2308,"href":"https:\/\/somme-compostelle.fr\/index.php\/wp-json\/wp\/v2\/pages\/80\/revisions\/2308"}],"wp:attachment":[{"href":"https:\/\/somme-compostelle.fr\/index.php\/wp-json\/wp\/v2\/media?parent=80"}],"curies":[{"name":"wp","href":"https:\/\/api.w.org\/{rel}","templated":true}]}}