{"id":982,"date":"2023-11-16T07:48:44","date_gmt":"2023-11-16T06:48:44","guid":{"rendered":"https:\/\/www.somme-compostelle.fr\/?page_id=982"},"modified":"2023-11-16T08:12:11","modified_gmt":"2023-11-16T07:12:11","slug":"compostelle-objet-perdu","status":"publish","type":"page","link":"https:\/\/somme-compostelle.fr\/index.php\/compostelle-objet-perdu\/","title":{"rendered":"L&#8217;association qui vous aide !"},"content":{"rendered":"\n<p class=\"has-text-align-justify\">L&#8217;association Compostelle Aide vient de mettre en place une id\u00e9e assez simple mais terriblement utile, \u00e0 savoir vous aider  \u00e0 retrouver un objet perdu ! Combien de p\u00e8lerins ont perdu quelque chose sur le chemin ? L&#8217;id\u00e9e de cette association est de proposer une carte interactive o\u00f9 ceux qui ont trouv\u00e9 un objet peuvent le signaler d&#8217;une mani\u00e8re simple. Ne reste alors qu&#8217;au p\u00e8lerin \u00e0 fouiller un peu sur la carte pour esp\u00e9rer le retrouver! <\/p>\n\n\n\n<p>Voici le lien qui vous permet d&#8217;acc\u00e9der directement \u00e0 la carte interactive :<\/p>\n\n\n\n<div class=\"wp-block-media-text is-stacked-on-mobile\" style=\"grid-template-columns:15% auto\"><figure class=\"wp-block-media-text__media\"><img loading=\"lazy\" decoding=\"async\" width=\"240\" height=\"240\" src=\"https:\/\/www.somme-compostelle.fr\/wp-content\/uploads\/2023\/11\/compostelleAide.png\" alt=\"Logo Compostelle Aide\" class=\"wp-image-984 size-full\" srcset=\"https:\/\/somme-compostelle.fr\/wp-content\/uploads\/2023\/11\/compostelleAide.png 240w, https:\/\/somme-compostelle.fr\/wp-content\/uploads\/2023\/11\/compostelleAide-150x150.png 150w, https:\/\/somme-compostelle.fr\/wp-content\/uploads\/2023\/11\/compostelleAide-100x100.png 100w\" sizes=\"auto, (max-width: 240px) 100vw, 240px\" \/><\/figure><div class=\"wp-block-media-text__content\">\n<p><a href=\"https:\/\/framacarte.org\/m\/169224\/\">https:\/\/framacarte.org\/m\/169224\/<\/a><\/p>\n<\/div><\/div>\n\n\n\n<p>et le <strong><a href=\"https:\/\/www.somme-compostelle.fr\/wp-content\/uploads\/2023\/11\/carteObjetPerdu.pdf\">mode d&#8217;emploi <\/a><\/strong>qui va avec, bien que tout soit assez intuitif.<\/p>\n","protected":false},"excerpt":{"rendered":"<p>L&#8217;association Compostelle Aide vient de mettre en place une id\u00e9e assez simple mais terriblement utile, \u00e0 savoir vous aider \u00e0 retrouver un objet perdu ! &hellip; <\/p>\n","protected":false},"author":2,"featured_media":0,"parent":0,"menu_order":0,"comment_status":"closed","ping_status":"closed","template":"","meta":{"_EventAllDay":false,"_EventTimezone":"","_EventStartDate":"","_EventEndDate":"","_EventStartDateUTC":"","_EventEndDateUTC":"","_EventShowMap":false,"_EventShowMapLink":false,"_EventURL":"","_EventCost":"","_EventCostDescription":"","_EventCurrencySymbol":"","_EventCurrencyCode":"","_EventCurrencyPosition":"","_EventDateTimeSeparator":"","_EventTimeRangeSeparator":"","_EventOrganizerID":[],"_EventVenueID":[],"_OrganizerEmail":"","_OrganizerPhone":"","_OrganizerWebsite":"","_VenueAddress":"","_VenueCity":"","_VenueCountry":"","_VenueProvince":"","_VenueState":"","_VenueZip":"","_VenuePhone":"","_VenueURL":"","_VenueStateProvince":"","_VenueLat":"","_VenueLng":"","_VenueShowMap":false,"_VenueShowMapLink":false,"footnotes":""},"class_list":["post-982","page","type-page","status-publish","hentry"],"yoast_head":"<!-- This site is optimized with the Yoast SEO plugin v27.6 - https:\/\/yoast.com\/product\/yoast-seo-wordpress\/ -->\n<title>Compostelle objet perdu<\/title>\n<meta name=\"description\" content=\"Une association Compostelle qui aide les p\u00e8lerins \u00e0 retrouver un objet perdu sur le chemin et des conseils de bivouacs.\" \/>\n<meta name=\"robots\" content=\"index, follow, max-snippet:-1, max-image-preview:large, max-video-preview:-1\" \/>\n<link rel=\"canonical\" href=\"https:\/\/somme-compostelle.fr\/index.php\/compostelle-objet-perdu\/\" \/>\n<meta property=\"og:locale\" content=\"fr_FR\" \/>\n<meta property=\"og:type\" content=\"article\" \/>\n<meta property=\"og:title\" content=\"Compostelle objet perdu\" \/>\n<meta property=\"og:description\" content=\"Une association Compostelle qui aide les p\u00e8lerins \u00e0 retrouver un objet perdu sur le chemin et des conseils de bivouacs.\" \/>\n<meta property=\"og:url\" content=\"https:\/\/somme-compostelle.fr\/index.php\/compostelle-objet-perdu\/\" \/>\n<meta property=\"og:site_name\" content=\"Somme Compostelle\" \/>\n<meta property=\"article:publisher\" content=\"https:\/\/www.facebook.com\/sommeCompostelle\/\" \/>\n<meta property=\"article:modified_time\" content=\"2023-11-16T07:12:11+00:00\" \/>\n<meta property=\"og:image\" content=\"https:\/\/www.somme-compostelle.fr\/wp-content\/uploads\/2023\/11\/compostelleAide.png\" \/>\n<meta name=\"twitter:card\" content=\"summary_large_image\" \/>\n<meta name=\"twitter:label1\" content=\"Dur\u00e9e de lecture estim\u00e9e\" \/>\n\t<meta name=\"twitter:data1\" content=\"1 minute\" \/>\n<script type=\"application\/ld+json\" class=\"yoast-schema-graph\">{\"@context\":\"https:\\\/\\\/schema.org\",\"@graph\":[{\"@type\":\"WebPage\",\"@id\":\"https:\\\/\\\/somme-compostelle.fr\\\/index.php\\\/compostelle-objet-perdu\\\/\",\"url\":\"https:\\\/\\\/somme-compostelle.fr\\\/index.php\\\/compostelle-objet-perdu\\\/\",\"name\":\"Compostelle objet perdu\",\"isPartOf\":{\"@id\":\"https:\\\/\\\/somme-compostelle.fr\\\/#website\"},\"primaryImageOfPage\":{\"@id\":\"https:\\\/\\\/somme-compostelle.fr\\\/index.php\\\/compostelle-objet-perdu\\\/#primaryimage\"},\"image\":{\"@id\":\"https:\\\/\\\/somme-compostelle.fr\\\/index.php\\\/compostelle-objet-perdu\\\/#primaryimage\"},\"thumbnailUrl\":\"https:\\\/\\\/www.somme-compostelle.fr\\\/wp-content\\\/uploads\\\/2023\\\/11\\\/compostelleAide.png\",\"datePublished\":\"2023-11-16T06:48:44+00:00\",\"dateModified\":\"2023-11-16T07:12:11+00:00\",\"description\":\"Une association Compostelle qui aide les p\u00e8lerins \u00e0 retrouver un objet perdu sur le chemin et des conseils de bivouacs.\",\"breadcrumb\":{\"@id\":\"https:\\\/\\\/somme-compostelle.fr\\\/index.php\\\/compostelle-objet-perdu\\\/#breadcrumb\"},\"inLanguage\":\"fr-FR\",\"potentialAction\":[{\"@type\":\"ReadAction\",\"target\":[\"https:\\\/\\\/somme-compostelle.fr\\\/index.php\\\/compostelle-objet-perdu\\\/\"]}]},{\"@type\":\"ImageObject\",\"inLanguage\":\"fr-FR\",\"@id\":\"https:\\\/\\\/somme-compostelle.fr\\\/index.php\\\/compostelle-objet-perdu\\\/#primaryimage\",\"url\":\"https:\\\/\\\/www.somme-compostelle.fr\\\/wp-content\\\/uploads\\\/2023\\\/11\\\/compostelleAide.png\",\"contentUrl\":\"https:\\\/\\\/www.somme-compostelle.fr\\\/wp-content\\\/uploads\\\/2023\\\/11\\\/compostelleAide.png\"},{\"@type\":\"BreadcrumbList\",\"@id\":\"https:\\\/\\\/somme-compostelle.fr\\\/index.php\\\/compostelle-objet-perdu\\\/#breadcrumb\",\"itemListElement\":[{\"@type\":\"ListItem\",\"position\":1,\"name\":\"Home\",\"item\":\"https:\\\/\\\/somme-compostelle.fr\\\/\"},{\"@type\":\"ListItem\",\"position\":2,\"name\":\"L&#8217;association qui vous aide !\"}]},{\"@type\":\"WebSite\",\"@id\":\"https:\\\/\\\/somme-compostelle.fr\\\/#website\",\"url\":\"https:\\\/\\\/somme-compostelle.fr\\\/\",\"name\":\"Somme Compostelle\",\"description\":\"Le chemin est la destination !\",\"publisher\":{\"@id\":\"https:\\\/\\\/somme-compostelle.fr\\\/#organization\"},\"potentialAction\":[{\"@type\":\"SearchAction\",\"target\":{\"@type\":\"EntryPoint\",\"urlTemplate\":\"https:\\\/\\\/somme-compostelle.fr\\\/?s={search_term_string}\"},\"query-input\":{\"@type\":\"PropertyValueSpecification\",\"valueRequired\":true,\"valueName\":\"search_term_string\"}}],\"inLanguage\":\"fr-FR\"},{\"@type\":\"Organization\",\"@id\":\"https:\\\/\\\/somme-compostelle.fr\\\/#organization\",\"name\":\"Somme Compostelle\",\"url\":\"https:\\\/\\\/somme-compostelle.fr\\\/\",\"logo\":{\"@type\":\"ImageObject\",\"inLanguage\":\"fr-FR\",\"@id\":\"https:\\\/\\\/somme-compostelle.fr\\\/#\\\/schema\\\/logo\\\/image\\\/\",\"url\":\"\",\"contentUrl\":\"\",\"caption\":\"Somme Compostelle\"},\"image\":{\"@id\":\"https:\\\/\\\/somme-compostelle.fr\\\/#\\\/schema\\\/logo\\\/image\\\/\"},\"sameAs\":[\"https:\\\/\\\/www.facebook.com\\\/sommeCompostelle\\\/\"]}]}<\/script>\n<!-- \/ Yoast SEO plugin. -->","yoast_head_json":{"title":"Compostelle objet perdu","description":"Une association Compostelle qui aide les p\u00e8lerins \u00e0 retrouver un objet perdu sur le chemin et des conseils de bivouacs.","robots":{"index":"index","follow":"follow","max-snippet":"max-snippet:-1","max-image-preview":"max-image-preview:large","max-video-preview":"max-video-preview:-1"},"canonical":"https:\/\/somme-compostelle.fr\/index.php\/compostelle-objet-perdu\/","og_locale":"fr_FR","og_type":"article","og_title":"Compostelle objet perdu","og_description":"Une association Compostelle qui aide les p\u00e8lerins \u00e0 retrouver un objet perdu sur le chemin et des conseils de bivouacs.","og_url":"https:\/\/somme-compostelle.fr\/index.php\/compostelle-objet-perdu\/","og_site_name":"Somme Compostelle","article_publisher":"https:\/\/www.facebook.com\/sommeCompostelle\/","article_modified_time":"2023-11-16T07:12:11+00:00","og_image":[{"url":"https:\/\/www.somme-compostelle.fr\/wp-content\/uploads\/2023\/11\/compostelleAide.png","type":"","width":"","height":""}],"twitter_card":"summary_large_image","twitter_misc":{"Dur\u00e9e de lecture estim\u00e9e":"1 minute"},"schema":{"@context":"https:\/\/schema.org","@graph":[{"@type":"WebPage","@id":"https:\/\/somme-compostelle.fr\/index.php\/compostelle-objet-perdu\/","url":"https:\/\/somme-compostelle.fr\/index.php\/compostelle-objet-perdu\/","name":"Compostelle objet perdu","isPartOf":{"@id":"https:\/\/somme-compostelle.fr\/#website"},"primaryImageOfPage":{"@id":"https:\/\/somme-compostelle.fr\/index.php\/compostelle-objet-perdu\/#primaryimage"},"image":{"@id":"https:\/\/somme-compostelle.fr\/index.php\/compostelle-objet-perdu\/#primaryimage"},"thumbnailUrl":"https:\/\/www.somme-compostelle.fr\/wp-content\/uploads\/2023\/11\/compostelleAide.png","datePublished":"2023-11-16T06:48:44+00:00","dateModified":"2023-11-16T07:12:11+00:00","description":"Une association Compostelle qui aide les p\u00e8lerins \u00e0 retrouver un objet perdu sur le chemin et des conseils de bivouacs.","breadcrumb":{"@id":"https:\/\/somme-compostelle.fr\/index.php\/compostelle-objet-perdu\/#breadcrumb"},"inLanguage":"fr-FR","potentialAction":[{"@type":"ReadAction","target":["https:\/\/somme-compostelle.fr\/index.php\/compostelle-objet-perdu\/"]}]},{"@type":"ImageObject","inLanguage":"fr-FR","@id":"https:\/\/somme-compostelle.fr\/index.php\/compostelle-objet-perdu\/#primaryimage","url":"https:\/\/www.somme-compostelle.fr\/wp-content\/uploads\/2023\/11\/compostelleAide.png","contentUrl":"https:\/\/www.somme-compostelle.fr\/wp-content\/uploads\/2023\/11\/compostelleAide.png"},{"@type":"BreadcrumbList","@id":"https:\/\/somme-compostelle.fr\/index.php\/compostelle-objet-perdu\/#breadcrumb","itemListElement":[{"@type":"ListItem","position":1,"name":"Home","item":"https:\/\/somme-compostelle.fr\/"},{"@type":"ListItem","position":2,"name":"L&#8217;association qui vous aide !"}]},{"@type":"WebSite","@id":"https:\/\/somme-compostelle.fr\/#website","url":"https:\/\/somme-compostelle.fr\/","name":"Somme Compostelle","description":"Le chemin est la destination !","publisher":{"@id":"https:\/\/somme-compostelle.fr\/#organization"},"potentialAction":[{"@type":"SearchAction","target":{"@type":"EntryPoint","urlTemplate":"https:\/\/somme-compostelle.fr\/?s={search_term_string}"},"query-input":{"@type":"PropertyValueSpecification","valueRequired":true,"valueName":"search_term_string"}}],"inLanguage":"fr-FR"},{"@type":"Organization","@id":"https:\/\/somme-compostelle.fr\/#organization","name":"Somme Compostelle","url":"https:\/\/somme-compostelle.fr\/","logo":{"@type":"ImageObject","inLanguage":"fr-FR","@id":"https:\/\/somme-compostelle.fr\/#\/schema\/logo\/image\/","url":"","contentUrl":"","caption":"Somme Compostelle"},"image":{"@id":"https:\/\/somme-compostelle.fr\/#\/schema\/logo\/image\/"},"sameAs":["https:\/\/www.facebook.com\/sommeCompostelle\/"]}]}},"jetpack_likes_enabled":true,"jetpack_sharing_enabled":true,"_links":{"self":[{"href":"https:\/\/somme-compostelle.fr\/index.php\/wp-json\/wp\/v2\/pages\/982","targetHints":{"allow":["GET"]}}],"collection":[{"href":"https:\/\/somme-compostelle.fr\/index.php\/wp-json\/wp\/v2\/pages"}],"about":[{"href":"https:\/\/somme-compostelle.fr\/index.php\/wp-json\/wp\/v2\/types\/page"}],"author":[{"embeddable":true,"href":"https:\/\/somme-compostelle.fr\/index.php\/wp-json\/wp\/v2\/users\/2"}],"replies":[{"embeddable":true,"href":"https:\/\/somme-compostelle.fr\/index.php\/wp-json\/wp\/v2\/comments?post=982"}],"version-history":[{"count":5,"href":"https:\/\/somme-compostelle.fr\/index.php\/wp-json\/wp\/v2\/pages\/982\/revisions"}],"predecessor-version":[{"id":997,"href":"https:\/\/somme-compostelle.fr\/index.php\/wp-json\/wp\/v2\/pages\/982\/revisions\/997"}],"wp:attachment":[{"href":"https:\/\/somme-compostelle.fr\/index.php\/wp-json\/wp\/v2\/media?parent=982"}],"curies":[{"name":"wp","href":"https:\/\/api.w.org\/{rel}","templated":true}]}}