{"id":2353,"date":"2026-02-10T11:09:29","date_gmt":"2026-02-10T10:09:29","guid":{"rendered":"https:\/\/somme-compostelle.fr\/?post_type=product&#038;p=2353"},"modified":"2026-02-12T07:59:16","modified_gmt":"2026-02-12T06:59:16","slug":"ecusson-brode-a-coudre-somme-compostelle","status":"publish","type":"product","link":"https:\/\/somme-compostelle.fr\/index.php\/produit\/ecusson-brode-a-coudre-somme-compostelle\/","title":{"rendered":"\u00c9cusson brod\u00e9 \u00e0 coudre &#8220;Somme Compostelle&#8221;"},"content":{"rendered":"<p>Formulaire de commande : <a href=\"https:\/\/somme-compostelle.fr\/wp-content\/uploads\/2026\/02\/FORMULAIRE-DE-COMMANDE_ECUSSONS.pdf\">https:\/\/somme-compostelle.fr\/wp-content\/uploads\/2026\/02\/FORMULAIRE-DE-COMMANDE_ECUSSONS.pdf<\/a><\/p>\n","protected":false},"excerpt":{"rendered":"<p>Dimensions : 6 cm x 6 cm<\/p>\n<p>Formulaire de commande disponible ci-dessous dans la rubrique &#8220;Description&#8221;.<\/p>\n","protected":false},"featured_media":2357,"comment_status":"open","ping_status":"closed","template":"","meta":{"_EventAllDay":false,"_EventTimezone":"","_EventStartDate":"","_EventEndDate":"","_EventStartDateUTC":"","_EventEndDateUTC":"","_EventShowMap":false,"_EventShowMapLink":false,"_EventURL":"","_EventCost":"","_EventCostDescription":"","_EventCurrencySymbol":"","_EventCurrencyCode":"","_EventCurrencyPosition":"","_EventDateTimeSeparator":"","_EventTimeRangeSeparator":"","_EventOrganizerID":[],"_EventVenueID":[],"_OrganizerEmail":"","_OrganizerPhone":"","_OrganizerWebsite":"","_VenueAddress":"","_VenueCity":"","_VenueCountry":"","_VenueProvince":"","_VenueState":"","_VenueZip":"","_VenuePhone":"","_VenueURL":"","_VenueStateProvince":"","_VenueLat":"","_VenueLng":"","_VenueShowMap":false,"_VenueShowMapLink":false},"product_brand":[],"product_cat":[60],"product_tag":[],"class_list":{"0":"post-2353","1":"product","2":"type-product","3":"status-publish","4":"has-post-thumbnail","6":"product_cat-ecusson-brode-a-coudre","8":"first","9":"outofstock","10":"shipping-taxable","11":"product-type-simple"},"yoast_head":"<!-- This site is optimized with the Yoast SEO plugin v27.6 - https:\/\/yoast.com\/product\/yoast-seo-wordpress\/ -->\n<title>\u00c9cusson brod\u00e9 \u00e0 coudre &quot;Somme Compostelle&quot; - Somme Compostelle<\/title>\n<meta name=\"robots\" content=\"index, follow, max-snippet:-1, max-image-preview:large, max-video-preview:-1\" \/>\n<link rel=\"canonical\" href=\"https:\/\/somme-compostelle.fr\/index.php\/produit\/ecusson-brode-a-coudre-somme-compostelle\/\" \/>\n<meta property=\"og:locale\" content=\"fr_FR\" \/>\n<meta property=\"og:type\" content=\"article\" \/>\n<meta property=\"og:title\" content=\"\u00c9cusson brod\u00e9 \u00e0 coudre &quot;Somme Compostelle&quot; - Somme Compostelle\" \/>\n<meta property=\"og:description\" content=\"Dimensions : 6 cm x 6 cmFormulaire de commande disponible ci-dessous dans la rubrique &quot;Description&quot;.\" \/>\n<meta property=\"og:url\" content=\"https:\/\/somme-compostelle.fr\/index.php\/produit\/ecusson-brode-a-coudre-somme-compostelle\/\" \/>\n<meta property=\"og:site_name\" content=\"Somme Compostelle\" \/>\n<meta property=\"article:publisher\" content=\"https:\/\/www.facebook.com\/sommeCompostelle\/\" \/>\n<meta property=\"article:modified_time\" content=\"2026-02-12T06:59:16+00:00\" \/>\n<meta property=\"og:image\" content=\"https:\/\/somme-compostelle.fr\/wp-content\/uploads\/2026\/02\/PXL_20260209_164737926.PORTRAIT.ORIGINAL1-scaled.jpg\" \/>\n\t<meta property=\"og:image:width\" content=\"1440\" \/>\n\t<meta property=\"og:image:height\" content=\"2560\" \/>\n\t<meta property=\"og:image:type\" content=\"image\/jpeg\" \/>\n<meta name=\"twitter:card\" content=\"summary_large_image\" \/>\n<script type=\"application\/ld+json\" class=\"yoast-schema-graph\">{\"@context\":\"https:\\\/\\\/schema.org\",\"@graph\":[{\"@type\":\"WebPage\",\"@id\":\"https:\\\/\\\/somme-compostelle.fr\\\/index.php\\\/produit\\\/ecusson-brode-a-coudre-somme-compostelle\\\/\",\"url\":\"https:\\\/\\\/somme-compostelle.fr\\\/index.php\\\/produit\\\/ecusson-brode-a-coudre-somme-compostelle\\\/\",\"name\":\"\u00c9cusson brod\u00e9 \u00e0 coudre \\\"Somme Compostelle\\\" - Somme Compostelle\",\"isPartOf\":{\"@id\":\"https:\\\/\\\/somme-compostelle.fr\\\/#website\"},\"primaryImageOfPage\":{\"@id\":\"https:\\\/\\\/somme-compostelle.fr\\\/index.php\\\/produit\\\/ecusson-brode-a-coudre-somme-compostelle\\\/#primaryimage\"},\"image\":{\"@id\":\"https:\\\/\\\/somme-compostelle.fr\\\/index.php\\\/produit\\\/ecusson-brode-a-coudre-somme-compostelle\\\/#primaryimage\"},\"thumbnailUrl\":\"https:\\\/\\\/somme-compostelle.fr\\\/wp-content\\\/uploads\\\/2026\\\/02\\\/PXL_20260209_164737926.PORTRAIT.ORIGINAL1-scaled.jpg\",\"datePublished\":\"2026-02-10T10:09:29+00:00\",\"dateModified\":\"2026-02-12T06:59:16+00:00\",\"breadcrumb\":{\"@id\":\"https:\\\/\\\/somme-compostelle.fr\\\/index.php\\\/produit\\\/ecusson-brode-a-coudre-somme-compostelle\\\/#breadcrumb\"},\"inLanguage\":\"fr-FR\",\"potentialAction\":[{\"@type\":\"ReadAction\",\"target\":[\"https:\\\/\\\/somme-compostelle.fr\\\/index.php\\\/produit\\\/ecusson-brode-a-coudre-somme-compostelle\\\/\"]}]},{\"@type\":\"ImageObject\",\"inLanguage\":\"fr-FR\",\"@id\":\"https:\\\/\\\/somme-compostelle.fr\\\/index.php\\\/produit\\\/ecusson-brode-a-coudre-somme-compostelle\\\/#primaryimage\",\"url\":\"https:\\\/\\\/somme-compostelle.fr\\\/wp-content\\\/uploads\\\/2026\\\/02\\\/PXL_20260209_164737926.PORTRAIT.ORIGINAL1-scaled.jpg\",\"contentUrl\":\"https:\\\/\\\/somme-compostelle.fr\\\/wp-content\\\/uploads\\\/2026\\\/02\\\/PXL_20260209_164737926.PORTRAIT.ORIGINAL1-scaled.jpg\",\"width\":1440,\"height\":2560},{\"@type\":\"BreadcrumbList\",\"@id\":\"https:\\\/\\\/somme-compostelle.fr\\\/index.php\\\/produit\\\/ecusson-brode-a-coudre-somme-compostelle\\\/#breadcrumb\",\"itemListElement\":[{\"@type\":\"ListItem\",\"position\":1,\"name\":\"Home\",\"item\":\"https:\\\/\\\/somme-compostelle.fr\\\/\"},{\"@type\":\"ListItem\",\"position\":2,\"name\":\"\u00c9cusson brod\u00e9 \u00e0 coudre &#8220;Somme Compostelle&#8221;\"}]},{\"@type\":\"WebSite\",\"@id\":\"https:\\\/\\\/somme-compostelle.fr\\\/#website\",\"url\":\"https:\\\/\\\/somme-compostelle.fr\\\/\",\"name\":\"Somme Compostelle\",\"description\":\"Le chemin est la destination !\",\"publisher\":{\"@id\":\"https:\\\/\\\/somme-compostelle.fr\\\/#organization\"},\"potentialAction\":[{\"@type\":\"SearchAction\",\"target\":{\"@type\":\"EntryPoint\",\"urlTemplate\":\"https:\\\/\\\/somme-compostelle.fr\\\/?s={search_term_string}\"},\"query-input\":{\"@type\":\"PropertyValueSpecification\",\"valueRequired\":true,\"valueName\":\"search_term_string\"}}],\"inLanguage\":\"fr-FR\"},{\"@type\":\"Organization\",\"@id\":\"https:\\\/\\\/somme-compostelle.fr\\\/#organization\",\"name\":\"Somme Compostelle\",\"url\":\"https:\\\/\\\/somme-compostelle.fr\\\/\",\"logo\":{\"@type\":\"ImageObject\",\"inLanguage\":\"fr-FR\",\"@id\":\"https:\\\/\\\/somme-compostelle.fr\\\/#\\\/schema\\\/logo\\\/image\\\/\",\"url\":\"\",\"contentUrl\":\"\",\"caption\":\"Somme Compostelle\"},\"image\":{\"@id\":\"https:\\\/\\\/somme-compostelle.fr\\\/#\\\/schema\\\/logo\\\/image\\\/\"},\"sameAs\":[\"https:\\\/\\\/www.facebook.com\\\/sommeCompostelle\\\/\"]}]}<\/script>\n<!-- \/ Yoast SEO plugin. -->","yoast_head_json":{"title":"\u00c9cusson brod\u00e9 \u00e0 coudre \"Somme Compostelle\" - Somme Compostelle","robots":{"index":"index","follow":"follow","max-snippet":"max-snippet:-1","max-image-preview":"max-image-preview:large","max-video-preview":"max-video-preview:-1"},"canonical":"https:\/\/somme-compostelle.fr\/index.php\/produit\/ecusson-brode-a-coudre-somme-compostelle\/","og_locale":"fr_FR","og_type":"article","og_title":"\u00c9cusson brod\u00e9 \u00e0 coudre \"Somme Compostelle\" - Somme Compostelle","og_description":"Dimensions : 6 cm x 6 cmFormulaire de commande disponible ci-dessous dans la rubrique \"Description\".","og_url":"https:\/\/somme-compostelle.fr\/index.php\/produit\/ecusson-brode-a-coudre-somme-compostelle\/","og_site_name":"Somme Compostelle","article_publisher":"https:\/\/www.facebook.com\/sommeCompostelle\/","article_modified_time":"2026-02-12T06:59:16+00:00","og_image":[{"width":1440,"height":2560,"url":"https:\/\/somme-compostelle.fr\/wp-content\/uploads\/2026\/02\/PXL_20260209_164737926.PORTRAIT.ORIGINAL1-scaled.jpg","type":"image\/jpeg"}],"twitter_card":"summary_large_image","schema":{"@context":"https:\/\/schema.org","@graph":[{"@type":"WebPage","@id":"https:\/\/somme-compostelle.fr\/index.php\/produit\/ecusson-brode-a-coudre-somme-compostelle\/","url":"https:\/\/somme-compostelle.fr\/index.php\/produit\/ecusson-brode-a-coudre-somme-compostelle\/","name":"\u00c9cusson brod\u00e9 \u00e0 coudre \"Somme Compostelle\" - Somme Compostelle","isPartOf":{"@id":"https:\/\/somme-compostelle.fr\/#website"},"primaryImageOfPage":{"@id":"https:\/\/somme-compostelle.fr\/index.php\/produit\/ecusson-brode-a-coudre-somme-compostelle\/#primaryimage"},"image":{"@id":"https:\/\/somme-compostelle.fr\/index.php\/produit\/ecusson-brode-a-coudre-somme-compostelle\/#primaryimage"},"thumbnailUrl":"https:\/\/somme-compostelle.fr\/wp-content\/uploads\/2026\/02\/PXL_20260209_164737926.PORTRAIT.ORIGINAL1-scaled.jpg","datePublished":"2026-02-10T10:09:29+00:00","dateModified":"2026-02-12T06:59:16+00:00","breadcrumb":{"@id":"https:\/\/somme-compostelle.fr\/index.php\/produit\/ecusson-brode-a-coudre-somme-compostelle\/#breadcrumb"},"inLanguage":"fr-FR","potentialAction":[{"@type":"ReadAction","target":["https:\/\/somme-compostelle.fr\/index.php\/produit\/ecusson-brode-a-coudre-somme-compostelle\/"]}]},{"@type":"ImageObject","inLanguage":"fr-FR","@id":"https:\/\/somme-compostelle.fr\/index.php\/produit\/ecusson-brode-a-coudre-somme-compostelle\/#primaryimage","url":"https:\/\/somme-compostelle.fr\/wp-content\/uploads\/2026\/02\/PXL_20260209_164737926.PORTRAIT.ORIGINAL1-scaled.jpg","contentUrl":"https:\/\/somme-compostelle.fr\/wp-content\/uploads\/2026\/02\/PXL_20260209_164737926.PORTRAIT.ORIGINAL1-scaled.jpg","width":1440,"height":2560},{"@type":"BreadcrumbList","@id":"https:\/\/somme-compostelle.fr\/index.php\/produit\/ecusson-brode-a-coudre-somme-compostelle\/#breadcrumb","itemListElement":[{"@type":"ListItem","position":1,"name":"Home","item":"https:\/\/somme-compostelle.fr\/"},{"@type":"ListItem","position":2,"name":"\u00c9cusson brod\u00e9 \u00e0 coudre &#8220;Somme Compostelle&#8221;"}]},{"@type":"WebSite","@id":"https:\/\/somme-compostelle.fr\/#website","url":"https:\/\/somme-compostelle.fr\/","name":"Somme Compostelle","description":"Le chemin est la destination !","publisher":{"@id":"https:\/\/somme-compostelle.fr\/#organization"},"potentialAction":[{"@type":"SearchAction","target":{"@type":"EntryPoint","urlTemplate":"https:\/\/somme-compostelle.fr\/?s={search_term_string}"},"query-input":{"@type":"PropertyValueSpecification","valueRequired":true,"valueName":"search_term_string"}}],"inLanguage":"fr-FR"},{"@type":"Organization","@id":"https:\/\/somme-compostelle.fr\/#organization","name":"Somme Compostelle","url":"https:\/\/somme-compostelle.fr\/","logo":{"@type":"ImageObject","inLanguage":"fr-FR","@id":"https:\/\/somme-compostelle.fr\/#\/schema\/logo\/image\/","url":"","contentUrl":"","caption":"Somme Compostelle"},"image":{"@id":"https:\/\/somme-compostelle.fr\/#\/schema\/logo\/image\/"},"sameAs":["https:\/\/www.facebook.com\/sommeCompostelle\/"]}]}},"jetpack_likes_enabled":true,"jetpack_sharing_enabled":true,"_links":{"self":[{"href":"https:\/\/somme-compostelle.fr\/index.php\/wp-json\/wp\/v2\/product\/2353","targetHints":{"allow":["GET"]}}],"collection":[{"href":"https:\/\/somme-compostelle.fr\/index.php\/wp-json\/wp\/v2\/product"}],"about":[{"href":"https:\/\/somme-compostelle.fr\/index.php\/wp-json\/wp\/v2\/types\/product"}],"replies":[{"embeddable":true,"href":"https:\/\/somme-compostelle.fr\/index.php\/wp-json\/wp\/v2\/comments?post=2353"}],"wp:featuredmedia":[{"embeddable":true,"href":"https:\/\/somme-compostelle.fr\/index.php\/wp-json\/wp\/v2\/media\/2357"}],"wp:attachment":[{"href":"https:\/\/somme-compostelle.fr\/index.php\/wp-json\/wp\/v2\/media?parent=2353"}],"wp:term":[{"taxonomy":"product_brand","embeddable":true,"href":"https:\/\/somme-compostelle.fr\/index.php\/wp-json\/wp\/v2\/product_brand?post=2353"},{"taxonomy":"product_cat","embeddable":true,"href":"https:\/\/somme-compostelle.fr\/index.php\/wp-json\/wp\/v2\/product_cat?post=2353"},{"taxonomy":"product_tag","embeddable":true,"href":"https:\/\/somme-compostelle.fr\/index.php\/wp-json\/wp\/v2\/product_tag?post=2353"}],"curies":[{"name":"wp","href":"https:\/\/api.w.org\/{rel}","templated":true}]}}