{"id":328,"date":"2023-07-28T15:28:21","date_gmt":"2023-07-28T13:28:21","guid":{"rendered":"https:\/\/somme-compostelle.fr\/?post_type=product&#038;p=328"},"modified":"2024-05-13T09:06:54","modified_gmt":"2024-05-13T07:06:54","slug":"credentiale","status":"publish","type":"product","link":"https:\/\/somme-compostelle.fr\/index.php\/produit\/credentiale\/","title":{"rendered":"Cr\u00e9dentiale"},"content":{"rendered":"","protected":false},"excerpt":{"rendered":"<p><span style=\"font-family: var(--wp--preset--font-family--system-font)\">Autrefois, les \u00e9v\u00eaques d\u00e9livraient aux p\u00e8lerins une attestation qui leur permettait de voyager, tout en authentifiant leur condition de p\u00e8lerin.<\/span><\/p>\n<p>Aujourd&#8217;hui, la cr\u00e9dencial (d\u00e9livr\u00e9e par les associations) et la cr\u00e9anciale (d\u00e9livr\u00e9e par l&#8217;Eglise) en sont les h\u00e9riti\u00e8res. Elles sont destin\u00e9es aux marcheurs, cyclistes ou cavaliers se rendant \u00e0 Compostelle. Elles ouvrent \u00e0 un devoir de respect et de tol\u00e9rance et permettent au p\u00e8lerin contemporain :<\/p>\n<ul>\n<li>\n<p>d&#8217;acc\u00e9der aux g\u00eetes qui lui sont r\u00e9serv\u00e9s (la cr\u00e9dencial est obligatoire en Espagne et recommand\u00e9e en France ainsi que dans les autres pays),<\/p>\n<\/li>\n<li>\n<p>d&#8217;obtenir la Compostela (certificat de p\u00e8lerinage) \u00e0 son arriv\u00e9e \u00e0 Saint-Jacques de Compostelle.<\/p>\n<\/li>\n<\/ul>\n<p>La cr\u00e9denciale constitue \u00e9galement un appr\u00e9ciable souvenir, porte rest\u00e9e ouverte sur un inoubliable p\u00e9riple\u2026<\/p>\n","protected":false},"featured_media":977,"comment_status":"open","ping_status":"closed","template":"","meta":{"_EventAllDay":false,"_EventTimezone":"","_EventStartDate":"","_EventEndDate":"","_EventStartDateUTC":"","_EventEndDateUTC":"","_EventShowMap":false,"_EventShowMapLink":false,"_EventURL":"","_EventCost":"","_EventCostDescription":"","_EventCurrencySymbol":"","_EventCurrencyCode":"","_EventCurrencyPosition":"","_EventDateTimeSeparator":"","_EventTimeRangeSeparator":"","_EventOrganizerID":[],"_EventVenueID":[],"_OrganizerEmail":"","_OrganizerPhone":"","_OrganizerWebsite":"","_VenueAddress":"","_VenueCity":"","_VenueCountry":"","_VenueProvince":"","_VenueState":"","_VenueZip":"","_VenuePhone":"","_VenueURL":"","_VenueStateProvince":"","_VenueLat":"","_VenueLng":"","_VenueShowMap":false,"_VenueShowMapLink":false},"product_brand":[],"product_cat":[58],"product_tag":[],"class_list":{"0":"post-328","1":"product","2":"type-product","3":"status-publish","4":"has-post-thumbnail","6":"product_cat-credentiales","7":"product_shipping_class-credentiales","9":"first","10":"instock","11":"shipping-taxable","12":"purchasable","13":"product-type-simple"},"yoast_head":"<!-- This site is optimized with the Yoast SEO plugin v27.6 - https:\/\/yoast.com\/product\/yoast-seo-wordpress\/ -->\n<title>Cr\u00e9dentiale - Somme Compostelle<\/title>\n<meta name=\"robots\" content=\"index, follow, max-snippet:-1, max-image-preview:large, max-video-preview:-1\" \/>\n<link rel=\"canonical\" href=\"https:\/\/somme-compostelle.fr\/index.php\/produit\/credentiale\/\" \/>\n<meta property=\"og:locale\" content=\"fr_FR\" \/>\n<meta property=\"og:type\" content=\"article\" \/>\n<meta property=\"og:title\" content=\"Cr\u00e9dentiale - Somme Compostelle\" \/>\n<meta property=\"og:description\" content=\"Autrefois, les \u00e9v\u00eaques d\u00e9livraient aux p\u00e8lerins une attestation qui leur permettait de voyager, tout en authentifiant leur condition de p\u00e8lerin.Aujourd&#039;hui, la cr\u00e9dencial (d\u00e9livr\u00e9e par les associations) et la cr\u00e9anciale (d\u00e9livr\u00e9e par l&#039;Eglise) en sont les h\u00e9riti\u00e8res. Elles sont destin\u00e9es aux marcheurs, cyclistes ou cavaliers se rendant \u00e0 Compostelle. Elles ouvrent \u00e0 un devoir de respect et de tol\u00e9rance et permettent au p\u00e8lerin contemporain :d&#039;acc\u00e9der aux g\u00eetes qui lui sont r\u00e9serv\u00e9s (la cr\u00e9dencial est obligatoire en Espagne et recommand\u00e9e en France ainsi que dans les autres pays),d&#039;obtenir la Compostela (certificat de p\u00e8lerinage) \u00e0 son arriv\u00e9e \u00e0 Saint-Jacques de Compostelle.La cr\u00e9denciale constitue \u00e9galement un appr\u00e9ciable souvenir, porte rest\u00e9e ouverte sur un inoubliable p\u00e9riple\u2026\" \/>\n<meta property=\"og:url\" content=\"https:\/\/somme-compostelle.fr\/index.php\/produit\/credentiale\/\" \/>\n<meta property=\"og:site_name\" content=\"Somme Compostelle\" \/>\n<meta property=\"article:publisher\" content=\"https:\/\/www.facebook.com\/sommeCompostelle\/\" \/>\n<meta property=\"article:modified_time\" content=\"2024-05-13T07:06:54+00:00\" \/>\n<meta property=\"og:image\" content=\"https:\/\/somme-compostelle.fr\/wp-content\/uploads\/2023\/11\/credentialeOk.jpg\" \/>\n\t<meta property=\"og:image:width\" content=\"1045\" \/>\n\t<meta property=\"og:image:height\" content=\"1872\" \/>\n\t<meta property=\"og:image:type\" content=\"image\/jpeg\" \/>\n<meta name=\"twitter:card\" content=\"summary_large_image\" \/>\n<script type=\"application\/ld+json\" class=\"yoast-schema-graph\">{\"@context\":\"https:\\\/\\\/schema.org\",\"@graph\":[{\"@type\":\"WebPage\",\"@id\":\"https:\\\/\\\/somme-compostelle.fr\\\/index.php\\\/produit\\\/credentiale\\\/\",\"url\":\"https:\\\/\\\/somme-compostelle.fr\\\/index.php\\\/produit\\\/credentiale\\\/\",\"name\":\"Cr\u00e9dentiale - Somme Compostelle\",\"isPartOf\":{\"@id\":\"https:\\\/\\\/somme-compostelle.fr\\\/#website\"},\"primaryImageOfPage\":{\"@id\":\"https:\\\/\\\/somme-compostelle.fr\\\/index.php\\\/produit\\\/credentiale\\\/#primaryimage\"},\"image\":{\"@id\":\"https:\\\/\\\/somme-compostelle.fr\\\/index.php\\\/produit\\\/credentiale\\\/#primaryimage\"},\"thumbnailUrl\":\"https:\\\/\\\/somme-compostelle.fr\\\/wp-content\\\/uploads\\\/2023\\\/11\\\/credentialeOk.jpg\",\"datePublished\":\"2023-07-28T13:28:21+00:00\",\"dateModified\":\"2024-05-13T07:06:54+00:00\",\"breadcrumb\":{\"@id\":\"https:\\\/\\\/somme-compostelle.fr\\\/index.php\\\/produit\\\/credentiale\\\/#breadcrumb\"},\"inLanguage\":\"fr-FR\",\"potentialAction\":[{\"@type\":\"ReadAction\",\"target\":[\"https:\\\/\\\/somme-compostelle.fr\\\/index.php\\\/produit\\\/credentiale\\\/\"]}]},{\"@type\":\"ImageObject\",\"inLanguage\":\"fr-FR\",\"@id\":\"https:\\\/\\\/somme-compostelle.fr\\\/index.php\\\/produit\\\/credentiale\\\/#primaryimage\",\"url\":\"https:\\\/\\\/somme-compostelle.fr\\\/wp-content\\\/uploads\\\/2023\\\/11\\\/credentialeOk.jpg\",\"contentUrl\":\"https:\\\/\\\/somme-compostelle.fr\\\/wp-content\\\/uploads\\\/2023\\\/11\\\/credentialeOk.jpg\",\"width\":1045,\"height\":1872,\"caption\":\"Created with GIMP\"},{\"@type\":\"BreadcrumbList\",\"@id\":\"https:\\\/\\\/somme-compostelle.fr\\\/index.php\\\/produit\\\/credentiale\\\/#breadcrumb\",\"itemListElement\":[{\"@type\":\"ListItem\",\"position\":1,\"name\":\"Home\",\"item\":\"https:\\\/\\\/somme-compostelle.fr\\\/\"},{\"@type\":\"ListItem\",\"position\":2,\"name\":\"Cr\u00e9dentiale\"}]},{\"@type\":\"WebSite\",\"@id\":\"https:\\\/\\\/somme-compostelle.fr\\\/#website\",\"url\":\"https:\\\/\\\/somme-compostelle.fr\\\/\",\"name\":\"Somme Compostelle\",\"description\":\"Le chemin est la destination !\",\"publisher\":{\"@id\":\"https:\\\/\\\/somme-compostelle.fr\\\/#organization\"},\"potentialAction\":[{\"@type\":\"SearchAction\",\"target\":{\"@type\":\"EntryPoint\",\"urlTemplate\":\"https:\\\/\\\/somme-compostelle.fr\\\/?s={search_term_string}\"},\"query-input\":{\"@type\":\"PropertyValueSpecification\",\"valueRequired\":true,\"valueName\":\"search_term_string\"}}],\"inLanguage\":\"fr-FR\"},{\"@type\":\"Organization\",\"@id\":\"https:\\\/\\\/somme-compostelle.fr\\\/#organization\",\"name\":\"Somme Compostelle\",\"url\":\"https:\\\/\\\/somme-compostelle.fr\\\/\",\"logo\":{\"@type\":\"ImageObject\",\"inLanguage\":\"fr-FR\",\"@id\":\"https:\\\/\\\/somme-compostelle.fr\\\/#\\\/schema\\\/logo\\\/image\\\/\",\"url\":\"\",\"contentUrl\":\"\",\"caption\":\"Somme Compostelle\"},\"image\":{\"@id\":\"https:\\\/\\\/somme-compostelle.fr\\\/#\\\/schema\\\/logo\\\/image\\\/\"},\"sameAs\":[\"https:\\\/\\\/www.facebook.com\\\/sommeCompostelle\\\/\"]}]}<\/script>\n<!-- \/ Yoast SEO plugin. -->","yoast_head_json":{"title":"Cr\u00e9dentiale - Somme Compostelle","robots":{"index":"index","follow":"follow","max-snippet":"max-snippet:-1","max-image-preview":"max-image-preview:large","max-video-preview":"max-video-preview:-1"},"canonical":"https:\/\/somme-compostelle.fr\/index.php\/produit\/credentiale\/","og_locale":"fr_FR","og_type":"article","og_title":"Cr\u00e9dentiale - Somme Compostelle","og_description":"Autrefois, les \u00e9v\u00eaques d\u00e9livraient aux p\u00e8lerins une attestation qui leur permettait de voyager, tout en authentifiant leur condition de p\u00e8lerin.Aujourd'hui, la cr\u00e9dencial (d\u00e9livr\u00e9e par les associations) et la cr\u00e9anciale (d\u00e9livr\u00e9e par l'Eglise) en sont les h\u00e9riti\u00e8res. Elles sont destin\u00e9es aux marcheurs, cyclistes ou cavaliers se rendant \u00e0 Compostelle. Elles ouvrent \u00e0 un devoir de respect et de tol\u00e9rance et permettent au p\u00e8lerin contemporain :d'acc\u00e9der aux g\u00eetes qui lui sont r\u00e9serv\u00e9s (la cr\u00e9dencial est obligatoire en Espagne et recommand\u00e9e en France ainsi que dans les autres pays),d'obtenir la Compostela (certificat de p\u00e8lerinage) \u00e0 son arriv\u00e9e \u00e0 Saint-Jacques de Compostelle.La cr\u00e9denciale constitue \u00e9galement un appr\u00e9ciable souvenir, porte rest\u00e9e ouverte sur un inoubliable p\u00e9riple\u2026","og_url":"https:\/\/somme-compostelle.fr\/index.php\/produit\/credentiale\/","og_site_name":"Somme Compostelle","article_publisher":"https:\/\/www.facebook.com\/sommeCompostelle\/","article_modified_time":"2024-05-13T07:06:54+00:00","og_image":[{"width":1045,"height":1872,"url":"https:\/\/somme-compostelle.fr\/wp-content\/uploads\/2023\/11\/credentialeOk.jpg","type":"image\/jpeg"}],"twitter_card":"summary_large_image","schema":{"@context":"https:\/\/schema.org","@graph":[{"@type":"WebPage","@id":"https:\/\/somme-compostelle.fr\/index.php\/produit\/credentiale\/","url":"https:\/\/somme-compostelle.fr\/index.php\/produit\/credentiale\/","name":"Cr\u00e9dentiale - Somme Compostelle","isPartOf":{"@id":"https:\/\/somme-compostelle.fr\/#website"},"primaryImageOfPage":{"@id":"https:\/\/somme-compostelle.fr\/index.php\/produit\/credentiale\/#primaryimage"},"image":{"@id":"https:\/\/somme-compostelle.fr\/index.php\/produit\/credentiale\/#primaryimage"},"thumbnailUrl":"https:\/\/somme-compostelle.fr\/wp-content\/uploads\/2023\/11\/credentialeOk.jpg","datePublished":"2023-07-28T13:28:21+00:00","dateModified":"2024-05-13T07:06:54+00:00","breadcrumb":{"@id":"https:\/\/somme-compostelle.fr\/index.php\/produit\/credentiale\/#breadcrumb"},"inLanguage":"fr-FR","potentialAction":[{"@type":"ReadAction","target":["https:\/\/somme-compostelle.fr\/index.php\/produit\/credentiale\/"]}]},{"@type":"ImageObject","inLanguage":"fr-FR","@id":"https:\/\/somme-compostelle.fr\/index.php\/produit\/credentiale\/#primaryimage","url":"https:\/\/somme-compostelle.fr\/wp-content\/uploads\/2023\/11\/credentialeOk.jpg","contentUrl":"https:\/\/somme-compostelle.fr\/wp-content\/uploads\/2023\/11\/credentialeOk.jpg","width":1045,"height":1872,"caption":"Created with GIMP"},{"@type":"BreadcrumbList","@id":"https:\/\/somme-compostelle.fr\/index.php\/produit\/credentiale\/#breadcrumb","itemListElement":[{"@type":"ListItem","position":1,"name":"Home","item":"https:\/\/somme-compostelle.fr\/"},{"@type":"ListItem","position":2,"name":"Cr\u00e9dentiale"}]},{"@type":"WebSite","@id":"https:\/\/somme-compostelle.fr\/#website","url":"https:\/\/somme-compostelle.fr\/","name":"Somme Compostelle","description":"Le chemin est la destination !","publisher":{"@id":"https:\/\/somme-compostelle.fr\/#organization"},"potentialAction":[{"@type":"SearchAction","target":{"@type":"EntryPoint","urlTemplate":"https:\/\/somme-compostelle.fr\/?s={search_term_string}"},"query-input":{"@type":"PropertyValueSpecification","valueRequired":true,"valueName":"search_term_string"}}],"inLanguage":"fr-FR"},{"@type":"Organization","@id":"https:\/\/somme-compostelle.fr\/#organization","name":"Somme Compostelle","url":"https:\/\/somme-compostelle.fr\/","logo":{"@type":"ImageObject","inLanguage":"fr-FR","@id":"https:\/\/somme-compostelle.fr\/#\/schema\/logo\/image\/","url":"","contentUrl":"","caption":"Somme Compostelle"},"image":{"@id":"https:\/\/somme-compostelle.fr\/#\/schema\/logo\/image\/"},"sameAs":["https:\/\/www.facebook.com\/sommeCompostelle\/"]}]}},"jetpack_likes_enabled":true,"jetpack_sharing_enabled":true,"_links":{"self":[{"href":"https:\/\/somme-compostelle.fr\/index.php\/wp-json\/wp\/v2\/product\/328","targetHints":{"allow":["GET"]}}],"collection":[{"href":"https:\/\/somme-compostelle.fr\/index.php\/wp-json\/wp\/v2\/product"}],"about":[{"href":"https:\/\/somme-compostelle.fr\/index.php\/wp-json\/wp\/v2\/types\/product"}],"replies":[{"embeddable":true,"href":"https:\/\/somme-compostelle.fr\/index.php\/wp-json\/wp\/v2\/comments?post=328"}],"wp:featuredmedia":[{"embeddable":true,"href":"https:\/\/somme-compostelle.fr\/index.php\/wp-json\/wp\/v2\/media\/977"}],"wp:attachment":[{"href":"https:\/\/somme-compostelle.fr\/index.php\/wp-json\/wp\/v2\/media?parent=328"}],"wp:term":[{"taxonomy":"product_brand","embeddable":true,"href":"https:\/\/somme-compostelle.fr\/index.php\/wp-json\/wp\/v2\/product_brand?post=328"},{"taxonomy":"product_cat","embeddable":true,"href":"https:\/\/somme-compostelle.fr\/index.php\/wp-json\/wp\/v2\/product_cat?post=328"},{"taxonomy":"product_tag","embeddable":true,"href":"https:\/\/somme-compostelle.fr\/index.php\/wp-json\/wp\/v2\/product_tag?post=328"}],"curies":[{"name":"wp","href":"https:\/\/api.w.org\/{rel}","templated":true}]}}