{"id":963,"date":"2023-11-04T11:41:24","date_gmt":"2023-11-04T10:41:24","guid":{"rendered":"https:\/\/www.somme-compostelle.fr\/?post_type=product&#038;p=963"},"modified":"2025-02-12T07:37:43","modified_gmt":"2025-02-12T06:37:43","slug":"chemin-damiens-a-rouen","status":"publish","type":"product","link":"https:\/\/somme-compostelle.fr\/index.php\/produit\/chemin-damiens-a-rouen\/","title":{"rendered":"Chemin d&#8217;Amiens \u00e0 Rouen"},"content":{"rendered":"\n<p><strong>Le guide du Chemin d\u2019Amiens \u00e0 Rouen&nbsp; permet de rejoindre&nbsp; Les chemins de Compostelle de Rouen \u00e0 Chartres ou plus longuement Via le Mont saint-Michel (Guide Rouen-Mt Saint-Michel en vente par l\u2019association des Chemins du Mont Saint Michel)<\/strong><\/p>\n\n\n\n<p><strong>L\u2019itin\u00e9raire balis\u00e9 part de la cath\u00e9drale d\u2019Amiens pour rejoindre celle de Rouen. Ce guide historique et patrimonial (48 p. tout couleur) offre aussi une cartographie et un descriptif pr\u00e9cis pour chacune des sept \u00e9tapes (165 km) qui relient d\u00e9sormais les Hauts de France \u00e0 la Normandie.<\/strong><\/p>\n\n\n\n<p><strong>Publication r\u00e9alis\u00e9e en collaboration avec l\u2019association &#8220;Les chemins du Mont saint-Michel&#8221;, avec le soutien de la DRAC Normandie<\/strong><\/p>\n","protected":false},"excerpt":{"rendered":"<p>Topo-guide qui permet de relier Amiens \u00e0 Rouen ensuivant le balisage des Chemin du Mont St Michel.<\/p>\n","protected":false},"featured_media":972,"comment_status":"open","ping_status":"closed","template":"","meta":{"_EventAllDay":false,"_EventTimezone":"","_EventStartDate":"","_EventEndDate":"","_EventStartDateUTC":"","_EventEndDateUTC":"","_EventShowMap":false,"_EventShowMapLink":false,"_EventURL":"","_EventCost":"","_EventCostDescription":"","_EventCurrencySymbol":"","_EventCurrencyCode":"","_EventCurrencyPosition":"","_EventDateTimeSeparator":"","_EventTimeRangeSeparator":"","_EventOrganizerID":[],"_EventVenueID":[],"_OrganizerEmail":"","_OrganizerPhone":"","_OrganizerWebsite":"","_VenueAddress":"","_VenueCity":"","_VenueCountry":"","_VenueProvince":"","_VenueState":"","_VenueZip":"","_VenuePhone":"","_VenueURL":"","_VenueStateProvince":"","_VenueLat":"","_VenueLng":"","_VenueShowMap":false,"_VenueShowMapLink":false},"product_brand":[],"product_cat":[56],"product_tag":[],"class_list":{"0":"post-963","1":"product","2":"type-product","3":"status-publish","4":"has-post-thumbnail","6":"product_cat-guides","7":"product_shipping_class-guides","9":"first","10":"outofstock","11":"purchasable","12":"product-type-simple"},"yoast_head":"<!-- This site is optimized with the Yoast SEO plugin v27.6 - https:\/\/yoast.com\/product\/yoast-seo-wordpress\/ -->\n<title>Chemin d&#039;Amiens \u00e0 Rouen - Somme Compostelle<\/title>\n<meta name=\"robots\" content=\"index, follow, max-snippet:-1, max-image-preview:large, max-video-preview:-1\" \/>\n<link rel=\"canonical\" href=\"https:\/\/somme-compostelle.fr\/index.php\/produit\/chemin-damiens-a-rouen\/\" \/>\n<meta property=\"og:locale\" content=\"fr_FR\" \/>\n<meta property=\"og:type\" content=\"article\" \/>\n<meta property=\"og:title\" content=\"Chemin d&#039;Amiens \u00e0 Rouen - Somme Compostelle\" \/>\n<meta property=\"og:description\" content=\"Topo-guide qui permet de relier Amiens \u00e0 Rouen ensuivant le balisage des Chemin du Mont St Michel.\" \/>\n<meta property=\"og:url\" content=\"https:\/\/somme-compostelle.fr\/index.php\/produit\/chemin-damiens-a-rouen\/\" \/>\n<meta property=\"og:site_name\" content=\"Somme Compostelle\" \/>\n<meta property=\"article:publisher\" content=\"https:\/\/www.facebook.com\/sommeCompostelle\/\" \/>\n<meta property=\"article:modified_time\" content=\"2025-02-12T06:37:43+00:00\" \/>\n<meta property=\"og:image\" content=\"https:\/\/somme-compostelle.fr\/wp-content\/uploads\/2023\/11\/couvertureRouen.jpg\" \/>\n\t<meta property=\"og:image:width\" content=\"380\" \/>\n\t<meta property=\"og:image:height\" content=\"549\" \/>\n\t<meta property=\"og:image:type\" content=\"image\/jpeg\" \/>\n<meta name=\"twitter:card\" content=\"summary_large_image\" \/>\n<meta name=\"twitter:label1\" content=\"Dur\u00e9e de lecture estim\u00e9e\" \/>\n\t<meta name=\"twitter:data1\" content=\"1 minute\" \/>\n<script type=\"application\/ld+json\" class=\"yoast-schema-graph\">{\"@context\":\"https:\\\/\\\/schema.org\",\"@graph\":[{\"@type\":\"WebPage\",\"@id\":\"https:\\\/\\\/somme-compostelle.fr\\\/index.php\\\/produit\\\/chemin-damiens-a-rouen\\\/\",\"url\":\"https:\\\/\\\/somme-compostelle.fr\\\/index.php\\\/produit\\\/chemin-damiens-a-rouen\\\/\",\"name\":\"Chemin d'Amiens \u00e0 Rouen - Somme Compostelle\",\"isPartOf\":{\"@id\":\"https:\\\/\\\/somme-compostelle.fr\\\/#website\"},\"primaryImageOfPage\":{\"@id\":\"https:\\\/\\\/somme-compostelle.fr\\\/index.php\\\/produit\\\/chemin-damiens-a-rouen\\\/#primaryimage\"},\"image\":{\"@id\":\"https:\\\/\\\/somme-compostelle.fr\\\/index.php\\\/produit\\\/chemin-damiens-a-rouen\\\/#primaryimage\"},\"thumbnailUrl\":\"https:\\\/\\\/somme-compostelle.fr\\\/wp-content\\\/uploads\\\/2023\\\/11\\\/couvertureRouen.jpg\",\"datePublished\":\"2023-11-04T10:41:24+00:00\",\"dateModified\":\"2025-02-12T06:37:43+00:00\",\"breadcrumb\":{\"@id\":\"https:\\\/\\\/somme-compostelle.fr\\\/index.php\\\/produit\\\/chemin-damiens-a-rouen\\\/#breadcrumb\"},\"inLanguage\":\"fr-FR\",\"potentialAction\":[{\"@type\":\"ReadAction\",\"target\":[\"https:\\\/\\\/somme-compostelle.fr\\\/index.php\\\/produit\\\/chemin-damiens-a-rouen\\\/\"]}]},{\"@type\":\"ImageObject\",\"inLanguage\":\"fr-FR\",\"@id\":\"https:\\\/\\\/somme-compostelle.fr\\\/index.php\\\/produit\\\/chemin-damiens-a-rouen\\\/#primaryimage\",\"url\":\"https:\\\/\\\/somme-compostelle.fr\\\/wp-content\\\/uploads\\\/2023\\\/11\\\/couvertureRouen.jpg\",\"contentUrl\":\"https:\\\/\\\/somme-compostelle.fr\\\/wp-content\\\/uploads\\\/2023\\\/11\\\/couvertureRouen.jpg\",\"width\":380,\"height\":549},{\"@type\":\"BreadcrumbList\",\"@id\":\"https:\\\/\\\/somme-compostelle.fr\\\/index.php\\\/produit\\\/chemin-damiens-a-rouen\\\/#breadcrumb\",\"itemListElement\":[{\"@type\":\"ListItem\",\"position\":1,\"name\":\"Home\",\"item\":\"https:\\\/\\\/somme-compostelle.fr\\\/\"},{\"@type\":\"ListItem\",\"position\":2,\"name\":\"Chemin d&#8217;Amiens \u00e0 Rouen\"}]},{\"@type\":\"WebSite\",\"@id\":\"https:\\\/\\\/somme-compostelle.fr\\\/#website\",\"url\":\"https:\\\/\\\/somme-compostelle.fr\\\/\",\"name\":\"Somme Compostelle\",\"description\":\"Le chemin est la destination !\",\"publisher\":{\"@id\":\"https:\\\/\\\/somme-compostelle.fr\\\/#organization\"},\"potentialAction\":[{\"@type\":\"SearchAction\",\"target\":{\"@type\":\"EntryPoint\",\"urlTemplate\":\"https:\\\/\\\/somme-compostelle.fr\\\/?s={search_term_string}\"},\"query-input\":{\"@type\":\"PropertyValueSpecification\",\"valueRequired\":true,\"valueName\":\"search_term_string\"}}],\"inLanguage\":\"fr-FR\"},{\"@type\":\"Organization\",\"@id\":\"https:\\\/\\\/somme-compostelle.fr\\\/#organization\",\"name\":\"Somme Compostelle\",\"url\":\"https:\\\/\\\/somme-compostelle.fr\\\/\",\"logo\":{\"@type\":\"ImageObject\",\"inLanguage\":\"fr-FR\",\"@id\":\"https:\\\/\\\/somme-compostelle.fr\\\/#\\\/schema\\\/logo\\\/image\\\/\",\"url\":\"\",\"contentUrl\":\"\",\"caption\":\"Somme Compostelle\"},\"image\":{\"@id\":\"https:\\\/\\\/somme-compostelle.fr\\\/#\\\/schema\\\/logo\\\/image\\\/\"},\"sameAs\":[\"https:\\\/\\\/www.facebook.com\\\/sommeCompostelle\\\/\"]}]}<\/script>\n<!-- \/ Yoast SEO plugin. -->","yoast_head_json":{"title":"Chemin d'Amiens \u00e0 Rouen - Somme Compostelle","robots":{"index":"index","follow":"follow","max-snippet":"max-snippet:-1","max-image-preview":"max-image-preview:large","max-video-preview":"max-video-preview:-1"},"canonical":"https:\/\/somme-compostelle.fr\/index.php\/produit\/chemin-damiens-a-rouen\/","og_locale":"fr_FR","og_type":"article","og_title":"Chemin d'Amiens \u00e0 Rouen - Somme Compostelle","og_description":"Topo-guide qui permet de relier Amiens \u00e0 Rouen ensuivant le balisage des Chemin du Mont St Michel.","og_url":"https:\/\/somme-compostelle.fr\/index.php\/produit\/chemin-damiens-a-rouen\/","og_site_name":"Somme Compostelle","article_publisher":"https:\/\/www.facebook.com\/sommeCompostelle\/","article_modified_time":"2025-02-12T06:37:43+00:00","og_image":[{"width":380,"height":549,"url":"https:\/\/somme-compostelle.fr\/wp-content\/uploads\/2023\/11\/couvertureRouen.jpg","type":"image\/jpeg"}],"twitter_card":"summary_large_image","twitter_misc":{"Dur\u00e9e de lecture estim\u00e9e":"1 minute"},"schema":{"@context":"https:\/\/schema.org","@graph":[{"@type":"WebPage","@id":"https:\/\/somme-compostelle.fr\/index.php\/produit\/chemin-damiens-a-rouen\/","url":"https:\/\/somme-compostelle.fr\/index.php\/produit\/chemin-damiens-a-rouen\/","name":"Chemin d'Amiens \u00e0 Rouen - Somme Compostelle","isPartOf":{"@id":"https:\/\/somme-compostelle.fr\/#website"},"primaryImageOfPage":{"@id":"https:\/\/somme-compostelle.fr\/index.php\/produit\/chemin-damiens-a-rouen\/#primaryimage"},"image":{"@id":"https:\/\/somme-compostelle.fr\/index.php\/produit\/chemin-damiens-a-rouen\/#primaryimage"},"thumbnailUrl":"https:\/\/somme-compostelle.fr\/wp-content\/uploads\/2023\/11\/couvertureRouen.jpg","datePublished":"2023-11-04T10:41:24+00:00","dateModified":"2025-02-12T06:37:43+00:00","breadcrumb":{"@id":"https:\/\/somme-compostelle.fr\/index.php\/produit\/chemin-damiens-a-rouen\/#breadcrumb"},"inLanguage":"fr-FR","potentialAction":[{"@type":"ReadAction","target":["https:\/\/somme-compostelle.fr\/index.php\/produit\/chemin-damiens-a-rouen\/"]}]},{"@type":"ImageObject","inLanguage":"fr-FR","@id":"https:\/\/somme-compostelle.fr\/index.php\/produit\/chemin-damiens-a-rouen\/#primaryimage","url":"https:\/\/somme-compostelle.fr\/wp-content\/uploads\/2023\/11\/couvertureRouen.jpg","contentUrl":"https:\/\/somme-compostelle.fr\/wp-content\/uploads\/2023\/11\/couvertureRouen.jpg","width":380,"height":549},{"@type":"BreadcrumbList","@id":"https:\/\/somme-compostelle.fr\/index.php\/produit\/chemin-damiens-a-rouen\/#breadcrumb","itemListElement":[{"@type":"ListItem","position":1,"name":"Home","item":"https:\/\/somme-compostelle.fr\/"},{"@type":"ListItem","position":2,"name":"Chemin d&#8217;Amiens \u00e0 Rouen"}]},{"@type":"WebSite","@id":"https:\/\/somme-compostelle.fr\/#website","url":"https:\/\/somme-compostelle.fr\/","name":"Somme Compostelle","description":"Le chemin est la destination !","publisher":{"@id":"https:\/\/somme-compostelle.fr\/#organization"},"potentialAction":[{"@type":"SearchAction","target":{"@type":"EntryPoint","urlTemplate":"https:\/\/somme-compostelle.fr\/?s={search_term_string}"},"query-input":{"@type":"PropertyValueSpecification","valueRequired":true,"valueName":"search_term_string"}}],"inLanguage":"fr-FR"},{"@type":"Organization","@id":"https:\/\/somme-compostelle.fr\/#organization","name":"Somme Compostelle","url":"https:\/\/somme-compostelle.fr\/","logo":{"@type":"ImageObject","inLanguage":"fr-FR","@id":"https:\/\/somme-compostelle.fr\/#\/schema\/logo\/image\/","url":"","contentUrl":"","caption":"Somme Compostelle"},"image":{"@id":"https:\/\/somme-compostelle.fr\/#\/schema\/logo\/image\/"},"sameAs":["https:\/\/www.facebook.com\/sommeCompostelle\/"]}]}},"jetpack_likes_enabled":true,"jetpack_sharing_enabled":true,"_links":{"self":[{"href":"https:\/\/somme-compostelle.fr\/index.php\/wp-json\/wp\/v2\/product\/963","targetHints":{"allow":["GET"]}}],"collection":[{"href":"https:\/\/somme-compostelle.fr\/index.php\/wp-json\/wp\/v2\/product"}],"about":[{"href":"https:\/\/somme-compostelle.fr\/index.php\/wp-json\/wp\/v2\/types\/product"}],"replies":[{"embeddable":true,"href":"https:\/\/somme-compostelle.fr\/index.php\/wp-json\/wp\/v2\/comments?post=963"}],"wp:featuredmedia":[{"embeddable":true,"href":"https:\/\/somme-compostelle.fr\/index.php\/wp-json\/wp\/v2\/media\/972"}],"wp:attachment":[{"href":"https:\/\/somme-compostelle.fr\/index.php\/wp-json\/wp\/v2\/media?parent=963"}],"wp:term":[{"taxonomy":"product_brand","embeddable":true,"href":"https:\/\/somme-compostelle.fr\/index.php\/wp-json\/wp\/v2\/product_brand?post=963"},{"taxonomy":"product_cat","embeddable":true,"href":"https:\/\/somme-compostelle.fr\/index.php\/wp-json\/wp\/v2\/product_cat?post=963"},{"taxonomy":"product_tag","embeddable":true,"href":"https:\/\/somme-compostelle.fr\/index.php\/wp-json\/wp\/v2\/product_tag?post=963"}],"curies":[{"name":"wp","href":"https:\/\/api.w.org\/{rel}","templated":true}]}}