{"id":971,"date":"2023-11-04T14:59:33","date_gmt":"2023-11-04T13:59:33","guid":{"rendered":"https:\/\/www.somme-compostelle.fr\/?post_type=product&#038;p=971"},"modified":"2024-08-14T10:38:35","modified_gmt":"2024-08-14T08:38:35","slug":"carnet-du-miquelot","status":"publish","type":"product","link":"https:\/\/somme-compostelle.fr\/index.php\/produit\/carnet-du-miquelot\/","title":{"rendered":"Carnet du Miquelot"},"content":{"rendered":"\n<p><strong>\u00c0 l\u2019issue de votre voyage sur un des Chemins du Mont-Saint-Michel, le Dipl\u00f4me du miquelot vous sera d\u00e9livr\u00e9 sur pr\u00e9sentation de ce carnet tamponn\u00e9 (attestant au moins 3 \u00e9tapes) soit \u00e0 l\u2019Office de Tourisme soit \u00e0 la Librairie Silo\u00eb au Mont.<\/strong><\/p>\n\n\n\n<p>Les diff\u00e9rents tampons identitaires sont pr\u00e9sent\u00e9s \u00e0 la fin de chaque liste d\u2019h\u00e9bergements (ou &#8220;Miquelots pratiques&#8221;) t\u00e9l\u00e9chargeables sur le site, par chemin et dans l\u2019ordre du parcours, avec les coordonn\u00e9es de chaque point o\u00f9 ils sont disponibles. Au del\u00e0 de ces nouveaux tampons r\u00e9alis\u00e9s pour les miquelots, chacun fera \u00e9videmment tamponner son carnet au gr\u00e9 de son itin\u00e9rance, \u00e0 son h\u00e9bergement, en mairie, en office de tourisme, chez les commer\u00e7ants&#8230;. Le carnet est d\u2019abord le reflet du parcours de chacun et ne se limite pas \u00e0 un nombre ou \u00e0 une cat\u00e9gorie de tampons au d\u00e9triment des autres.<\/p>\n","protected":false},"excerpt":{"rendered":"<p>Dimensions\u00a0: H = 16 cm L = 9 cm<br \/>7 volets<br \/>possibilit\u00e9 de r\u00e9aliser 2 chemins avec un carnet<\/p>\n","protected":false},"featured_media":970,"comment_status":"open","ping_status":"closed","template":"","meta":{"_EventAllDay":false,"_EventTimezone":"","_EventStartDate":"","_EventEndDate":"","_EventStartDateUTC":"","_EventEndDateUTC":"","_EventShowMap":false,"_EventShowMapLink":false,"_EventURL":"","_EventCost":"","_EventCostDescription":"","_EventCurrencySymbol":"","_EventCurrencyCode":"","_EventCurrencyPosition":"","_EventDateTimeSeparator":"","_EventTimeRangeSeparator":"","_EventOrganizerID":[],"_EventVenueID":[],"_OrganizerEmail":"","_OrganizerPhone":"","_OrganizerWebsite":"","_VenueAddress":"","_VenueCity":"","_VenueCountry":"","_VenueProvince":"","_VenueState":"","_VenueZip":"","_VenuePhone":"","_VenueURL":"","_VenueStateProvince":"","_VenueLat":"","_VenueLng":"","_VenueShowMap":false,"_VenueShowMapLink":false},"product_brand":[],"product_cat":[58],"product_tag":[],"class_list":{"0":"post-971","1":"product","2":"type-product","3":"status-publish","4":"has-post-thumbnail","6":"product_cat-credentiales","7":"product_shipping_class-credentiales","9":"first","10":"outofstock","11":"purchasable","12":"product-type-simple"},"yoast_head":"<!-- This site is optimized with the Yoast SEO plugin v27.6 - https:\/\/yoast.com\/product\/yoast-seo-wordpress\/ -->\n<title>Carnet du Miquelot - Somme Compostelle<\/title>\n<meta name=\"robots\" content=\"index, follow, max-snippet:-1, max-image-preview:large, max-video-preview:-1\" \/>\n<link rel=\"canonical\" href=\"https:\/\/somme-compostelle.fr\/index.php\/produit\/carnet-du-miquelot\/\" \/>\n<meta property=\"og:locale\" content=\"fr_FR\" \/>\n<meta property=\"og:type\" content=\"article\" \/>\n<meta property=\"og:title\" content=\"Carnet du Miquelot - Somme Compostelle\" \/>\n<meta property=\"og:description\" content=\"Dimensions\u00a0: H = 16 cm L = 9 cm7 voletspossibilit\u00e9 de r\u00e9aliser 2 chemins avec un carnet\" \/>\n<meta property=\"og:url\" content=\"https:\/\/somme-compostelle.fr\/index.php\/produit\/carnet-du-miquelot\/\" \/>\n<meta property=\"og:site_name\" content=\"Somme Compostelle\" \/>\n<meta property=\"article:publisher\" content=\"https:\/\/www.facebook.com\/sommeCompostelle\/\" \/>\n<meta property=\"article:modified_time\" content=\"2024-08-14T08:38:35+00:00\" \/>\n<meta property=\"og:image\" content=\"https:\/\/somme-compostelle.fr\/wp-content\/uploads\/2023\/11\/carnetMiquelot.jpg\" \/>\n\t<meta property=\"og:image:width\" content=\"260\" \/>\n\t<meta property=\"og:image:height\" content=\"389\" \/>\n\t<meta property=\"og:image:type\" content=\"image\/jpeg\" \/>\n<meta name=\"twitter:card\" content=\"summary_large_image\" \/>\n<meta name=\"twitter:label1\" content=\"Dur\u00e9e de lecture estim\u00e9e\" \/>\n\t<meta name=\"twitter:data1\" content=\"1 minute\" \/>\n<script type=\"application\/ld+json\" class=\"yoast-schema-graph\">{\"@context\":\"https:\\\/\\\/schema.org\",\"@graph\":[{\"@type\":\"WebPage\",\"@id\":\"https:\\\/\\\/somme-compostelle.fr\\\/index.php\\\/produit\\\/carnet-du-miquelot\\\/\",\"url\":\"https:\\\/\\\/somme-compostelle.fr\\\/index.php\\\/produit\\\/carnet-du-miquelot\\\/\",\"name\":\"Carnet du Miquelot - Somme Compostelle\",\"isPartOf\":{\"@id\":\"https:\\\/\\\/somme-compostelle.fr\\\/#website\"},\"primaryImageOfPage\":{\"@id\":\"https:\\\/\\\/somme-compostelle.fr\\\/index.php\\\/produit\\\/carnet-du-miquelot\\\/#primaryimage\"},\"image\":{\"@id\":\"https:\\\/\\\/somme-compostelle.fr\\\/index.php\\\/produit\\\/carnet-du-miquelot\\\/#primaryimage\"},\"thumbnailUrl\":\"https:\\\/\\\/somme-compostelle.fr\\\/wp-content\\\/uploads\\\/2023\\\/11\\\/carnetMiquelot.jpg\",\"datePublished\":\"2023-11-04T13:59:33+00:00\",\"dateModified\":\"2024-08-14T08:38:35+00:00\",\"breadcrumb\":{\"@id\":\"https:\\\/\\\/somme-compostelle.fr\\\/index.php\\\/produit\\\/carnet-du-miquelot\\\/#breadcrumb\"},\"inLanguage\":\"fr-FR\",\"potentialAction\":[{\"@type\":\"ReadAction\",\"target\":[\"https:\\\/\\\/somme-compostelle.fr\\\/index.php\\\/produit\\\/carnet-du-miquelot\\\/\"]}]},{\"@type\":\"ImageObject\",\"inLanguage\":\"fr-FR\",\"@id\":\"https:\\\/\\\/somme-compostelle.fr\\\/index.php\\\/produit\\\/carnet-du-miquelot\\\/#primaryimage\",\"url\":\"https:\\\/\\\/somme-compostelle.fr\\\/wp-content\\\/uploads\\\/2023\\\/11\\\/carnetMiquelot.jpg\",\"contentUrl\":\"https:\\\/\\\/somme-compostelle.fr\\\/wp-content\\\/uploads\\\/2023\\\/11\\\/carnetMiquelot.jpg\",\"width\":260,\"height\":389},{\"@type\":\"BreadcrumbList\",\"@id\":\"https:\\\/\\\/somme-compostelle.fr\\\/index.php\\\/produit\\\/carnet-du-miquelot\\\/#breadcrumb\",\"itemListElement\":[{\"@type\":\"ListItem\",\"position\":1,\"name\":\"Home\",\"item\":\"https:\\\/\\\/somme-compostelle.fr\\\/\"},{\"@type\":\"ListItem\",\"position\":2,\"name\":\"Carnet du Miquelot\"}]},{\"@type\":\"WebSite\",\"@id\":\"https:\\\/\\\/somme-compostelle.fr\\\/#website\",\"url\":\"https:\\\/\\\/somme-compostelle.fr\\\/\",\"name\":\"Somme Compostelle\",\"description\":\"Le chemin est la destination !\",\"publisher\":{\"@id\":\"https:\\\/\\\/somme-compostelle.fr\\\/#organization\"},\"potentialAction\":[{\"@type\":\"SearchAction\",\"target\":{\"@type\":\"EntryPoint\",\"urlTemplate\":\"https:\\\/\\\/somme-compostelle.fr\\\/?s={search_term_string}\"},\"query-input\":{\"@type\":\"PropertyValueSpecification\",\"valueRequired\":true,\"valueName\":\"search_term_string\"}}],\"inLanguage\":\"fr-FR\"},{\"@type\":\"Organization\",\"@id\":\"https:\\\/\\\/somme-compostelle.fr\\\/#organization\",\"name\":\"Somme Compostelle\",\"url\":\"https:\\\/\\\/somme-compostelle.fr\\\/\",\"logo\":{\"@type\":\"ImageObject\",\"inLanguage\":\"fr-FR\",\"@id\":\"https:\\\/\\\/somme-compostelle.fr\\\/#\\\/schema\\\/logo\\\/image\\\/\",\"url\":\"\",\"contentUrl\":\"\",\"caption\":\"Somme Compostelle\"},\"image\":{\"@id\":\"https:\\\/\\\/somme-compostelle.fr\\\/#\\\/schema\\\/logo\\\/image\\\/\"},\"sameAs\":[\"https:\\\/\\\/www.facebook.com\\\/sommeCompostelle\\\/\"]}]}<\/script>\n<!-- \/ Yoast SEO plugin. -->","yoast_head_json":{"title":"Carnet du Miquelot - Somme Compostelle","robots":{"index":"index","follow":"follow","max-snippet":"max-snippet:-1","max-image-preview":"max-image-preview:large","max-video-preview":"max-video-preview:-1"},"canonical":"https:\/\/somme-compostelle.fr\/index.php\/produit\/carnet-du-miquelot\/","og_locale":"fr_FR","og_type":"article","og_title":"Carnet du Miquelot - Somme Compostelle","og_description":"Dimensions\u00a0: H = 16 cm L = 9 cm7 voletspossibilit\u00e9 de r\u00e9aliser 2 chemins avec un carnet","og_url":"https:\/\/somme-compostelle.fr\/index.php\/produit\/carnet-du-miquelot\/","og_site_name":"Somme Compostelle","article_publisher":"https:\/\/www.facebook.com\/sommeCompostelle\/","article_modified_time":"2024-08-14T08:38:35+00:00","og_image":[{"width":260,"height":389,"url":"https:\/\/somme-compostelle.fr\/wp-content\/uploads\/2023\/11\/carnetMiquelot.jpg","type":"image\/jpeg"}],"twitter_card":"summary_large_image","twitter_misc":{"Dur\u00e9e de lecture estim\u00e9e":"1 minute"},"schema":{"@context":"https:\/\/schema.org","@graph":[{"@type":"WebPage","@id":"https:\/\/somme-compostelle.fr\/index.php\/produit\/carnet-du-miquelot\/","url":"https:\/\/somme-compostelle.fr\/index.php\/produit\/carnet-du-miquelot\/","name":"Carnet du Miquelot - Somme Compostelle","isPartOf":{"@id":"https:\/\/somme-compostelle.fr\/#website"},"primaryImageOfPage":{"@id":"https:\/\/somme-compostelle.fr\/index.php\/produit\/carnet-du-miquelot\/#primaryimage"},"image":{"@id":"https:\/\/somme-compostelle.fr\/index.php\/produit\/carnet-du-miquelot\/#primaryimage"},"thumbnailUrl":"https:\/\/somme-compostelle.fr\/wp-content\/uploads\/2023\/11\/carnetMiquelot.jpg","datePublished":"2023-11-04T13:59:33+00:00","dateModified":"2024-08-14T08:38:35+00:00","breadcrumb":{"@id":"https:\/\/somme-compostelle.fr\/index.php\/produit\/carnet-du-miquelot\/#breadcrumb"},"inLanguage":"fr-FR","potentialAction":[{"@type":"ReadAction","target":["https:\/\/somme-compostelle.fr\/index.php\/produit\/carnet-du-miquelot\/"]}]},{"@type":"ImageObject","inLanguage":"fr-FR","@id":"https:\/\/somme-compostelle.fr\/index.php\/produit\/carnet-du-miquelot\/#primaryimage","url":"https:\/\/somme-compostelle.fr\/wp-content\/uploads\/2023\/11\/carnetMiquelot.jpg","contentUrl":"https:\/\/somme-compostelle.fr\/wp-content\/uploads\/2023\/11\/carnetMiquelot.jpg","width":260,"height":389},{"@type":"BreadcrumbList","@id":"https:\/\/somme-compostelle.fr\/index.php\/produit\/carnet-du-miquelot\/#breadcrumb","itemListElement":[{"@type":"ListItem","position":1,"name":"Home","item":"https:\/\/somme-compostelle.fr\/"},{"@type":"ListItem","position":2,"name":"Carnet du Miquelot"}]},{"@type":"WebSite","@id":"https:\/\/somme-compostelle.fr\/#website","url":"https:\/\/somme-compostelle.fr\/","name":"Somme Compostelle","description":"Le chemin est la destination !","publisher":{"@id":"https:\/\/somme-compostelle.fr\/#organization"},"potentialAction":[{"@type":"SearchAction","target":{"@type":"EntryPoint","urlTemplate":"https:\/\/somme-compostelle.fr\/?s={search_term_string}"},"query-input":{"@type":"PropertyValueSpecification","valueRequired":true,"valueName":"search_term_string"}}],"inLanguage":"fr-FR"},{"@type":"Organization","@id":"https:\/\/somme-compostelle.fr\/#organization","name":"Somme Compostelle","url":"https:\/\/somme-compostelle.fr\/","logo":{"@type":"ImageObject","inLanguage":"fr-FR","@id":"https:\/\/somme-compostelle.fr\/#\/schema\/logo\/image\/","url":"","contentUrl":"","caption":"Somme Compostelle"},"image":{"@id":"https:\/\/somme-compostelle.fr\/#\/schema\/logo\/image\/"},"sameAs":["https:\/\/www.facebook.com\/sommeCompostelle\/"]}]}},"jetpack_likes_enabled":true,"jetpack_sharing_enabled":true,"_links":{"self":[{"href":"https:\/\/somme-compostelle.fr\/index.php\/wp-json\/wp\/v2\/product\/971","targetHints":{"allow":["GET"]}}],"collection":[{"href":"https:\/\/somme-compostelle.fr\/index.php\/wp-json\/wp\/v2\/product"}],"about":[{"href":"https:\/\/somme-compostelle.fr\/index.php\/wp-json\/wp\/v2\/types\/product"}],"replies":[{"embeddable":true,"href":"https:\/\/somme-compostelle.fr\/index.php\/wp-json\/wp\/v2\/comments?post=971"}],"wp:featuredmedia":[{"embeddable":true,"href":"https:\/\/somme-compostelle.fr\/index.php\/wp-json\/wp\/v2\/media\/970"}],"wp:attachment":[{"href":"https:\/\/somme-compostelle.fr\/index.php\/wp-json\/wp\/v2\/media?parent=971"}],"wp:term":[{"taxonomy":"product_brand","embeddable":true,"href":"https:\/\/somme-compostelle.fr\/index.php\/wp-json\/wp\/v2\/product_brand?post=971"},{"taxonomy":"product_cat","embeddable":true,"href":"https:\/\/somme-compostelle.fr\/index.php\/wp-json\/wp\/v2\/product_cat?post=971"},{"taxonomy":"product_tag","embeddable":true,"href":"https:\/\/somme-compostelle.fr\/index.php\/wp-json\/wp\/v2\/product_tag?post=971"}],"curies":[{"name":"wp","href":"https:\/\/api.w.org\/{rel}","templated":true}]}}